{"id":16,"date":"2024-07-23T06:11:12","date_gmt":"2024-07-23T06:11:12","guid":{"rendered":"https:\/\/niagarapumps.ca\/index.php\/wishlist\/"},"modified":"2025-09-25T10:54:37","modified_gmt":"2025-09-25T10:54:37","slug":"contactez-nous","status":"publish","type":"page","link":"https:\/\/niagarapumps.ca\/fr\/contact-us\/","title":{"rendered":"Nous contacter"},"content":{"rendered":"<div data-elementor-type=\"wp-page\" data-elementor-id=\"16\" class=\"elementor elementor-16\">\n\t\t\t\t<div class=\"elementor-element elementor-element-15363ce e-flex e-con-boxed e-con e-parent\" data-id=\"15363ce\" data-element_type=\"container\" data-e-type=\"container\">\r\n\t\t\t\t\t<div class=\"e-con-inner\">\r\n\t\t\t\t<div class=\"elementor-element elementor-element-683cd45 elementor-widget elementor-widget-porto_ultimate_heading\" data-id=\"683cd45\" data-element_type=\"widget\" data-e-type=\"widget\" data-widget_type=\"porto_ultimate_heading.default\">\n\t\t\t\t\t<div class=\"porto-u-heading  porto-u-55ca8359258f9a412be7e73af65d2aac\"><div class=\"porto-u-main-heading\"><h2   >Magasins de pompes Niagara<\/h2><\/div><style>.porto-u-55ca8359258f9a412be7e73af65d2aac.porto-u-heading{text-align:center}<\/style><\/div>\t\t\t\t<\/div>\n\t\t\t\t\t<\/div>\n\t\t\t\t<\/div>\n\t\t<div class=\"elementor-element elementor-element-0822c05 e-grid e-con-boxed e-con e-parent\" data-id=\"0822c05\" data-element_type=\"container\" data-e-type=\"container\">\r\n\t\t\t\t\t<div class=\"e-con-inner\">\r\n\t\t\t\t<div class=\"elementor-element elementor-element-e8247b7 elementor-widget elementor-widget-porto_info_box\" data-id=\"e8247b7\" data-element_type=\"widget\" data-e-type=\"widget\" data-widget_type=\"porto_info_box.default\">\n\t\t\t\t\t<div class=\"porto-sicon-box style_1 top-icon\"><div class=\"porto-sicon-header\"><h3 class=\"porto-sicon-title\" style=\"\">Si\u00e8ge social. Canada<\/h3><p >MAGASIN 1<\/p><\/div> <!-- header --><div class=\"porto-sicon-description\" style=\"\" ><ul class=\"list-type-none\"><li style=\"margin-bottom: 6px;\"><i class=\"fas fa-map-marker-alt\"><\/i> 4 Avenue Laurier, Milton, Code Postal : L9T4V2, Ontario, Canada<\/li><li><i class=\"fas fa-phone\"><\/i> <a href=\"tel:0019055147742\u202c\">+1 (905) 514 7742<\/a><\/li><li><i class=\"fas fa-envelope\"><\/i> <a href=\"mailto:sales@niagarapumps.ca\" data-wplink-edit=\"true\">sales@niagarapumps.ca<\/a><\/li><\/ul><\/div> <!-- description --><\/div><!-- porto-sicon-box -->\t\t\t\t<\/div>\n\t\t\t\t<div class=\"elementor-element elementor-element-224eb96 elementor-widget elementor-widget-porto_info_box\" data-id=\"224eb96\" data-element_type=\"widget\" data-e-type=\"widget\" data-widget_type=\"porto_info_box.default\">\n\t\t\t\t\t<div class=\"porto-sicon-box style_1 top-icon\"><div class=\"porto-sicon-header\"><h3 class=\"porto-sicon-title\" style=\"\">KSA<\/h3><p >MAGASIN 2<\/p><\/div> <!-- header --><div class=\"porto-sicon-description\" style=\"\" ><ul class=\"list-type-none\"><li style=\"margin-bottom: 6px;\"><i class=\"fas fa-map-marker-alt\"><\/i> Riyad, Al-Karjh, Deuxi\u00e8me zone industrielle.<\/li><li><i class=\"fas fa-phone\"><\/i> <a href=\"tel:9200 122 86\">9200 122 86<\/a><\/li><li><i class=\"fas fa-envelope\"><\/i> <a href=\"mailto:ksa@niagarapumps.ca\">ksa@niagarapumps.ca<\/a><\/li><\/ul><\/div> <!-- description --><\/div><!-- porto-sicon-box -->\t\t\t\t<\/div>\n\t\t\t\t<div class=\"elementor-element elementor-element-e33e7ed elementor-widget elementor-widget-porto_info_box\" data-id=\"e33e7ed\" data-element_type=\"widget\" data-e-type=\"widget\" data-widget_type=\"porto_info_box.default\">\n\t\t\t\t\t<div class=\"porto-sicon-box style_1 top-icon\"><div class=\"porto-sicon-header\"><h3 class=\"porto-sicon-title\" style=\"\">Su\u00e8de<\/h3><p >MAGASIN 3<\/p><\/div> <!-- header --><div class=\"porto-sicon-description\" style=\"\" ><ul class=\"list-type-none\"><li style=\"margin-bottom: 6px;\"><i class=\"fas fa-map-marker-alt\"><\/i> Lisa Sass Gatan 12 G\u00f6teborg - Su\u00e8de.<\/li><li><i class=\"fas fa-phone\"><\/i> <a href=\"tel:+4 (670) 099 1626\u202c\">+4 (670) 099 1626<\/a><\/li><li><i class=\"fas fa-envelope\"><\/i> <a href=\"mailto:sweden@niagarapumps.ca\">sweden@niagarapumps.ca<\/a><\/li><\/ul><\/div> <!-- description --><\/div><!-- porto-sicon-box -->\t\t\t\t<\/div>\n\t\t\t\t<div class=\"elementor-element elementor-element-67f5ee1 elementor-widget elementor-widget-porto_info_box\" data-id=\"67f5ee1\" data-element_type=\"widget\" data-e-type=\"widget\" data-widget_type=\"porto_info_box.default\">\n\t\t\t\t\t<div class=\"porto-sicon-box style_1 top-icon\"><div class=\"porto-sicon-header\"><h3 class=\"porto-sicon-title\" style=\"\">Allemagne<\/h3><p >MAGASIN 4<\/p><\/div> <!-- header --><div class=\"porto-sicon-description\" style=\"\" ><ul class=\"list-type-none\"><li style=\"margin-bottom: 6px;\"><i class=\"fas fa-map-marker-alt\"><\/i> Bassinstr. 40 - 45139 Essen, Allemagne. -<\/li><li><i class=\"fas fa-phone\"><\/i> <a href=\"tel:+49 1575 0654155\u202c\u202c\">+49 1575 0654155<\/a><\/li><li><i class=\"fas fa-envelope\"><\/i> <a href=\"mailto:de@niagarapumps.ca\">de@niagarapumps.ca<\/a><\/li><\/ul><\/div> <!-- description --><\/div><!-- porto-sicon-box -->\t\t\t\t<\/div>\n\t\t\t\t<div class=\"elementor-element elementor-element-0959431 elementor-widget elementor-widget-porto_info_box\" data-id=\"0959431\" data-element_type=\"widget\" data-e-type=\"widget\" data-widget_type=\"porto_info_box.default\">\n\t\t\t\t\t<div class=\"porto-sicon-box style_1 top-icon\"><div class=\"porto-sicon-header\"><h3 class=\"porto-sicon-title\" style=\"\">\u00c9tats-Unis<\/h3><p >MAGASIN 5<\/p><\/div> <!-- header --><div class=\"porto-sicon-description\" style=\"\" ><ul class=\"list-type-none\"><li style=\"margin-bottom: 6px;\"><i class=\"fas fa-map-marker-alt\"><\/i> 8450 Cambridge Street, code postal 77054, Houston, Texas.<\/li><li><i class=\"fas fa-phone\"><\/i> <a href=\"tel:+1 (713) 363 1585\u202c\">+1 (713) 363 1585<\/a><\/li><li><i class=\"fas fa-envelope\"><\/i> <a href=\"mailto:usa@niagarapumps.ca\">usa@niagarapumps.ca<\/a><\/li><\/ul><\/div> <!-- description --><\/div><!-- porto-sicon-box -->\t\t\t\t<\/div>\n\t\t\t\t<div class=\"elementor-element elementor-element-6a3d735 elementor-widget elementor-widget-porto_info_box\" data-id=\"6a3d735\" data-element_type=\"widget\" data-e-type=\"widget\" data-widget_type=\"porto_info_box.default\">\n\t\t\t\t\t<div class=\"porto-sicon-box style_1 top-icon\"><div class=\"porto-sicon-header\"><h3 class=\"porto-sicon-title\" style=\"\">EAU<\/h3><p >MAGASIN 6<\/p><\/div> <!-- header --><div class=\"porto-sicon-description\" style=\"\" ><ul class=\"list-type-none\"><li style=\"margin-bottom: 6px;\"><i class=\"fas fa-map-marker-alt\"><\/i> B.C. 1300049 Zone franche d'Ajman, B\u00e2timent C1.<\/li><li><i class=\"fas fa-phone\"><\/i> <a href=\"tel:+(971) 5249 415 12\u202c\">+(971) 5249 415 12<\/a><\/li><li><i class=\"fas fa-envelope\"><\/i> <a href=\"mailto:uae@niagarapumps.ca\">uae@niagarapumps.ca<\/a><\/li><\/ul><\/div> <!-- description --><\/div><!-- porto-sicon-box -->\t\t\t\t<\/div>\n\t\t\t\t\t<\/div>\n\t\t\t\t<\/div>\n\t\t<div class=\"elementor-element elementor-element-3adb3b3 e-flex e-con-boxed e-con e-parent\" data-id=\"3adb3b3\" data-element_type=\"container\" data-e-type=\"container\">\r\n\t\t\t\t\t<div class=\"e-con-inner\">\r\n\t\t<div class=\"elementor-element elementor-element-057c403 e-con-full e-flex e-con e-child\" data-id=\"057c403\" data-element_type=\"container\" data-e-type=\"container\" data-settings=\"{&quot;background_background&quot;:&quot;classic&quot;}\">\r\n\t\t<div class=\"elementor-element elementor-element-c6ed97f e-con-full e-flex e-con e-child\" data-id=\"c6ed97f\" data-element_type=\"container\" data-e-type=\"container\">\r\n\t\t\t\t<div class=\"elementor-element elementor-element-450bf30 elementor-hidden-mobile elementor-widget elementor-widget-image\" data-id=\"450bf30\" data-element_type=\"widget\" data-e-type=\"widget\" data-widget_type=\"image.default\">\n\t\t\t\t\t\t\t\t\t\t\t\t\t\t\t<img decoding=\"async\" width=\"17\" height=\"94\" src=\"https:\/\/niagarapumps.ca\/wp-content\/uploads\/2024\/07\/shop50-slide-dots-block.png\" class=\"attachment-full size-full wp-image-1829\" alt=\"Image des points\" \/>\t\t\t\t\t\t\t\t\t\t\t\t\t\t\t<\/div>\n\t\t\t\t<div class=\"elementor-element elementor-element-8998ea1 elementor-widget elementor-widget-porto_info_box\" data-id=\"8998ea1\" data-element_type=\"widget\" data-e-type=\"widget\" data-widget_type=\"porto_info_box.default\">\n\t\t\t\t\t<div class=\"porto-sicon-box style_1 default-icon\"><div class=\"porto-sicon-default\"><div class=\"porto-just-icon-wrapper porto-sicon-img  porto-icon-d751713988987e9331980363e24189ce\" style=\"\"><img decoding=\"async\" class=\"img-icon\" alt=\"\" src=\"https:\/\/niagarapumps.ca\/wp-content\/uploads\/2024\/07\/shop50-question-icon.png\" width=\"61\" height=\"61\" \/><\/div><\/div><div class=\"porto-sicon-header\"><h2 class=\"porto-sicon-title\" style=\"\">Besoin d'aide ?<\/h2><p >Nous sommes l\u00e0 pour vous aider \u00e0 r\u00e9pondre \u00e0 toutes vos questions.<\/p><\/div> <!-- header --><\/div><!-- porto-sicon-box -->\t\t\t\t<\/div>\n\t\t\t\t<\/div>\n\t\t\t\t<div class=\"elementor-element elementor-element-8dffb48 elementor-widget elementor-widget-porto_contact_form\" data-id=\"8dffb48\" data-element_type=\"widget\" data-e-type=\"widget\" data-widget_type=\"porto_contact_form.default\">\n\t\t\t\t\t\n<div class=\"wpcf7 no-js\" id=\"wpcf7-f2502-o1\" lang=\"en-US\" dir=\"ltr\" data-wpcf7-id=\"2502\">\n<div class=\"screen-reader-response\"><p role=\"status\" aria-live=\"polite\" aria-atomic=\"true\"><\/p> <ul><\/ul><\/div>\n<form action=\"\/fr\/wp-json\/wp\/v2\/pages\/16#wpcf7-f2502-o1\" method=\"post\" class=\"wpcf7-form init\" aria-label=\"Contact form\" novalidate=\"novalidate\" data-status=\"init\" data-trp-original-action=\"\/fr\/wp-json\/wp\/v2\/pages\/16#wpcf7-f2502-o1\">\n<fieldset class=\"hidden-fields-container\"><input type=\"hidden\" name=\"_wpcf7\" value=\"2502\" \/><input type=\"hidden\" name=\"_wpcf7_version\" value=\"6.1.5\" \/><input type=\"hidden\" name=\"_wpcf7_locale\" value=\"en_US\" \/><input type=\"hidden\" name=\"_wpcf7_unit_tag\" value=\"wpcf7-f2502-o1\" \/><input type=\"hidden\" name=\"_wpcf7_container_post\" value=\"0\" \/><input type=\"hidden\" name=\"_wpcf7_posted_data_hash\" value=\"\" \/>\n<\/fieldset>\n<p style=\"margin-bottom: 21px;\"><span class=\"wpcf7-form-control-wrap\" data-name=\"your-name\"><input size=\"40\" maxlength=\"400\" class=\"wpcf7-form-control wpcf7-text wpcf7-validates-as-required form-control\" id=\"contact-name\" aria-required=\"true\" aria-invalid=\"false\" placeholder=\"Nom *\" value=\"\" type=\"text\" name=\"your-name\" \/><\/span><\/p>\n<p style=\"margin-bottom: 21px;\"><span class=\"wpcf7-form-control-wrap\" data-name=\"your-email\"><input size=\"40\" maxlength=\"400\" class=\"wpcf7-form-control wpcf7-email wpcf7-validates-as-required wpcf7-text wpcf7-validates-as-email form-control\" id=\"contact-email\" aria-required=\"true\" aria-invalid=\"false\" placeholder=\"Courriel\" value=\"\" type=\"email\" name=\"your-email\" \/><\/span><\/p>\n<p style=\"margin-bottom: 21px;\"><span class=\"wpcf7-form-control-wrap\" data-name=\"your-phone\"><input size=\"40\" maxlength=\"400\" class=\"wpcf7-form-control wpcf7-text wpcf7-validates-as-required form-control\" id=\"contact-phone\" aria-required=\"true\" aria-invalid=\"false\" placeholder=\"T\u00e9l\u00e9phone *\" value=\"\" type=\"text\" name=\"your-phone\" \/><\/span><\/p>\n<p style=\"margin-bottom: 21px;\"><span class=\"wpcf7-form-control-wrap\" data-name=\"your-message\"><textarea cols=\"40\" rows=\"8\" maxlength=\"2000\" class=\"wpcf7-form-control wpcf7-textarea wpcf7-validates-as-required form-control\" id=\"contact-message\" aria-required=\"true\" aria-invalid=\"false\" placeholder=\"Message *\" name=\"your-message\"><\/textarea><\/span><\/p>\n<p style=\"margin-bottom: 13px;\"><input class=\"wpcf7-form-control wpcf7-submit has-spinner btn btn-primary\" type=\"submit\" value=\"Soumettre\" \/><\/p><div class=\"wpcf7-response-output\" aria-hidden=\"true\"><\/div>\n<input type=\"hidden\" name=\"trp-form-language\" value=\"fr\"\/><\/form>\n<\/div>\n\t\t\t\t<\/div>\n\t\t\t\t<\/div>\n\t\t<div class=\"elementor-element elementor-element-400c308 e-con-full e-flex e-con e-child\" data-id=\"400c308\" data-element_type=\"container\" data-e-type=\"container\" data-settings=\"{&quot;background_background&quot;:&quot;classic&quot;}\">\r\n\t\t\t\t<div class=\"elementor-element elementor-element-75253b7 elementor-widget elementor-widget-google_maps\" data-id=\"75253b7\" data-element_type=\"widget\" data-e-type=\"widget\" data-widget_type=\"google_maps.default\">\n\t\t\t\t\t\t\t<div class=\"elementor-custom-embed\">\n\t\t\t<iframe loading=\"lazy\"\n\t\t\t\t\tsrc=\"https:\/\/maps.google.com\/maps?q=4%20Laurier%20Ave%2C%20Milton%2C%20Postal%20Code%3A%20L9T4V2%2C%20Ontario%2C%20Canada&#038;t=m&#038;z=7&#038;output=embed&#038;iwloc=near\"\n\t\t\t\t\ttitle=\"4 Avenue Laurier, Milton, Code Postal : L9T4V2, Ontario, Canada\"\n\t\t\t\t\taria-label=\"4 Avenue Laurier, Milton, Code Postal : L9T4V2, Ontario, Canada\"\n\t\t\t><\/iframe>\n\t\t<\/div>\n\t\t\t\t\t\t<\/div>\n\t\t\t\t<\/div>\n\t\t\t\t\t<\/div>\n\t\t\t\t<\/div>\n\t\t\t\t<\/div>","protected":false},"excerpt":{"rendered":"<p>Niagara Pumps Stores Head Office. Canada STORE 1 4 Laurier Ave, Milton, Postal Code: L9T4V2, Ontario, Canada +1 (905) 514 7742\u202c sales@niagarapumps.ca KSA STORE 2 Riyadh, Al-karjh, Second Industrial Area. 9200 122 86\u202c ksa@niagarapumps.ca Sweden STORE 3 Lisa sass Gatan 12 Gothenburg &#8211; Sweden. +4 (670) 099 1626\u202c\u202c sweden@niagarapumps.ca Germany STORE 4 Bassinstr. 40 &#8211; [&hellip;]<\/p>\n","protected":false},"author":1,"featured_media":0,"parent":0,"menu_order":0,"comment_status":"closed","ping_status":"closed","template":"","meta":{"content-type":"","footnotes":""},"class_list":["post-16","page","type-page","status-publish","hentry"],"_links":{"self":[{"href":"https:\/\/niagarapumps.ca\/fr\/wp-json\/wp\/v2\/pages\/16","targetHints":{"allow":["GET"]}}],"collection":[{"href":"https:\/\/niagarapumps.ca\/fr\/wp-json\/wp\/v2\/pages"}],"about":[{"href":"https:\/\/niagarapumps.ca\/fr\/wp-json\/wp\/v2\/types\/page"}],"author":[{"embeddable":true,"href":"https:\/\/niagarapumps.ca\/fr\/wp-json\/wp\/v2\/users\/1"}],"replies":[{"embeddable":true,"href":"https:\/\/niagarapumps.ca\/fr\/wp-json\/wp\/v2\/comments?post=16"}],"version-history":[{"count":87,"href":"https:\/\/niagarapumps.ca\/fr\/wp-json\/wp\/v2\/pages\/16\/revisions"}],"predecessor-version":[{"id":7663,"href":"https:\/\/niagarapumps.ca\/fr\/wp-json\/wp\/v2\/pages\/16\/revisions\/7663"}],"wp:attachment":[{"href":"https:\/\/niagarapumps.ca\/fr\/wp-json\/wp\/v2\/media?parent=16"}],"curies":[{"name":"wp","href":"https:\/\/api.w.org\/{rel}","templated":true}]}}