{"id":6687,"date":"2025-08-21T16:41:10","date_gmt":"2025-08-21T16:41:10","guid":{"rendered":"https:\/\/niagarapumps.ca\/?post_type=product&#038;p=6687"},"modified":"2025-09-25T11:47:21","modified_gmt":"2025-09-25T11:47:21","slug":"nsbp","status":"publish","type":"product","link":"https:\/\/niagarapumps.ca\/fr\/product\/nsbp\/","title":{"rendered":"NSBP"},"content":{"rendered":"<h3><strong>Applications :<\/strong><\/h3>\n<ul>\n<li>Une pompe de surpression intelligente dot\u00e9e d'un syst\u00e8me avanc\u00e9 de contr\u00f4le du d\u00e9bit int\u00e9gr\u00e9.<\/li>\n<li>Un capteur de pression lin\u00e9aire pour contr\u00f4ler la pression de d\u00e9marrage de la pompe.<\/li>\n<li>Convient aux maisons familiales, aux h\u00f4tels, \u00e0 l'irrigation des jardins et \u00e0 d'autres syst\u00e8mes de pressurisation de l'eau claire.<\/li>\n<\/ul>\n<h3><strong>Catalogue des produits :<\/strong><\/h3>\n<p><a href=\"https:\/\/niagarapumps.ca\/wp-content\/uploads\/2025\/08\/Smart-Pump-2025.pdf\" target=\"_blank\" rel=\"noopener\">Toutes les pompes intelligentes<\/a><\/p>","protected":false},"excerpt":{"rendered":"<p data-start=\"0\" data-end=\"122\">Pompe de surpression intelligente avec contr\u00f4le de d\u00e9bit int\u00e9gr\u00e9, id\u00e9ale pour les maisons, les h\u00f4tels et l'irrigation des jardins.<\/p>","protected":false},"featured_media":6429,"template":"","meta":{"content-type":""},"product_brand":[],"product_cat":[113,61],"product_tag":[],"class_list":{"0":"post-6687","1":"product","2":"type-product","3":"status-publish","4":"has-post-thumbnail","6":"product_cat-pumps","7":"product_cat-smart-pumps","9":"first","10":"instock","11":"shipping-taxable","12":"product-type-simple"},"_links":{"self":[{"href":"https:\/\/niagarapumps.ca\/fr\/wp-json\/wp\/v2\/product\/6687","targetHints":{"allow":["GET"]}}],"collection":[{"href":"https:\/\/niagarapumps.ca\/fr\/wp-json\/wp\/v2\/product"}],"about":[{"href":"https:\/\/niagarapumps.ca\/fr\/wp-json\/wp\/v2\/types\/product"}],"wp:featuredmedia":[{"embeddable":true,"href":"https:\/\/niagarapumps.ca\/fr\/wp-json\/wp\/v2\/media\/6429"}],"wp:attachment":[{"href":"https:\/\/niagarapumps.ca\/fr\/wp-json\/wp\/v2\/media?parent=6687"}],"wp:term":[{"taxonomy":"product_brand","embeddable":true,"href":"https:\/\/niagarapumps.ca\/fr\/wp-json\/wp\/v2\/product_brand?post=6687"},{"taxonomy":"product_cat","embeddable":true,"href":"https:\/\/niagarapumps.ca\/fr\/wp-json\/wp\/v2\/product_cat?post=6687"},{"taxonomy":"product_tag","embeddable":true,"href":"https:\/\/niagarapumps.ca\/fr\/wp-json\/wp\/v2\/product_tag?post=6687"}],"curies":[{"name":"wp","href":"https:\/\/api.w.org\/{rel}","templated":true}]}}