{"id":6688,"date":"2025-08-21T16:47:54","date_gmt":"2025-08-21T16:47:54","guid":{"rendered":"https:\/\/niagarapumps.ca\/?post_type=product&#038;p=6688"},"modified":"2025-09-25T11:46:48","modified_gmt":"2025-09-25T11:46:48","slug":"chlf-im","status":"publish","type":"product","link":"https:\/\/niagarapumps.ca\/fr\/product\/chlf-im\/","title":{"rendered":"CHLF-IM"},"content":{"rendered":"<h3><strong>Applications :<\/strong><\/h3>\n<ul>\n<li>Prise d'eau domestique.<\/li>\n<li>Relevage de l'eau de puits et augmentation de la pression des canalisations d'eau, en particulier pour augmenter la pression des canalisations d'eau chaude et des r\u00e9servoirs d'eau solaire.<\/li>\n<\/ul>\n<h3><strong>Catalogue des produits :<\/strong><\/h3>\n<p><a href=\"https:\/\/niagarapumps.ca\/wp-content\/uploads\/2025\/08\/Smart-Pump-2025.pdf\" target=\"_blank\" rel=\"noopener\">Toutes les pompes intelligentes<\/a><\/p>","protected":false},"excerpt":{"rendered":"<p>Pompe compacte CHLF-IM pour l'alimentation en eau domestique et la surpression, adapt\u00e9e aux syst\u00e8mes d'eau chaude et solaires jusqu'\u00e0 70\u00b0C.<\/p>","protected":false},"featured_media":6430,"template":"","meta":{"content-type":""},"product_brand":[],"product_cat":[113,61],"product_tag":[],"class_list":{"0":"post-6688","1":"product","2":"type-product","3":"status-publish","4":"has-post-thumbnail","6":"product_cat-pumps","7":"product_cat-smart-pumps","9":"first","10":"instock","11":"shipping-taxable","12":"product-type-simple"},"_links":{"self":[{"href":"https:\/\/niagarapumps.ca\/fr\/wp-json\/wp\/v2\/product\/6688","targetHints":{"allow":["GET"]}}],"collection":[{"href":"https:\/\/niagarapumps.ca\/fr\/wp-json\/wp\/v2\/product"}],"about":[{"href":"https:\/\/niagarapumps.ca\/fr\/wp-json\/wp\/v2\/types\/product"}],"wp:featuredmedia":[{"embeddable":true,"href":"https:\/\/niagarapumps.ca\/fr\/wp-json\/wp\/v2\/media\/6430"}],"wp:attachment":[{"href":"https:\/\/niagarapumps.ca\/fr\/wp-json\/wp\/v2\/media?parent=6688"}],"wp:term":[{"taxonomy":"product_brand","embeddable":true,"href":"https:\/\/niagarapumps.ca\/fr\/wp-json\/wp\/v2\/product_brand?post=6688"},{"taxonomy":"product_cat","embeddable":true,"href":"https:\/\/niagarapumps.ca\/fr\/wp-json\/wp\/v2\/product_cat?post=6688"},{"taxonomy":"product_tag","embeddable":true,"href":"https:\/\/niagarapumps.ca\/fr\/wp-json\/wp\/v2\/product_tag?post=6688"}],"curies":[{"name":"wp","href":"https:\/\/api.w.org\/{rel}","templated":true}]}}