{"id":6690,"date":"2025-08-21T17:05:12","date_gmt":"2025-08-21T17:05:12","guid":{"rendered":"https:\/\/niagarapumps.ca\/?post_type=product&#038;p=6690"},"modified":"2025-09-25T11:46:10","modified_gmt":"2025-09-25T11:46:10","slug":"ndl-50hz","status":"publish","type":"product","link":"https:\/\/niagarapumps.ca\/fr\/product\/ndl-50hz\/","title":{"rendered":"NDL 50Hz"},"content":{"rendered":"<h3><strong>Applications :<\/strong><\/h3>\n<ul>\n<li>Syst\u00e8me de chauffage : Cycle de chauffage, d\u00e9bit mixte de la chaudi\u00e8re, d\u00e9bit mixte de la temp\u00e9rature.<\/li>\n<li>Chauffage intermittent, r\u00e9cup\u00e9ration de chaleur des gaz d'\u00e9chappement, boucle hybride, circulation d'eau chaude sanitaire.<\/li>\n<li>Syst\u00e8me de climatisation : Circulation d'eau r\u00e9frig\u00e9r\u00e9e.<\/li>\n<li>Syst\u00e8me d'approvisionnement en eau : Filtration et transport, Pressurisation des canalisations.<\/li>\n<li>Production industrielle : Syst\u00e8mes de rin\u00e7age et de nettoyage, eau d'alimentation des chaudi\u00e8res, circulation de l'eau de refroidissement.<\/li>\n<li>Syst\u00e8mes de traitement de l'eau, \u00e9quipements et syst\u00e8mes de soutien.<\/li>\n<li>Syst\u00e8me de lutte contre l'incendie.<\/li>\n<\/ul>\n<h3><strong>Caract\u00e9ristiques :<\/strong><\/h3>\n<ul>\n<li><strong>Corps de pompe :<\/strong> HT200\/QT400.<\/li>\n<li><strong>Roue :<\/strong> HT200\/AISI304.<\/li>\n<li><strong>Classe des bo\u00eetiers :<\/strong> IP55.<\/li>\n<li><strong>Classe d'isolation :<\/strong> F.<\/li>\n<\/ul>\n<h3><strong>Catalogue des produits :<\/strong><\/h3>\n<p><a href=\"https:\/\/niagarapumps.ca\/wp-content\/uploads\/2025\/08\/In-line-Vertical-Pumps-50-60-Hz.pdf\" target=\"_blank\" rel=\"noopener\">50 Hz<\/a>\u00a0 | <a href=\"https:\/\/niagarapumps.ca\/wp-content\/uploads\/2025\/08\/In-line-Vertical-Pumps-50-60-Hz.pdf\" target=\"_blank\" rel=\"noopener\">60 Hz<\/a><\/p>","protected":false},"excerpt":{"rendered":"<p data-start=\"0\" data-end=\"133\">Pompe NDL de grande capacit\u00e9 pour les syst\u00e8mes de chauffage, de refroidissement et de circulation d'eau, fonctionnant de 15\u00b0C \u00e0 110\u00b0C.<\/p>","protected":false},"featured_media":6432,"template":"","meta":{"content-type":""},"product_brand":[],"product_cat":[75,64],"product_tag":[],"class_list":{"0":"post-6690","1":"product","2":"type-product","3":"status-publish","4":"has-post-thumbnail","6":"product_cat-50-hz","7":"product_cat-vertical-in-line-pumps","9":"first","10":"instock","11":"shipping-taxable","12":"product-type-simple"},"_links":{"self":[{"href":"https:\/\/niagarapumps.ca\/fr\/wp-json\/wp\/v2\/product\/6690","targetHints":{"allow":["GET"]}}],"collection":[{"href":"https:\/\/niagarapumps.ca\/fr\/wp-json\/wp\/v2\/product"}],"about":[{"href":"https:\/\/niagarapumps.ca\/fr\/wp-json\/wp\/v2\/types\/product"}],"wp:featuredmedia":[{"embeddable":true,"href":"https:\/\/niagarapumps.ca\/fr\/wp-json\/wp\/v2\/media\/6432"}],"wp:attachment":[{"href":"https:\/\/niagarapumps.ca\/fr\/wp-json\/wp\/v2\/media?parent=6690"}],"wp:term":[{"taxonomy":"product_brand","embeddable":true,"href":"https:\/\/niagarapumps.ca\/fr\/wp-json\/wp\/v2\/product_brand?post=6690"},{"taxonomy":"product_cat","embeddable":true,"href":"https:\/\/niagarapumps.ca\/fr\/wp-json\/wp\/v2\/product_cat?post=6690"},{"taxonomy":"product_tag","embeddable":true,"href":"https:\/\/niagarapumps.ca\/fr\/wp-json\/wp\/v2\/product_tag?post=6690"}],"curies":[{"name":"wp","href":"https:\/\/api.w.org\/{rel}","templated":true}]}}