{"id":7072,"date":"2025-08-26T19:19:39","date_gmt":"2025-08-26T19:19:39","guid":{"rendered":"https:\/\/niagarapumps.ca\/?post_type=product&#038;p=7072"},"modified":"2025-09-25T11:41:37","modified_gmt":"2025-09-25T11:41:37","slug":"cdlf-50hz","status":"publish","type":"product","link":"https:\/\/niagarapumps.ca\/fr\/product\/cdlf-50hz\/","title":{"rendered":"CDLF 50Hz"},"content":{"rendered":"<h3><strong>Applications :<\/strong><\/h3>\n<ul>\n<li class=\"translation-block\"><strong>Approvisionnement en eau:<\/strong> Filtration et transport de l'eau Distribution \u00e0 partir de l'eau Augmentation de la pression des canalisations.<\/li>\n<li><strong>Industriel :<\/strong> Surpression, transfert d'eau industrielle, alimentation des chaudi\u00e8res, refroidissement et climatisation, syst\u00e8mes de lutte contre l'incendie, transfert de liquides sp\u00e9ciaux, syst\u00e8mes d'irrigation g\u00e9n\u00e9raux.<\/li>\n<li><strong>Traitement de l'eau :<\/strong> Filtration, osmose inverse pour eau saum\u00e2tre.<\/li>\n<li><strong>Services de construction commerciale :<\/strong> Syst\u00e8mes d'eau r\u00e9frig\u00e9r\u00e9e, Syst\u00e8mes d'eau chaude, Surpression, Alimentation des chaudi\u00e8res, Syst\u00e8mes de lutte contre l'incendie, Syst\u00e8mes d'\u00e9nergie de quartier<\/li>\n<\/ul>\n<h3><strong>Caract\u00e9ristiques :<\/strong><\/h3>\n<ul>\n<li><strong>Corps de pompe :<\/strong> en fonte, joint d'\u00e9tanch\u00e9it\u00e9 \u00e0 cartouche.<\/li>\n<li><strong>Roue :<\/strong> SS304.<\/li>\n<\/ul>\n<h3><strong>Catalogue des produits :<\/strong><\/h3>\n<p><a href=\"https:\/\/niagarapumps.ca\/wp-content\/uploads\/2025\/08\/Vertical-multistage-centrifugal-pumps-50Hz.pdf\" target=\"_blank\" rel=\"noopener\">50 Hz<\/a>\u00a0 | <a href=\"https:\/\/niagarapumps.ca\/wp-content\/uploads\/2025\/08\/Vertical-multistage-centrifugal-pumps-60-Hz.pdf\" target=\"_blank\" rel=\"noopener\">60 Hz<\/a><\/p>","protected":false},"excerpt":{"rendered":"<p>Pompe verticale CDLF haute pression pour des applications polyvalentes dans le domaine de l'eau, fonctionnant dans une large gamme de temp\u00e9ratures allant de -40\u00b0C \u00e0 +180\u00b0C.<\/p>","protected":false},"featured_media":7073,"template":"","meta":{"content-type":""},"product_brand":[],"product_cat":[75,113,65],"product_tag":[],"class_list":{"0":"post-7072","1":"product","2":"type-product","3":"status-publish","4":"has-post-thumbnail","6":"product_cat-50-hz","7":"product_cat-pumps","8":"product_cat-vertical-multistage-centrifugal-pumps","10":"first","11":"instock","12":"shipping-taxable","13":"product-type-simple"},"_links":{"self":[{"href":"https:\/\/niagarapumps.ca\/fr\/wp-json\/wp\/v2\/product\/7072","targetHints":{"allow":["GET"]}}],"collection":[{"href":"https:\/\/niagarapumps.ca\/fr\/wp-json\/wp\/v2\/product"}],"about":[{"href":"https:\/\/niagarapumps.ca\/fr\/wp-json\/wp\/v2\/types\/product"}],"wp:featuredmedia":[{"embeddable":true,"href":"https:\/\/niagarapumps.ca\/fr\/wp-json\/wp\/v2\/media\/7073"}],"wp:attachment":[{"href":"https:\/\/niagarapumps.ca\/fr\/wp-json\/wp\/v2\/media?parent=7072"}],"wp:term":[{"taxonomy":"product_brand","embeddable":true,"href":"https:\/\/niagarapumps.ca\/fr\/wp-json\/wp\/v2\/product_brand?post=7072"},{"taxonomy":"product_cat","embeddable":true,"href":"https:\/\/niagarapumps.ca\/fr\/wp-json\/wp\/v2\/product_cat?post=7072"},{"taxonomy":"product_tag","embeddable":true,"href":"https:\/\/niagarapumps.ca\/fr\/wp-json\/wp\/v2\/product_tag?post=7072"}],"curies":[{"name":"wp","href":"https:\/\/api.w.org\/{rel}","templated":true}]}}