{"id":7110,"date":"2025-08-27T19:32:22","date_gmt":"2025-08-27T19:32:22","guid":{"rendered":"https:\/\/niagarapumps.ca\/?post_type=product&#038;p=7110"},"modified":"2025-09-25T11:40:10","modified_gmt":"2025-09-25T11:40:10","slug":"2fcm-50hz","status":"publish","type":"product","link":"https:\/\/niagarapumps.ca\/fr\/product\/2fcm-50hz\/","title":{"rendered":"2FCM 50Hz"},"content":{"rendered":"<h3><strong>Applications :<\/strong><\/h3>\n<ul>\n<li>Transf\u00e9rer de l'eau propre ou d'autres liquides dont les propri\u00e9t\u00e9s physiques et chimiques sont similaires \u00e0 celles de l'eau.<\/li>\n<li>Convient \u00e0 l'usage industriel et \u00e0 l'approvisionnement en eau des villes.<\/li>\n<li>Surpression pour les immeubles de grande hauteur et la lutte contre l'incendie<\/li>\n<li>Irrigation des jardins, transfert d'eau \u00e0 longue distance, chauffage, ventilation et climatisation.<\/li>\n<li>Circulation et surpression de l'eau froide et de l'eau chaude, et \u00e9quipement connexe, etc.<\/li>\n<\/ul>\n<h3><strong>Caract\u00e9ristiques :<\/strong><\/h3>\n<ul>\n<li><strong>Corps de pompe :<\/strong> Fonte HT 200<\/li>\n<li><strong>Roue :<\/strong> HPb59-1<\/li>\n<li><strong>Classe des bo\u00eetiers :<\/strong> IPX4<\/li>\n<li><strong>Classe d'isolation :<\/strong> F<\/li>\n<li><strong>2 \u00e9tages de roue<\/strong><\/li>\n<\/ul>\n<h3><strong>Catalogue des produits :<\/strong><\/h3>\n<p><a href=\"https:\/\/niagarapumps.ca\/wp-content\/uploads\/2025\/08\/Domestic-Pumps-50-HZ.pdf\" target=\"_blank\" rel=\"noopener\">50 Hz<\/a>\u00a0 | <a href=\"https:\/\/niagarapumps.ca\/wp-content\/uploads\/2025\/08\/Domestic-Pumps-60-HZ.pdf\" target=\"_blank\" rel=\"noopener\">60 Hz<\/a><\/p>","protected":false},"excerpt":{"rendered":"<p>Pompe en fonte \u00e0 haute performance con\u00e7ue pour le transfert d'eau, la surpression et les applications industrielles jusqu'\u00e0 60\u00b0C.<\/p>","protected":false},"featured_media":7417,"template":"","meta":{"content-type":""},"product_brand":[],"product_cat":[75,58,113],"product_tag":[],"class_list":{"0":"post-7110","1":"product","2":"type-product","3":"status-publish","4":"has-post-thumbnail","6":"product_cat-50-hz","7":"product_cat-domestic-pumps","8":"product_cat-pumps","10":"first","11":"instock","12":"shipping-taxable","13":"product-type-simple"},"_links":{"self":[{"href":"https:\/\/niagarapumps.ca\/fr\/wp-json\/wp\/v2\/product\/7110","targetHints":{"allow":["GET"]}}],"collection":[{"href":"https:\/\/niagarapumps.ca\/fr\/wp-json\/wp\/v2\/product"}],"about":[{"href":"https:\/\/niagarapumps.ca\/fr\/wp-json\/wp\/v2\/types\/product"}],"wp:featuredmedia":[{"embeddable":true,"href":"https:\/\/niagarapumps.ca\/fr\/wp-json\/wp\/v2\/media\/7417"}],"wp:attachment":[{"href":"https:\/\/niagarapumps.ca\/fr\/wp-json\/wp\/v2\/media?parent=7110"}],"wp:term":[{"taxonomy":"product_brand","embeddable":true,"href":"https:\/\/niagarapumps.ca\/fr\/wp-json\/wp\/v2\/product_brand?post=7110"},{"taxonomy":"product_cat","embeddable":true,"href":"https:\/\/niagarapumps.ca\/fr\/wp-json\/wp\/v2\/product_cat?post=7110"},{"taxonomy":"product_tag","embeddable":true,"href":"https:\/\/niagarapumps.ca\/fr\/wp-json\/wp\/v2\/product_tag?post=7110"}],"curies":[{"name":"wp","href":"https:\/\/api.w.org\/{rel}","templated":true}]}}