{"id":7119,"date":"2025-08-27T19:48:21","date_gmt":"2025-08-27T19:48:21","guid":{"rendered":"https:\/\/niagarapumps.ca\/?post_type=product&#038;p=7119"},"modified":"2025-09-25T11:39:10","modified_gmt":"2025-09-25T11:39:10","slug":"sms-60hz","status":"publish","type":"product","link":"https:\/\/niagarapumps.ca\/fr\/product\/sms-60hz\/","title":{"rendered":"SMS 60Hz"},"content":{"rendered":"<h3><strong>Applications :<\/strong><\/h3>\n<ul>\n<li>Applicable \u00e0 l'approvisionnement en eau des m\u00e9nages, au soutien des \u00e9quipements, \u00e0 la pressurisation des canalisations, \u00e0 l'arrosage des jardins, \u00e0 l'arrosage des serres de l\u00e9gumes,<\/li>\n<li>Pisciculture et \u00e9levage de volailles, industrie et exploitation mini\u00e8re Approvisionnement en eau et drainage des entreprises et des immeubles de grande hauteur<\/li>\n<li>Climatiseur central et syst\u00e8me de circulation de chauffage centralis\u00e9, etc.<\/li>\n<\/ul>\n<h3><strong>Caract\u00e9ristiques :<\/strong><\/h3>\n<ul>\n<li><strong>Corps de pompe :<\/strong> AISI304<\/li>\n<li><strong>Roue :<\/strong> AISI304<\/li>\n<li><strong>Classe des bo\u00eetiers :<\/strong> IPX4<\/li>\n<li><strong>Classe d'isolation :<\/strong> F<\/li>\n<\/ul>\n<h3><strong>Catalogue des produits :<\/strong><\/h3>\n<p><a href=\"https:\/\/niagarapumps.ca\/wp-content\/uploads\/2025\/08\/Domestic-Pumps-50-HZ.pdf\" target=\"_blank\" rel=\"noopener\">50 Hz<\/a>\u00a0 | <a href=\"https:\/\/niagarapumps.ca\/wp-content\/uploads\/2025\/08\/Domestic-Pumps-60-HZ.pdf\" target=\"_blank\" rel=\"noopener\">60 Hz<\/a><\/p>","protected":false},"excerpt":{"rendered":"<p data-start=\"0\" data-end=\"162\">La pompe SMS fournit une alimentation en eau et une pressurisation fiables pour les m\u00e9nages, l'agriculture, l'industrie et les syst\u00e8mes centralis\u00e9s de chauffage ou de refroidissement.<\/p>","protected":false},"featured_media":7118,"template":"","meta":{"content-type":""},"product_brand":[],"product_cat":[76,58,113],"product_tag":[],"class_list":{"0":"post-7119","1":"product","2":"type-product","3":"status-publish","4":"has-post-thumbnail","6":"product_cat-60-hz","7":"product_cat-domestic-pumps","8":"product_cat-pumps","10":"first","11":"instock","12":"shipping-taxable","13":"product-type-simple"},"_links":{"self":[{"href":"https:\/\/niagarapumps.ca\/fr\/wp-json\/wp\/v2\/product\/7119","targetHints":{"allow":["GET"]}}],"collection":[{"href":"https:\/\/niagarapumps.ca\/fr\/wp-json\/wp\/v2\/product"}],"about":[{"href":"https:\/\/niagarapumps.ca\/fr\/wp-json\/wp\/v2\/types\/product"}],"wp:featuredmedia":[{"embeddable":true,"href":"https:\/\/niagarapumps.ca\/fr\/wp-json\/wp\/v2\/media\/7118"}],"wp:attachment":[{"href":"https:\/\/niagarapumps.ca\/fr\/wp-json\/wp\/v2\/media?parent=7119"}],"wp:term":[{"taxonomy":"product_brand","embeddable":true,"href":"https:\/\/niagarapumps.ca\/fr\/wp-json\/wp\/v2\/product_brand?post=7119"},{"taxonomy":"product_cat","embeddable":true,"href":"https:\/\/niagarapumps.ca\/fr\/wp-json\/wp\/v2\/product_cat?post=7119"},{"taxonomy":"product_tag","embeddable":true,"href":"https:\/\/niagarapumps.ca\/fr\/wp-json\/wp\/v2\/product_tag?post=7119"}],"curies":[{"name":"wp","href":"https:\/\/api.w.org\/{rel}","templated":true}]}}