{"id":7134,"date":"2025-08-28T11:07:02","date_gmt":"2025-08-28T11:07:02","guid":{"rendered":"https:\/\/niagarapumps.ca\/?post_type=product&#038;p=7134"},"modified":"2025-09-25T11:35:22","modified_gmt":"2025-09-25T11:35:22","slug":"njm-50hz","status":"publish","type":"product","link":"https:\/\/niagarapumps.ca\/fr\/product\/njm-50hz\/","title":{"rendered":"NJM 50Hz"},"content":{"rendered":"<h3><strong>Applications :<\/strong><\/h3>\n<ul>\n<li>Transf\u00e9rer de l'eau propre ou d'autres liquides dont les propri\u00e9t\u00e9s physiques et chimiques sont similaires \u00e0 celles de l'eau.<\/li>\n<li>Convient pour les petits syst\u00e8mes d'alimentation en eau potable, les syst\u00e8mes d'arrosage automatique, les petits syst\u00e8mes de climatisation ou les \u00e9quipements auxiliaires, etc.<\/li>\n<\/ul>\n<h3><strong>Caract\u00e9ristiques :<\/strong><\/h3>\n<ul>\n<li><strong>Corps de pompe :<\/strong> Fonte HT 200<\/li>\n<li><strong>Roue :<\/strong> SS304 (Standard), PPO (Facultatif)<\/li>\n<li><strong>Classe des bo\u00eetiers :<\/strong> IPX4<\/li>\n<li><strong>Classe d'isolation :<\/strong> F<\/li>\n<\/ul>\n<h3><strong>Catalogue des produits :<\/strong><\/h3>\n<p><a href=\"https:\/\/niagarapumps.ca\/wp-content\/uploads\/2025\/08\/Domestic-Pumps-50-HZ.pdf\" target=\"_blank\" rel=\"noopener\">50 Hz<\/a>\u00a0 | <a href=\"https:\/\/niagarapumps.ca\/wp-content\/uploads\/2025\/08\/Domestic-Pumps-60-HZ.pdf\" target=\"_blank\" rel=\"noopener\">60 Hz<\/a><\/p>","protected":false},"excerpt":{"rendered":"<p data-start=\"0\" data-end=\"155\">La pompe NJM est con\u00e7ue pour un transfert efficace d'eau propre, id\u00e9ale pour l'approvisionnement en eau domestique, les syst\u00e8mes d'arrosage et l'industrie l\u00e9g\u00e8re.<\/p>","protected":false},"featured_media":7135,"template":"","meta":{"content-type":""},"product_brand":[],"product_cat":[75,58,113],"product_tag":[],"class_list":{"0":"post-7134","1":"product","2":"type-product","3":"status-publish","4":"has-post-thumbnail","6":"product_cat-50-hz","7":"product_cat-domestic-pumps","8":"product_cat-pumps","10":"first","11":"instock","12":"shipping-taxable","13":"product-type-simple"},"_links":{"self":[{"href":"https:\/\/niagarapumps.ca\/fr\/wp-json\/wp\/v2\/product\/7134","targetHints":{"allow":["GET"]}}],"collection":[{"href":"https:\/\/niagarapumps.ca\/fr\/wp-json\/wp\/v2\/product"}],"about":[{"href":"https:\/\/niagarapumps.ca\/fr\/wp-json\/wp\/v2\/types\/product"}],"wp:featuredmedia":[{"embeddable":true,"href":"https:\/\/niagarapumps.ca\/fr\/wp-json\/wp\/v2\/media\/7135"}],"wp:attachment":[{"href":"https:\/\/niagarapumps.ca\/fr\/wp-json\/wp\/v2\/media?parent=7134"}],"wp:term":[{"taxonomy":"product_brand","embeddable":true,"href":"https:\/\/niagarapumps.ca\/fr\/wp-json\/wp\/v2\/product_brand?post=7134"},{"taxonomy":"product_cat","embeddable":true,"href":"https:\/\/niagarapumps.ca\/fr\/wp-json\/wp\/v2\/product_cat?post=7134"},{"taxonomy":"product_tag","embeddable":true,"href":"https:\/\/niagarapumps.ca\/fr\/wp-json\/wp\/v2\/product_tag?post=7134"}],"curies":[{"name":"wp","href":"https:\/\/api.w.org\/{rel}","templated":true}]}}