{"id":7139,"date":"2025-08-28T11:16:43","date_gmt":"2025-08-28T11:16:43","guid":{"rendered":"https:\/\/niagarapumps.ca\/?post_type=product&#038;p=7139"},"modified":"2026-01-27T15:40:28","modified_gmt":"2026-01-27T15:40:28","slug":"fb-50hz","status":"publish","type":"product","link":"https:\/\/niagarapumps.ca\/fr\/product\/fb-50hz\/","title":{"rendered":"FB 50Hz"},"content":{"rendered":"<h3><strong>Applications :<\/strong><\/h3>\n<ul>\n<li>Circulation du chauffage, de la ventilation et de la climatisation (CVC), augmentation de la pression de l'eau chaude dans la famille.<\/li>\n<li>Maisons aliment\u00e9es par l'\u00e9nergie solaire, \u00e9quipements auxiliaires industriels, circulation de l'eau froide et de l'eau chaude, etc.<\/li>\n<li>Circulation d'eau pour le syst\u00e8me de chauffage central et urbain.<\/li>\n<li>Circulation de l'eau chaude sanitaire.<\/li>\n<\/ul>\n<h3><strong>Caract\u00e9ristiques :<\/strong><\/h3>\n<ul>\n<li><strong>Corps de pompe :<\/strong> Fonte ou laiton<\/li>\n<li><strong>Roue :<\/strong> OPP<\/li>\n<li><strong>Classe des bo\u00eetiers :<\/strong> IP44<\/li>\n<li><strong>Classe d'isolation :<\/strong> H<\/li>\n<\/ul>\n<h3><strong>Catalogue des produits :<\/strong><\/h3>\n<p><a href=\"https:\/\/niagarapumps.ca\/wp-content\/uploads\/2025\/08\/Domestic-Pumps-50-HZ.pdf\" target=\"_blank\" rel=\"noopener\">50 Hz<\/a>\u00a0 | <a href=\"https:\/\/niagarapumps.ca\/wp-content\/uploads\/2025\/08\/Domestic-Pumps-60-HZ.pdf\" target=\"_blank\" rel=\"noopener\">60 Hz<\/a><\/p>","protected":false},"excerpt":{"rendered":"<p data-start=\"0\" data-end=\"156\">La pompe FB assure une circulation efficace de l'eau chaude et de l'eau froide, ce qui la rend id\u00e9ale pour les syst\u00e8mes CVC, les maisons \u00e0 \u00e9nergie solaire et le chauffage domestique.<\/p>","protected":false},"featured_media":7140,"template":"","meta":{"content-type":""},"product_brand":[],"product_cat":[75,58,113],"product_tag":[],"class_list":{"0":"post-7139","1":"product","2":"type-product","3":"status-publish","4":"has-post-thumbnail","6":"product_cat-50-hz","7":"product_cat-domestic-pumps","8":"product_cat-pumps","10":"first","11":"instock","12":"shipping-taxable","13":"product-type-simple"},"_links":{"self":[{"href":"https:\/\/niagarapumps.ca\/fr\/wp-json\/wp\/v2\/product\/7139","targetHints":{"allow":["GET"]}}],"collection":[{"href":"https:\/\/niagarapumps.ca\/fr\/wp-json\/wp\/v2\/product"}],"about":[{"href":"https:\/\/niagarapumps.ca\/fr\/wp-json\/wp\/v2\/types\/product"}],"wp:featuredmedia":[{"embeddable":true,"href":"https:\/\/niagarapumps.ca\/fr\/wp-json\/wp\/v2\/media\/7140"}],"wp:attachment":[{"href":"https:\/\/niagarapumps.ca\/fr\/wp-json\/wp\/v2\/media?parent=7139"}],"wp:term":[{"taxonomy":"product_brand","embeddable":true,"href":"https:\/\/niagarapumps.ca\/fr\/wp-json\/wp\/v2\/product_brand?post=7139"},{"taxonomy":"product_cat","embeddable":true,"href":"https:\/\/niagarapumps.ca\/fr\/wp-json\/wp\/v2\/product_cat?post=7139"},{"taxonomy":"product_tag","embeddable":true,"href":"https:\/\/niagarapumps.ca\/fr\/wp-json\/wp\/v2\/product_tag?post=7139"}],"curies":[{"name":"wp","href":"https:\/\/api.w.org\/{rel}","templated":true}]}}