{"id":7151,"date":"2025-08-28T11:47:14","date_gmt":"2025-08-28T11:47:14","guid":{"rendered":"https:\/\/niagarapumps.ca\/?post_type=product&#038;p=7151"},"modified":"2025-09-25T11:33:03","modified_gmt":"2025-09-25T11:33:03","slug":"nphp","status":"publish","type":"product","link":"https:\/\/niagarapumps.ca\/fr\/product\/nphp\/","title":{"rendered":"NPHP"},"content":{"rendered":"<h3><strong>Applications :<\/strong><\/h3>\n<ul>\n<li>Approvisionnement en eau domestique et b\u00e2timents industriels.<\/li>\n<li>Transmission des liquides dans l'industrie l\u00e9g\u00e8re.<\/li>\n<li>Surpression de la pression de circulation.<\/li>\n<li>Syst\u00e8mes de refroidissement, syst\u00e8mes de climatisation, villas familiales.<\/li>\n<li>R\u00e9sidences concentr\u00e9es, petites communaut\u00e9s, \u00e9coles, petits h\u00f4tels, auberges, petits immeubles de bureaux.<\/li>\n<li>d'autres syst\u00e8mes d'approvisionnement en eau et d'augmentation de la consommation d'eau pour les particuliers et les petites entreprises.<\/li>\n<\/ul>\n<h3><strong>Catalogue des produits :<\/strong><\/h3>\n<p><a href=\"https:\/\/niagarapumps.ca\/wp-content\/uploads\/2025\/08\/Smart-Pump-2025.pdf\" target=\"_blank\" rel=\"noopener\">Toutes les pompes intelligentes<\/a><\/p>","protected":false},"excerpt":{"rendered":"<p data-start=\"0\" data-end=\"137\">La pompe NPHP assure une alimentation en eau fiable et une augmentation de la pression pour les habitations, les petites industries et les b\u00e2timents commerciaux.<\/p>","protected":false},"featured_media":7152,"template":"","meta":{"content-type":""},"product_brand":[],"product_cat":[113,61],"product_tag":[],"class_list":{"0":"post-7151","1":"product","2":"type-product","3":"status-publish","4":"has-post-thumbnail","6":"product_cat-pumps","7":"product_cat-smart-pumps","9":"first","10":"instock","11":"shipping-taxable","12":"product-type-simple"},"_links":{"self":[{"href":"https:\/\/niagarapumps.ca\/fr\/wp-json\/wp\/v2\/product\/7151","targetHints":{"allow":["GET"]}}],"collection":[{"href":"https:\/\/niagarapumps.ca\/fr\/wp-json\/wp\/v2\/product"}],"about":[{"href":"https:\/\/niagarapumps.ca\/fr\/wp-json\/wp\/v2\/types\/product"}],"wp:featuredmedia":[{"embeddable":true,"href":"https:\/\/niagarapumps.ca\/fr\/wp-json\/wp\/v2\/media\/7152"}],"wp:attachment":[{"href":"https:\/\/niagarapumps.ca\/fr\/wp-json\/wp\/v2\/media?parent=7151"}],"wp:term":[{"taxonomy":"product_brand","embeddable":true,"href":"https:\/\/niagarapumps.ca\/fr\/wp-json\/wp\/v2\/product_brand?post=7151"},{"taxonomy":"product_cat","embeddable":true,"href":"https:\/\/niagarapumps.ca\/fr\/wp-json\/wp\/v2\/product_cat?post=7151"},{"taxonomy":"product_tag","embeddable":true,"href":"https:\/\/niagarapumps.ca\/fr\/wp-json\/wp\/v2\/product_tag?post=7151"}],"curies":[{"name":"wp","href":"https:\/\/api.w.org\/{rel}","templated":true}]}}