{"id":7153,"date":"2025-08-28T11:49:12","date_gmt":"2025-08-28T11:49:12","guid":{"rendered":"https:\/\/niagarapumps.ca\/?post_type=product&#038;p=7153"},"modified":"2025-09-25T11:32:47","modified_gmt":"2025-09-25T11:32:47","slug":"chl-im","status":"publish","type":"product","link":"https:\/\/niagarapumps.ca\/fr\/product\/chl-im\/","title":{"rendered":"CHL-IM"},"content":{"rendered":"<h3><strong>Applications :<\/strong><\/h3>\n<ul>\n<li>Prise d'eau domestique.<\/li>\n<li>Relevage de l'eau de puits et augmentation de la pression des canalisations d'eau, en particulier pour augmenter la pression des canalisations d'eau chaude et des r\u00e9servoirs d'eau solaire.<\/li>\n<\/ul>\n<h3><strong>Catalogue des produits :<\/strong><\/h3>\n<p><a href=\"https:\/\/niagarapumps.ca\/wp-content\/uploads\/2025\/08\/Smart-Pump-2025.pdf\" target=\"_blank\" rel=\"noopener\">Toutes les pompes intelligentes<\/a><\/p>","protected":false},"excerpt":{"rendered":"<p data-start=\"0\" data-end=\"153\">La pompe CHL-IM est con\u00e7ue pour la prise d'eau domestique et l'augmentation de la pression dans les canalisations, id\u00e9ale pour les syst\u00e8mes d'eau chaude et les r\u00e9servoirs d'eau solaire.<\/p>","protected":false},"featured_media":7154,"template":"","meta":{"content-type":""},"product_brand":[],"product_cat":[113,61],"product_tag":[],"class_list":{"0":"post-7153","1":"product","2":"type-product","3":"status-publish","4":"has-post-thumbnail","6":"product_cat-pumps","7":"product_cat-smart-pumps","9":"first","10":"instock","11":"shipping-taxable","12":"product-type-simple"},"_links":{"self":[{"href":"https:\/\/niagarapumps.ca\/fr\/wp-json\/wp\/v2\/product\/7153","targetHints":{"allow":["GET"]}}],"collection":[{"href":"https:\/\/niagarapumps.ca\/fr\/wp-json\/wp\/v2\/product"}],"about":[{"href":"https:\/\/niagarapumps.ca\/fr\/wp-json\/wp\/v2\/types\/product"}],"wp:featuredmedia":[{"embeddable":true,"href":"https:\/\/niagarapumps.ca\/fr\/wp-json\/wp\/v2\/media\/7154"}],"wp:attachment":[{"href":"https:\/\/niagarapumps.ca\/fr\/wp-json\/wp\/v2\/media?parent=7153"}],"wp:term":[{"taxonomy":"product_brand","embeddable":true,"href":"https:\/\/niagarapumps.ca\/fr\/wp-json\/wp\/v2\/product_brand?post=7153"},{"taxonomy":"product_cat","embeddable":true,"href":"https:\/\/niagarapumps.ca\/fr\/wp-json\/wp\/v2\/product_cat?post=7153"},{"taxonomy":"product_tag","embeddable":true,"href":"https:\/\/niagarapumps.ca\/fr\/wp-json\/wp\/v2\/product_tag?post=7153"}],"curies":[{"name":"wp","href":"https:\/\/api.w.org\/{rel}","templated":true}]}}