{"id":7155,"date":"2025-08-28T11:53:00","date_gmt":"2025-08-28T11:53:00","guid":{"rendered":"https:\/\/niagarapumps.ca\/?post_type=product&#038;p=7155"},"modified":"2026-01-21T11:58:14","modified_gmt":"2026-01-21T11:58:14","slug":"nphm","status":"publish","type":"product","link":"https:\/\/niagarapumps.ca\/fr\/product\/nphm\/","title":{"rendered":"NPHM"},"content":{"rendered":"<h3><strong>Applications :<\/strong><\/h3>\n<ul>\n<li>Moteur sans balai \u00e0 aimant permanent.<\/li>\n<li>Tr\u00e8s facile \u00e0 r\u00e9gler et \u00e0 utiliser.<\/li>\n<li>Les produits sont tr\u00e8s \u00e9l\u00e9gants et suivent le principe de la simplification, ce qui vous donne l'impression d'\u00eatre au plus haut niveau des h\u00f4tels \u00e9toil\u00e9s.<\/li>\n<\/ul>\n<h3><strong>Catalogue des produits :<\/strong><\/h3>\n<p><a href=\"https:\/\/niagarapumps.ca\/wp-content\/uploads\/2025\/08\/Smart-Pump-2025.pdf\" target=\"_blank\" rel=\"noopener\">Toutes les pompes intelligentes<\/a><\/p>","protected":false},"excerpt":{"rendered":"<p data-start=\"0\" data-end=\"143\">La pompe NPHM combine un moteur sans balai \u00e0 aimant permanent avec un fonctionnement facile et un design \u00e9l\u00e9gant pour une augmentation fiable de la quantit\u00e9 d'eau.<\/p>","protected":false},"featured_media":7156,"template":"","meta":{"content-type":""},"product_brand":[],"product_cat":[113,61],"product_tag":[],"class_list":{"0":"post-7155","1":"product","2":"type-product","3":"status-publish","4":"has-post-thumbnail","6":"product_cat-pumps","7":"product_cat-smart-pumps","9":"first","10":"instock","11":"shipping-taxable","12":"product-type-simple"},"_links":{"self":[{"href":"https:\/\/niagarapumps.ca\/fr\/wp-json\/wp\/v2\/product\/7155","targetHints":{"allow":["GET"]}}],"collection":[{"href":"https:\/\/niagarapumps.ca\/fr\/wp-json\/wp\/v2\/product"}],"about":[{"href":"https:\/\/niagarapumps.ca\/fr\/wp-json\/wp\/v2\/types\/product"}],"wp:featuredmedia":[{"embeddable":true,"href":"https:\/\/niagarapumps.ca\/fr\/wp-json\/wp\/v2\/media\/7156"}],"wp:attachment":[{"href":"https:\/\/niagarapumps.ca\/fr\/wp-json\/wp\/v2\/media?parent=7155"}],"wp:term":[{"taxonomy":"product_brand","embeddable":true,"href":"https:\/\/niagarapumps.ca\/fr\/wp-json\/wp\/v2\/product_brand?post=7155"},{"taxonomy":"product_cat","embeddable":true,"href":"https:\/\/niagarapumps.ca\/fr\/wp-json\/wp\/v2\/product_cat?post=7155"},{"taxonomy":"product_tag","embeddable":true,"href":"https:\/\/niagarapumps.ca\/fr\/wp-json\/wp\/v2\/product_tag?post=7155"}],"curies":[{"name":"wp","href":"https:\/\/api.w.org\/{rel}","templated":true}]}}