{"id":7177,"date":"2025-08-28T12:56:14","date_gmt":"2025-08-28T12:56:14","guid":{"rendered":"https:\/\/niagarapumps.ca\/?post_type=product&#038;p=7177"},"modified":"2025-09-25T11:30:00","modified_gmt":"2025-09-25T11:30:00","slug":"hb","status":"publish","type":"product","link":"https:\/\/niagarapumps.ca\/fr\/product\/hb\/","title":{"rendered":"HB"},"content":{"rendered":"<h3><strong>Applications :<\/strong><\/h3>\n<ul>\n<li>Manchon de protection en acier inoxydable.<\/li>\n<li>La pompe est applicable \u00e0 la pompe de circulation de surpression d'eau froide et d'eau chaude en dessous de 100 \u00b0C.<\/li>\n<li>Augmente l'approvisionnement en eau lorsque la pression de l'eau du robinet est trop faible.<\/li>\n<li>Augmenter la pression de l'approvisionnement en eau gr\u00e2ce \u00e0 l'\u00e9nergie de l'air et aux chauffe-eau solaires.<\/li>\n<li>Machine \u00e0 laver domestique \u00e0 faible pression d'eau et installations d'approvisionnement en eau.<\/li>\n<li>Augmentation de la pression de circulation de l'eau chaude de la chaudi\u00e8re.<\/li>\n<li>\u00c9quipement industriel circulation de surpression de liquide.<\/li>\n<\/ul>\n<h3><strong>Catalogue des produits :<\/strong><\/h3>\n<p><a href=\"https:\/\/niagarapumps.ca\/wp-content\/uploads\/2025\/08\/Smart-Pump-2025.pdf\" target=\"_blank\" rel=\"noopener\">Toutes les pompes intelligentes<\/a><\/p>","protected":false},"excerpt":{"rendered":"<p data-start=\"0\" data-end=\"127\">La pompe HB est con\u00e7ue pour augmenter la pression et la circulation de l'eau dans les syst\u00e8mes d'eau chaude et froide jusqu'\u00e0 100\u00b0C.<\/p>","protected":false},"featured_media":7178,"template":"","meta":{"content-type":""},"product_brand":[],"product_cat":[75,113,61],"product_tag":[],"class_list":{"0":"post-7177","1":"product","2":"type-product","3":"status-publish","4":"has-post-thumbnail","6":"product_cat-50-hz","7":"product_cat-pumps","8":"product_cat-smart-pumps","10":"first","11":"instock","12":"shipping-taxable","13":"product-type-simple"},"_links":{"self":[{"href":"https:\/\/niagarapumps.ca\/fr\/wp-json\/wp\/v2\/product\/7177","targetHints":{"allow":["GET"]}}],"collection":[{"href":"https:\/\/niagarapumps.ca\/fr\/wp-json\/wp\/v2\/product"}],"about":[{"href":"https:\/\/niagarapumps.ca\/fr\/wp-json\/wp\/v2\/types\/product"}],"wp:featuredmedia":[{"embeddable":true,"href":"https:\/\/niagarapumps.ca\/fr\/wp-json\/wp\/v2\/media\/7178"}],"wp:attachment":[{"href":"https:\/\/niagarapumps.ca\/fr\/wp-json\/wp\/v2\/media?parent=7177"}],"wp:term":[{"taxonomy":"product_brand","embeddable":true,"href":"https:\/\/niagarapumps.ca\/fr\/wp-json\/wp\/v2\/product_brand?post=7177"},{"taxonomy":"product_cat","embeddable":true,"href":"https:\/\/niagarapumps.ca\/fr\/wp-json\/wp\/v2\/product_cat?post=7177"},{"taxonomy":"product_tag","embeddable":true,"href":"https:\/\/niagarapumps.ca\/fr\/wp-json\/wp\/v2\/product_tag?post=7177"}],"curies":[{"name":"wp","href":"https:\/\/api.w.org\/{rel}","templated":true}]}}