{"id":7193,"date":"2025-08-28T14:02:59","date_gmt":"2025-08-28T14:02:59","guid":{"rendered":"https:\/\/niagarapumps.ca\/?post_type=product&#038;p=7193"},"modified":"2025-09-25T11:27:54","modified_gmt":"2025-09-25T11:27:54","slug":"wq-im","status":"publish","type":"product","link":"https:\/\/niagarapumps.ca\/fr\/product\/wq-im\/","title":{"rendered":"WQ-IM"},"content":{"rendered":"<h3><strong>Applications :<\/strong><\/h3>\n<ul>\n<li>Rejet d'eaux us\u00e9es par les entreprises. 2. Syst\u00e8me d'\u00e9vacuation des stations d'\u00e9puration urbaines.<\/li>\n<li>Station de drainage du m\u00e9tro, sous-sol, syst\u00e8me de d\u00e9fense a\u00e9rienne civile.<\/li>\n<li>Rejets d'eaux us\u00e9es des h\u00f4pitaux, des h\u00f4tels et des immeubles de grande hauteur. 5. Station d'\u00e9puration des eaux us\u00e9es dans les zones r\u00e9sidentielles.<\/li>\n<\/ul>\n<h3><strong>Catalogue des produits :<\/strong><\/h3>\n<p><a href=\"https:\/\/niagarapumps.ca\/wp-content\/uploads\/2025\/08\/Smart-Pump-2025.pdf\" target=\"_blank\" rel=\"noopener\">Toutes les pompes intelligentes<\/a><\/p>","protected":false},"excerpt":{"rendered":"<p data-start=\"0\" data-end=\"138\">La pompe WQ-IM est con\u00e7ue pour l'\u00e9vacuation des eaux us\u00e9es dans les entreprises, les h\u00f4pitaux, les stations de m\u00e9tro et les zones r\u00e9sidentielles.<\/p>","protected":false},"featured_media":7194,"template":"","meta":{"content-type":""},"product_brand":[],"product_cat":[75,113,61],"product_tag":[],"class_list":{"0":"post-7193","1":"product","2":"type-product","3":"status-publish","4":"has-post-thumbnail","6":"product_cat-50-hz","7":"product_cat-pumps","8":"product_cat-smart-pumps","10":"first","11":"instock","12":"shipping-taxable","13":"product-type-simple"},"_links":{"self":[{"href":"https:\/\/niagarapumps.ca\/fr\/wp-json\/wp\/v2\/product\/7193","targetHints":{"allow":["GET"]}}],"collection":[{"href":"https:\/\/niagarapumps.ca\/fr\/wp-json\/wp\/v2\/product"}],"about":[{"href":"https:\/\/niagarapumps.ca\/fr\/wp-json\/wp\/v2\/types\/product"}],"wp:featuredmedia":[{"embeddable":true,"href":"https:\/\/niagarapumps.ca\/fr\/wp-json\/wp\/v2\/media\/7194"}],"wp:attachment":[{"href":"https:\/\/niagarapumps.ca\/fr\/wp-json\/wp\/v2\/media?parent=7193"}],"wp:term":[{"taxonomy":"product_brand","embeddable":true,"href":"https:\/\/niagarapumps.ca\/fr\/wp-json\/wp\/v2\/product_brand?post=7193"},{"taxonomy":"product_cat","embeddable":true,"href":"https:\/\/niagarapumps.ca\/fr\/wp-json\/wp\/v2\/product_cat?post=7193"},{"taxonomy":"product_tag","embeddable":true,"href":"https:\/\/niagarapumps.ca\/fr\/wp-json\/wp\/v2\/product_tag?post=7193"}],"curies":[{"name":"wp","href":"https:\/\/api.w.org\/{rel}","templated":true}]}}