{"id":7205,"date":"2025-08-28T14:24:16","date_gmt":"2025-08-28T14:24:16","guid":{"rendered":"https:\/\/niagarapumps.ca\/?post_type=product&#038;p=7205"},"modified":"2025-09-25T11:23:14","modified_gmt":"2025-09-25T11:23:14","slug":"nsp","status":"publish","type":"product","link":"https:\/\/niagarapumps.ca\/fr\/product\/nsp\/","title":{"rendered":"PSN"},"content":{"rendered":"<h3><strong>Applications :<\/strong><\/h3>\n<ul>\n<li>Une pompe p\u00e9riph\u00e9rique intelligente.<\/li>\n<li>Syst\u00e8me avanc\u00e9 de contr\u00f4le du d\u00e9bit int\u00e9gr\u00e9.<\/li>\n<li>Un capteur de pression lin\u00e9aire pour contr\u00f4ler la pression de d\u00e9marrage.<\/li>\n<li>Convient au pompage de l'eau de puits, \u00e0 la maison familiale, \u00e0 l'h\u00f4tel, \u00e0 l'irrigation des jardins et \u00e0 d'autres syst\u00e8mes de pressurisation de l'eau claire.<\/li>\n<\/ul>\n<h3><strong>Catalogue des produits :<\/strong><\/h3>\n<p><a href=\"https:\/\/niagarapumps.ca\/wp-content\/uploads\/2025\/08\/Smart-Pump-2025.pdf\" target=\"_blank\" rel=\"noopener\">Toutes les pompes intelligentes<\/a><\/p>","protected":false},"excerpt":{"rendered":"<p data-start=\"0\" data-end=\"141\">La pompe NSP est une pompe p\u00e9riph\u00e9rique intelligente avec un contr\u00f4le avanc\u00e9 du d\u00e9bit, parfaite pour les puits, les maisons, les h\u00f4tels et l'irrigation des jardins.<\/p>","protected":false},"featured_media":7206,"template":"","meta":{"content-type":""},"product_brand":[],"product_cat":[113,61],"product_tag":[],"class_list":{"0":"post-7205","1":"product","2":"type-product","3":"status-publish","4":"has-post-thumbnail","6":"product_cat-pumps","7":"product_cat-smart-pumps","9":"first","10":"instock","11":"shipping-taxable","12":"product-type-simple"},"_links":{"self":[{"href":"https:\/\/niagarapumps.ca\/fr\/wp-json\/wp\/v2\/product\/7205","targetHints":{"allow":["GET"]}}],"collection":[{"href":"https:\/\/niagarapumps.ca\/fr\/wp-json\/wp\/v2\/product"}],"about":[{"href":"https:\/\/niagarapumps.ca\/fr\/wp-json\/wp\/v2\/types\/product"}],"wp:featuredmedia":[{"embeddable":true,"href":"https:\/\/niagarapumps.ca\/fr\/wp-json\/wp\/v2\/media\/7206"}],"wp:attachment":[{"href":"https:\/\/niagarapumps.ca\/fr\/wp-json\/wp\/v2\/media?parent=7205"}],"wp:term":[{"taxonomy":"product_brand","embeddable":true,"href":"https:\/\/niagarapumps.ca\/fr\/wp-json\/wp\/v2\/product_brand?post=7205"},{"taxonomy":"product_cat","embeddable":true,"href":"https:\/\/niagarapumps.ca\/fr\/wp-json\/wp\/v2\/product_cat?post=7205"},{"taxonomy":"product_tag","embeddable":true,"href":"https:\/\/niagarapumps.ca\/fr\/wp-json\/wp\/v2\/product_tag?post=7205"}],"curies":[{"name":"wp","href":"https:\/\/api.w.org\/{rel}","templated":true}]}}