{"id":7234,"date":"2025-08-28T15:58:29","date_gmt":"2025-08-28T15:58:29","guid":{"rendered":"https:\/\/niagarapumps.ca\/?post_type=product&#038;p=7234"},"modified":"2025-09-25T11:20:06","modified_gmt":"2025-09-25T11:20:06","slug":"nez-60-hz","status":"publish","type":"product","link":"https:\/\/niagarapumps.ca\/fr\/product\/nez-60hz\/","title":{"rendered":"NEZ 60Hz"},"content":{"rendered":"<h3><strong>Applications :<\/strong><\/h3>\n<ul>\n<li>Proc\u00e9d\u00e9s de traitement de l'eau.<\/li>\n<li>Nettoyant industriel.<\/li>\n<li>Syst\u00e8me de climatisation, d\u00e9sodorisant, dispositif de chauffage (eau douce)<\/li>\n<\/ul>\n<h3><strong>Caract\u00e9ristiques :<\/strong><\/h3>\n<ul>\n<li><strong>Coupl\u00e9 directement.<\/strong><\/li>\n<li><strong>Bo\u00eetier de pompe :<\/strong> Fonte grise \u2013 Fonte \u00e0 graphite sph\u00e9ro\u00efdal, AISI304\/316.<\/li>\n<li><strong>Roue :<\/strong> Fonte grise \u2013 Laiton, Bronze, AISI304\/316.<\/li>\n<\/ul>\n<h3><strong>Catalogue des produits :<\/strong><\/h3>\n<p><a href=\"https:\/\/niagarapumps.ca\/wp-content\/uploads\/2025\/08\/End-Suction-Pumps-50HZ.pdf\" target=\"_blank\" rel=\"noopener\">50 Hz<\/a>\u00a0 | <a href=\"https:\/\/niagarapumps.ca\/wp-content\/uploads\/2025\/08\/End-Suction-Pumps-60-Hz.pdf\" target=\"_blank\" rel=\"noopener\">60 Hz<\/a><\/p>","protected":false},"excerpt":{"rendered":"<p data-start=\"0\" data-end=\"164\">La pompe NEZ est une pompe centrifuge \u00e0 usage intensif con\u00e7ue pour le traitement de l'eau, le nettoyage industriel et les syst\u00e8mes de chauffage, de ventilation et de climatisation, avec un d\u00e9bit et une hauteur de charge \u00e9lev\u00e9s.<\/p>","protected":false},"featured_media":7233,"template":"","meta":{"content-type":""},"product_brand":[],"product_cat":[76,59,113],"product_tag":[],"class_list":{"0":"post-7234","1":"product","2":"type-product","3":"status-publish","4":"has-post-thumbnail","6":"product_cat-60-hz","7":"product_cat-end-suction-pumps","8":"product_cat-pumps","10":"first","11":"instock","12":"shipping-taxable","13":"product-type-simple"},"_links":{"self":[{"href":"https:\/\/niagarapumps.ca\/fr\/wp-json\/wp\/v2\/product\/7234","targetHints":{"allow":["GET"]}}],"collection":[{"href":"https:\/\/niagarapumps.ca\/fr\/wp-json\/wp\/v2\/product"}],"about":[{"href":"https:\/\/niagarapumps.ca\/fr\/wp-json\/wp\/v2\/types\/product"}],"wp:featuredmedia":[{"embeddable":true,"href":"https:\/\/niagarapumps.ca\/fr\/wp-json\/wp\/v2\/media\/7233"}],"wp:attachment":[{"href":"https:\/\/niagarapumps.ca\/fr\/wp-json\/wp\/v2\/media?parent=7234"}],"wp:term":[{"taxonomy":"product_brand","embeddable":true,"href":"https:\/\/niagarapumps.ca\/fr\/wp-json\/wp\/v2\/product_brand?post=7234"},{"taxonomy":"product_cat","embeddable":true,"href":"https:\/\/niagarapumps.ca\/fr\/wp-json\/wp\/v2\/product_cat?post=7234"},{"taxonomy":"product_tag","embeddable":true,"href":"https:\/\/niagarapumps.ca\/fr\/wp-json\/wp\/v2\/product_tag?post=7234"}],"curies":[{"name":"wp","href":"https:\/\/api.w.org\/{rel}","templated":true}]}}