{"id":7247,"date":"2025-08-28T17:44:46","date_gmt":"2025-08-28T17:44:46","guid":{"rendered":"https:\/\/niagarapumps.ca\/?post_type=product&#038;p=7247"},"modified":"2025-09-25T11:18:25","modified_gmt":"2025-09-25T11:18:25","slug":"wq-t-qg-50hz","status":"publish","type":"product","link":"https:\/\/niagarapumps.ca\/fr\/product\/wq-t-qg-50hz\/","title":{"rendered":"WQ-T-QG 50Hz"},"content":{"rendered":"<h3><strong>Applications :<\/strong><\/h3>\n<ul>\n<li>Drainage des eaux us\u00e9es dans les usines, les chantiers de construction et les installations commerciales.<\/li>\n<li>Syst\u00e8me de drainage dans les stations d'\u00e9puration municipales.<\/li>\n<li>Station de drainage dans les quartiers r\u00e9sidentiels.<\/li>\n<li>Projets municipaux.<\/li>\n<li>Bassins de m\u00e9thane et irrigation des champs en milieu rural.<\/li>\n<\/ul>\n<h3><strong>Caract\u00e9ristiques :<\/strong><\/h3>\n<ul>\n<li>Longueur du c\u00e2ble : Standard avec 10m.<\/li>\n<li>Toutes les pi\u00e8ces de fonderie pour \u00e9lectrophor\u00e8se.<\/li>\n<li>Syst\u00e8me de coupe \u00e0 haute r\u00e9sistance.<\/li>\n<li>Installations flexibles avec des tuyaux, des tubes ou des raccords rapides.<\/li>\n<li>Garniture m\u00e9canique \u00e0 double extr\u00e9mit\u00e9.<\/li>\n<li>Arbre soud\u00e9 en acier inoxydable.<\/li>\n<li><strong>Corps de pompe :<\/strong> HT200.<\/li>\n<li><strong>Roue :<\/strong> HT200.<\/li>\n<li><strong>Classe des bo\u00eetiers :<\/strong> IP68.<\/li>\n<li><strong>Classe d'isolation :<\/strong> F.<\/li>\n<\/ul>\n<h3><strong>Catalogue des produits :<\/strong><\/h3>\n<p><a href=\"#\">50 Hz<\/a>\u00a0 | <a href=\"https:\/\/niagarapumps.ca\/wp-content\/uploads\/2025\/08\/Submersible-pump-60-Hz.pdf\" target=\"_blank\" rel=\"noopener\">60 Hz<\/a><\/p>","protected":false},"excerpt":{"rendered":"<p data-start=\"0\" data-end=\"168\">La pompe WQ-T-QG est une pompe de coupe submersible con\u00e7ue pour un drainage efficace des eaux us\u00e9es dans les usines, les syst\u00e8mes municipaux et l'irrigation agricole.<\/p>","protected":false},"featured_media":7245,"template":"","meta":{"content-type":""},"product_brand":[],"product_cat":[75,113,63],"product_tag":[],"class_list":{"0":"post-7247","1":"product","2":"type-product","3":"status-publish","4":"has-post-thumbnail","6":"product_cat-50-hz","7":"product_cat-pumps","8":"product_cat-submersible-pumps","10":"first","11":"instock","12":"shipping-taxable","13":"product-type-simple"},"_links":{"self":[{"href":"https:\/\/niagarapumps.ca\/fr\/wp-json\/wp\/v2\/product\/7247","targetHints":{"allow":["GET"]}}],"collection":[{"href":"https:\/\/niagarapumps.ca\/fr\/wp-json\/wp\/v2\/product"}],"about":[{"href":"https:\/\/niagarapumps.ca\/fr\/wp-json\/wp\/v2\/types\/product"}],"wp:featuredmedia":[{"embeddable":true,"href":"https:\/\/niagarapumps.ca\/fr\/wp-json\/wp\/v2\/media\/7245"}],"wp:attachment":[{"href":"https:\/\/niagarapumps.ca\/fr\/wp-json\/wp\/v2\/media?parent=7247"}],"wp:term":[{"taxonomy":"product_brand","embeddable":true,"href":"https:\/\/niagarapumps.ca\/fr\/wp-json\/wp\/v2\/product_brand?post=7247"},{"taxonomy":"product_cat","embeddable":true,"href":"https:\/\/niagarapumps.ca\/fr\/wp-json\/wp\/v2\/product_cat?post=7247"},{"taxonomy":"product_tag","embeddable":true,"href":"https:\/\/niagarapumps.ca\/fr\/wp-json\/wp\/v2\/product_tag?post=7247"}],"curies":[{"name":"wp","href":"https:\/\/api.w.org\/{rel}","templated":true}]}}