{"id":7251,"date":"2025-08-28T17:53:49","date_gmt":"2025-08-28T17:53:49","guid":{"rendered":"https:\/\/niagarapumps.ca\/?post_type=product&#038;p=7251"},"modified":"2025-09-25T11:17:40","modified_gmt":"2025-09-25T11:17:40","slug":"swq-60hz","status":"publish","type":"product","link":"https:\/\/niagarapumps.ca\/fr\/product\/swq-60hz\/","title":{"rendered":"SWQ 60Hz"},"content":{"rendered":"<h3><strong>Applications :<\/strong><\/h3>\n<ul>\n<li>Suitable for buildings, hospitals, residential areas, municipal engineering, road and construction, industrial wastewater, aquaculture, pharmaceuticals, beverages, seawater, saltwater, solid particles, long fiber wastewater, and sewage contained in generally corrosive medium.<\/li>\n<\/ul>\n<h3><strong>Caract\u00e9ristiques :<\/strong><\/h3>\n<ul>\n<li><strong>Corps de pompe :<\/strong> Acier inoxydable.<\/li>\n<li><strong>Roue :<\/strong> Acier inoxydable.<\/li>\n<li><strong>Classe des bo\u00eetiers :<\/strong> IP68.<\/li>\n<li><strong>Classe d'isolation :<\/strong> F.<\/li>\n<\/ul>\n<h3><strong>Catalogue des produits :<\/strong><\/h3>\n<p><a href=\"#\">50 Hz<\/a>\u00a0 | <a href=\"https:\/\/niagarapumps.ca\/wp-content\/uploads\/2025\/08\/Submersible-pump-60-Hz.pdf\" target=\"_blank\" rel=\"noopener\">60 Hz<\/a><\/p>","protected":false},"excerpt":{"rendered":"<p data-start=\"0\" data-end=\"160\">La pompe SWQ est une pompe submersible en acier inoxydable de grande capacit\u00e9 con\u00e7ue pour les eaux us\u00e9es industrielles, les eaux d'\u00e9gout et les applications en milieu corrosif.<\/p>","protected":false},"featured_media":7250,"template":"","meta":{"content-type":""},"product_brand":[],"product_cat":[76,113,63],"product_tag":[],"class_list":{"0":"post-7251","1":"product","2":"type-product","3":"status-publish","4":"has-post-thumbnail","6":"product_cat-60-hz","7":"product_cat-pumps","8":"product_cat-submersible-pumps","10":"first","11":"instock","12":"shipping-taxable","13":"product-type-simple"},"_links":{"self":[{"href":"https:\/\/niagarapumps.ca\/fr\/wp-json\/wp\/v2\/product\/7251","targetHints":{"allow":["GET"]}}],"collection":[{"href":"https:\/\/niagarapumps.ca\/fr\/wp-json\/wp\/v2\/product"}],"about":[{"href":"https:\/\/niagarapumps.ca\/fr\/wp-json\/wp\/v2\/types\/product"}],"wp:featuredmedia":[{"embeddable":true,"href":"https:\/\/niagarapumps.ca\/fr\/wp-json\/wp\/v2\/media\/7250"}],"wp:attachment":[{"href":"https:\/\/niagarapumps.ca\/fr\/wp-json\/wp\/v2\/media?parent=7251"}],"wp:term":[{"taxonomy":"product_brand","embeddable":true,"href":"https:\/\/niagarapumps.ca\/fr\/wp-json\/wp\/v2\/product_brand?post=7251"},{"taxonomy":"product_cat","embeddable":true,"href":"https:\/\/niagarapumps.ca\/fr\/wp-json\/wp\/v2\/product_cat?post=7251"},{"taxonomy":"product_tag","embeddable":true,"href":"https:\/\/niagarapumps.ca\/fr\/wp-json\/wp\/v2\/product_tag?post=7251"}],"curies":[{"name":"wp","href":"https:\/\/api.w.org\/{rel}","templated":true}]}}