{"id":7253,"date":"2025-08-28T17:56:58","date_gmt":"2025-08-28T17:56:58","guid":{"rendered":"https:\/\/niagarapumps.ca\/?post_type=product&#038;p=7253"},"modified":"2025-09-25T11:17:08","modified_gmt":"2025-09-25T11:17:08","slug":"swq-qg-60hz","status":"publish","type":"product","link":"https:\/\/niagarapumps.ca\/fr\/product\/swq-qg-60hz\/","title":{"rendered":"SWQ-QG 60Hz"},"content":{"rendered":"<h3><strong>Applications :<\/strong><\/h3>\n<ul>\n<li>Convient \u00e0 l'\u00e9vacuation des eaux us\u00e9es industrielles et agricoles contenant des s\u00e9diments (telles que les fermes d'\u00e9levage, les eaux us\u00e9es des h\u00f4tels, les fosses d'\u00e9puration, les fosses septiques, les digesteurs de biogaz, etc.), ainsi qu'au traitement des eaux us\u00e9es dans le domaine de l'ing\u00e9nierie municipale.<\/li>\n<\/ul>\n<h3><strong>Caract\u00e9ristiques :<\/strong><\/h3>\n<ul>\n<li><strong>Corps de pompe :<\/strong> Acier inoxydable.<\/li>\n<li><strong>Roue :<\/strong> Acier inoxydable.<\/li>\n<li><strong>Classe des bo\u00eetiers :<\/strong> IP68.<\/li>\n<li><strong>Classe d'isolation :<\/strong> F.<\/li>\n<\/ul>\n<h3><strong>Catalogue des produits :<\/strong><\/h3>\n<p><a href=\"#\">50 Hz<\/a>\u00a0 | <a href=\"https:\/\/niagarapumps.ca\/wp-content\/uploads\/2025\/08\/Submersible-pump-60-Hz.pdf\" target=\"_blank\" rel=\"noopener\">60 Hz<\/a><\/p>","protected":false},"excerpt":{"rendered":"<p data-start=\"0\" data-end=\"154\">La pompe SWQ-QG est une pompe submersible durable en acier inoxydable con\u00e7ue pour traiter les eaux us\u00e9es industrielles et agricoles contenant des s\u00e9diments.<\/p>","protected":false},"featured_media":7250,"template":"","meta":{"content-type":""},"product_brand":[],"product_cat":[76,113,63],"product_tag":[],"class_list":{"0":"post-7253","1":"product","2":"type-product","3":"status-publish","4":"has-post-thumbnail","6":"product_cat-60-hz","7":"product_cat-pumps","8":"product_cat-submersible-pumps","10":"first","11":"instock","12":"shipping-taxable","13":"product-type-simple"},"_links":{"self":[{"href":"https:\/\/niagarapumps.ca\/fr\/wp-json\/wp\/v2\/product\/7253","targetHints":{"allow":["GET"]}}],"collection":[{"href":"https:\/\/niagarapumps.ca\/fr\/wp-json\/wp\/v2\/product"}],"about":[{"href":"https:\/\/niagarapumps.ca\/fr\/wp-json\/wp\/v2\/types\/product"}],"wp:featuredmedia":[{"embeddable":true,"href":"https:\/\/niagarapumps.ca\/fr\/wp-json\/wp\/v2\/media\/7250"}],"wp:attachment":[{"href":"https:\/\/niagarapumps.ca\/fr\/wp-json\/wp\/v2\/media?parent=7253"}],"wp:term":[{"taxonomy":"product_brand","embeddable":true,"href":"https:\/\/niagarapumps.ca\/fr\/wp-json\/wp\/v2\/product_brand?post=7253"},{"taxonomy":"product_cat","embeddable":true,"href":"https:\/\/niagarapumps.ca\/fr\/wp-json\/wp\/v2\/product_cat?post=7253"},{"taxonomy":"product_tag","embeddable":true,"href":"https:\/\/niagarapumps.ca\/fr\/wp-json\/wp\/v2\/product_tag?post=7253"}],"curies":[{"name":"wp","href":"https:\/\/api.w.org\/{rel}","templated":true}]}}