{"id":7257,"date":"2025-08-28T18:02:59","date_gmt":"2025-08-28T18:02:59","guid":{"rendered":"https:\/\/niagarapumps.ca\/?post_type=product&#038;p=7257"},"modified":"2025-09-25T11:16:37","modified_gmt":"2025-09-25T11:16:37","slug":"nbz-60hz","status":"publish","type":"product","link":"https:\/\/niagarapumps.ca\/fr\/product\/nbz-60hz\/","title":{"rendered":"NBZ 60Hz"},"content":{"rendered":"<h3><strong>Applications :<\/strong><\/h3>\n<ul>\n<li>G\u00e9nie civil.<\/li>\n<li>Mines, carri\u00e8res, minerai de charbon et boues.<\/li>\n<li>Stations d'\u00e9puration des eaux us\u00e9es.<\/li>\n<li>Pompage g\u00e9n\u00e9ral.<\/li>\n<\/ul>\n<h3><strong>Caract\u00e9ristiques :<\/strong><\/h3>\n<ul>\n<li>The body of motor and pump is made of rigid cast iron for long-lasting<\/li>\n<li><strong>Corps de pompe :<\/strong> Fonte.<\/li>\n<li><strong>Roue :<\/strong> Alliage \u00e0 haute teneur en chrome<\/li>\n<li><strong>Classe des bo\u00eetiers :<\/strong> IP68.<\/li>\n<li><strong>Classe d'isolation :<\/strong> F.<\/li>\n<\/ul>\n<h3><strong>Catalogue des produits :<\/strong><\/h3>\n<p><a href=\"#\">50 Hz<\/a>\u00a0 | <a href=\"https:\/\/niagarapumps.ca\/wp-content\/uploads\/2025\/08\/Submersible-pump-60-Hz.pdf\" target=\"_blank\" rel=\"noopener\">60 Hz<\/a><\/p>","protected":false},"excerpt":{"rendered":"<p data-start=\"0\" data-end=\"144\">La pompe NBZ est une pompe submersible en fonte tr\u00e8s r\u00e9sistante, id\u00e9ale pour les applications de g\u00e9nie civil, d'exploitation mini\u00e8re et de traitement des eaux us\u00e9es.<\/p>","protected":false},"featured_media":7256,"template":"","meta":{"content-type":""},"product_brand":[],"product_cat":[76,113,63],"product_tag":[],"class_list":{"0":"post-7257","1":"product","2":"type-product","3":"status-publish","4":"has-post-thumbnail","6":"product_cat-60-hz","7":"product_cat-pumps","8":"product_cat-submersible-pumps","10":"first","11":"instock","12":"shipping-taxable","13":"product-type-simple"},"_links":{"self":[{"href":"https:\/\/niagarapumps.ca\/fr\/wp-json\/wp\/v2\/product\/7257","targetHints":{"allow":["GET"]}}],"collection":[{"href":"https:\/\/niagarapumps.ca\/fr\/wp-json\/wp\/v2\/product"}],"about":[{"href":"https:\/\/niagarapumps.ca\/fr\/wp-json\/wp\/v2\/types\/product"}],"wp:featuredmedia":[{"embeddable":true,"href":"https:\/\/niagarapumps.ca\/fr\/wp-json\/wp\/v2\/media\/7256"}],"wp:attachment":[{"href":"https:\/\/niagarapumps.ca\/fr\/wp-json\/wp\/v2\/media?parent=7257"}],"wp:term":[{"taxonomy":"product_brand","embeddable":true,"href":"https:\/\/niagarapumps.ca\/fr\/wp-json\/wp\/v2\/product_brand?post=7257"},{"taxonomy":"product_cat","embeddable":true,"href":"https:\/\/niagarapumps.ca\/fr\/wp-json\/wp\/v2\/product_cat?post=7257"},{"taxonomy":"product_tag","embeddable":true,"href":"https:\/\/niagarapumps.ca\/fr\/wp-json\/wp\/v2\/product_tag?post=7257"}],"curies":[{"name":"wp","href":"https:\/\/api.w.org\/{rel}","templated":true}]}}