{"id":7646,"date":"2025-09-12T15:02:14","date_gmt":"2025-09-12T15:02:14","guid":{"rendered":"https:\/\/niagarapumps.ca\/?post_type=product&#038;p=7646"},"modified":"2025-09-25T11:03:11","modified_gmt":"2025-09-25T11:03:11","slug":"ultrasonic-water-meter-household","status":"publish","type":"product","link":"https:\/\/niagarapumps.ca\/fr\/product\/ultrasonic-water-meter-household\/","title":{"rendered":"Compteur d'eau \u00e0 ultrasons domestique"},"content":{"rendered":"<ol>\n<li>Pas d'usure ni de perte de pression. Il n'y a pas de roue m\u00e9canique \u00e0 l'int\u00e9rieur du corps du compteur d'eau, de sorte qu'il n'y a pratiquement pas de perte de pression ni de colmatage, et que la pr\u00e9cision n'est pas affect\u00e9e au fil du temps. Il peut s'adapter \u00e0 un environnement d'installation o\u00f9 la qualit\u00e9 de l'eau est m\u00e9diocre.<\/li>\n<li>Mesure plus pr\u00e9cise. Le compteur d'eau ultra-sonique adoptant la m\u00e9thode de mesure \u00e9lectronique par ondes acoustiques, la pr\u00e9cision peut atteindre un niveau tr\u00e8s \u00e9lev\u00e9. M\u00eame si le d\u00e9bit d'eau est tr\u00e8s faible, il peut le mesurer avec pr\u00e9cision.<\/li>\n<li>Protection IP68. Le module du compteur d'eau adopte un processus d'\u00e9tanch\u00e9it\u00e9 sp\u00e9cial et la batterie est \u00e9galement compl\u00e8tement \u00e9tanche. Le compteur d'eau peut m\u00eame fonctionner normalement dans l'eau.<\/li>\n<\/ol>","protected":false},"excerpt":{"rendered":"<p>Compteur d'eau domestique \u00e0 ultrasons avanc\u00e9, sans pi\u00e8ces mobiles, garantissant une perte de pression nulle et une pr\u00e9cision \u00e0 long terme. Dot\u00e9 d'une protection \u00e9tanche IP68, il fournit des relev\u00e9s pr\u00e9cis m\u00eame en cas de mauvaise qualit\u00e9 de l'eau ou de d\u00e9bit tr\u00e8s faible.<\/p>","protected":false},"featured_media":7647,"template":"","meta":{"content-type":""},"product_brand":[],"product_cat":[115,293],"product_tag":[],"class_list":{"0":"post-7646","1":"product","2":"type-product","3":"status-publish","4":"has-post-thumbnail","6":"product_cat-valves","7":"product_cat-water-meter","9":"first","10":"instock","11":"shipping-taxable","12":"product-type-simple"},"_links":{"self":[{"href":"https:\/\/niagarapumps.ca\/fr\/wp-json\/wp\/v2\/product\/7646","targetHints":{"allow":["GET"]}}],"collection":[{"href":"https:\/\/niagarapumps.ca\/fr\/wp-json\/wp\/v2\/product"}],"about":[{"href":"https:\/\/niagarapumps.ca\/fr\/wp-json\/wp\/v2\/types\/product"}],"wp:featuredmedia":[{"embeddable":true,"href":"https:\/\/niagarapumps.ca\/fr\/wp-json\/wp\/v2\/media\/7647"}],"wp:attachment":[{"href":"https:\/\/niagarapumps.ca\/fr\/wp-json\/wp\/v2\/media?parent=7646"}],"wp:term":[{"taxonomy":"product_brand","embeddable":true,"href":"https:\/\/niagarapumps.ca\/fr\/wp-json\/wp\/v2\/product_brand?post=7646"},{"taxonomy":"product_cat","embeddable":true,"href":"https:\/\/niagarapumps.ca\/fr\/wp-json\/wp\/v2\/product_cat?post=7646"},{"taxonomy":"product_tag","embeddable":true,"href":"https:\/\/niagarapumps.ca\/fr\/wp-json\/wp\/v2\/product_tag?post=7646"}],"curies":[{"name":"wp","href":"https:\/\/api.w.org\/{rel}","templated":true}]}}