{"id":7649,"date":"2025-09-12T15:02:14","date_gmt":"2025-09-12T15:02:14","guid":{"rendered":"https:\/\/niagarapumps.ca\/?post_type=product&#038;p=7649"},"modified":"2025-09-25T11:03:46","modified_gmt":"2025-09-25T11:03:46","slug":"woltman-turbine","status":"publish","type":"product","link":"https:\/\/niagarapumps.ca\/fr\/product\/woltman-turbine\/","title":{"rendered":"Woltman (Turbine)"},"content":{"rendered":"<ol>\n<li>Tous les mat\u00e9riaux en contact avec l'eau ont \u00e9t\u00e9 s\u00e9lectionn\u00e9s en fonction de leur r\u00e9sistance \u00e0 la corrosion ;<\/li>\n<li data-start=\"215\" data-end=\"297\">\n<p data-start=\"218\" data-end=\"297\">Corps en fer avec rev\u00eatement \u00e9poxy \u00e0 l'int\u00e9rieur et \u00e0 l'ext\u00e9rieur pour prot\u00e9ger de la corrosion ;<\/p>\n<\/li>\n<li data-start=\"215\" data-end=\"297\">\n<p data-start=\"218\" data-end=\"297\">L'indicateur ROTATIF permet d'enregistrer la position de lecture la plus confortable ;<\/p>\n<\/li>\n<li data-start=\"378\" data-end=\"438\">\n<p data-start=\"381\" data-end=\"438\">Le cuivre peut \u00eatre enregistr\u00e9 \u00e0 sec avec une protection IP68 ;<\/p>\n<\/li>\n<li data-start=\"439\" data-end=\"615\">\n<p data-start=\"442\" data-end=\"615\">Le m\u00e9canisme de mesure interchangeable et amovible peut \u00eatre facilement retir\u00e9 du corps pour le contr\u00f4le, l'entretien et le remplacement, sans qu'il soit n\u00e9cessaire de d\u00e9monter le corps de la canalisation ;<\/p>\n<\/li>\n<li data-start=\"616\" data-end=\"660\">\n<p data-start=\"619\" data-end=\"660\">Convient \u00e0 l'installation dans n'importe quelle position ;<\/p>\n<\/li>\n<li data-start=\"661\" data-end=\"684\">\n<p data-start=\"664\" data-end=\"684\">Faible perte de pression ;<\/p>\n<\/li>\n<li data-start=\"685\" data-end=\"730\">\n<p data-start=\"688\" data-end=\"730\">Pas d'effet des champs magn\u00e9tiques externes ;<\/p>\n<\/li>\n<li data-start=\"731\" data-end=\"762\">\n<p data-start=\"734\" data-end=\"762\">Sortie d'impulsion toujours pr\u00eate ;<\/p>\n<\/li>\n<\/ol>","protected":false},"excerpt":{"rendered":"<p>Compteur d'eau \u00e0 turbine Woltman \u00e0 usage intensif avec corps en fer rev\u00eatu d'\u00e9poxy et registre sec prot\u00e9g\u00e9 IP68. Il offre une mesure pr\u00e9cise des grands d\u00e9bits, une faible perte de pression et une r\u00e9sistance durable \u00e0 la corrosion.<\/p>","protected":false},"featured_media":7650,"template":"","meta":{"content-type":""},"product_brand":[],"product_cat":[115,293],"product_tag":[],"class_list":{"0":"post-7649","1":"product","2":"type-product","3":"status-publish","4":"has-post-thumbnail","6":"product_cat-valves","7":"product_cat-water-meter","9":"first","10":"instock","11":"shipping-taxable","12":"product-type-simple"},"_links":{"self":[{"href":"https:\/\/niagarapumps.ca\/fr\/wp-json\/wp\/v2\/product\/7649","targetHints":{"allow":["GET"]}}],"collection":[{"href":"https:\/\/niagarapumps.ca\/fr\/wp-json\/wp\/v2\/product"}],"about":[{"href":"https:\/\/niagarapumps.ca\/fr\/wp-json\/wp\/v2\/types\/product"}],"wp:featuredmedia":[{"embeddable":true,"href":"https:\/\/niagarapumps.ca\/fr\/wp-json\/wp\/v2\/media\/7650"}],"wp:attachment":[{"href":"https:\/\/niagarapumps.ca\/fr\/wp-json\/wp\/v2\/media?parent=7649"}],"wp:term":[{"taxonomy":"product_brand","embeddable":true,"href":"https:\/\/niagarapumps.ca\/fr\/wp-json\/wp\/v2\/product_brand?post=7649"},{"taxonomy":"product_cat","embeddable":true,"href":"https:\/\/niagarapumps.ca\/fr\/wp-json\/wp\/v2\/product_cat?post=7649"},{"taxonomy":"product_tag","embeddable":true,"href":"https:\/\/niagarapumps.ca\/fr\/wp-json\/wp\/v2\/product_tag?post=7649"}],"curies":[{"name":"wp","href":"https:\/\/api.w.org\/{rel}","templated":true}]}}