{"id":7768,"date":"2025-10-08T12:41:50","date_gmt":"2025-10-08T12:41:50","guid":{"rendered":"https:\/\/niagarapumps.ca\/?post_type=product&#038;p=7768"},"modified":"2025-10-08T12:45:31","modified_gmt":"2025-10-08T12:45:31","slug":"niagara-ball-valve-model-bs10","status":"publish","type":"product","link":"https:\/\/niagarapumps.ca\/fr\/product\/niagara-ball-valve-model-bs10\/","title":{"rendered":"Robinet \u00e0 tournant sph\u00e9rique NIAGARA - Mod\u00e8le BS10"},"content":{"rendered":"<p data-start=\"438\" data-end=\"791\"><strong data-start=\"438\" data-end=\"483\">Robinet \u00e0 tournant sph\u00e9rique NIAGARA - Mod\u00e8le BS10<\/strong><br data-start=\"483\" data-end=\"486\" \/>Les robinets \u00e0 tournant sph\u00e9rique BS10 sont con\u00e7us pour offrir des performances et une fiabilit\u00e9 durables dans divers syst\u00e8mes de plomberie et industriels.<br data-start=\"627\" data-end=\"630\" \/>Fabriqu\u00e9 \u00e0 partir de <strong data-start=\"640\" data-end=\"653\">Laiton DZR<\/strong>, Ces valves sont <strong data-start=\"672\" data-end=\"701\">r\u00e9sistant \u00e0 la d\u00e9zincification<\/strong>, Le syst\u00e8me d'\u00e9tanch\u00e9it\u00e9 \u00e0 l'eau de mer de la soci\u00e9t\u00e9 est con\u00e7u de mani\u00e8re \u00e0 assurer une protection sup\u00e9rieure contre la corrosion et une grande durabilit\u00e9, m\u00eame dans des conditions exigeantes.<\/p>\n<p data-start=\"793\" data-end=\"1067\" class=\"translation-block\">L\u00e9gers et compacts, ils sont <strong data-start=\"827\" data-end=\"858\">facile \u00e0 installer et \u00e0 utiliser<\/strong>, offrant <strong data-start=\"869\" data-end=\"897\">une meilleure protection contre les fuites<\/strong> et une r\u00e9sistance aux dommages pendant l'installation.<br data-start=\"943\" data-end=\"946\">Pour les syst\u00e8mes d'eau r\u00e9frig\u00e9r\u00e9e, une <strong data-start=\"976\" data-end=\"1003\">tige d'extension optionnelle<\/strong> est disponible, offrant une polyvalence pour diff\u00e9rentes applications.<\/p>\n<p data-start=\"1069\" data-end=\"1100\"><strong data-start=\"1069\" data-end=\"1098\">Sp\u00e9cifications techniques :<\/strong><\/p>\n<ul data-start=\"1101\" data-end=\"1335\">\n<li data-start=\"1101\" data-end=\"1125\">\n<p data-start=\"1103\" data-end=\"1125\"><strong data-start=\"1103\" data-end=\"1112\">Taille :<\/strong> 1\/4\u2033 \u00e0 2\u2033<\/p>\n<\/li>\n<li data-start=\"1126\" data-end=\"1155\">\n<p data-start=\"1128\" data-end=\"1155\"><strong data-start=\"1128\" data-end=\"1148\">Pression nominale :<\/strong> PN25<\/p>\n<\/li>\n<li data-start=\"1156\" data-end=\"1221\">\n<p data-start=\"1158\" data-end=\"1221\"><strong data-start=\"1158\" data-end=\"1178\">Connexions d'extr\u00e9mit\u00e9 :<\/strong> BS EN 10226-2:2005 (anciennement BS21 Taper)<\/p>\n<\/li>\n<li data-start=\"1222\" data-end=\"1261\">\n<p data-start=\"1224\" data-end=\"1261\"><strong data-start=\"1224\" data-end=\"1242\">Pression d'essai :<\/strong> 25 bar pneumatique<\/p>\n<\/li>\n<li data-start=\"1262\" data-end=\"1289\">\n<p data-start=\"1264\" data-end=\"1289\"><strong data-start=\"1264\" data-end=\"1277\">Mat\u00e9riau :<\/strong> DZR Laiton<\/p>\n<\/li>\n<li data-start=\"1290\" data-end=\"1335\">\n<p data-start=\"1292\" data-end=\"1335\"><strong data-start=\"1292\" data-end=\"1318\">Temp\u00e9rature de fonctionnement :<\/strong> De -10\u00b0C \u00e0 100\u00b0C<\/p>\n<\/li>\n<\/ul>","protected":false},"excerpt":{"rendered":"<p data-start=\"136\" data-end=\"399\">Robinet \u00e0 tournant sph\u00e9rique en laiton DZR compact et durable, con\u00e7u pour des performances fiables. Il offre une excellente protection contre les fuites, une installation facile et des tiges d'extension en option pour les applications d'eau r\u00e9frig\u00e9r\u00e9e. Convient pour des pressions allant jusqu'\u00e0 25 bars et des temp\u00e9ratures de -10\u00b0C \u00e0 100\u00b0C.<\/p>","protected":false},"featured_media":7769,"template":"","meta":{"content-type":""},"product_brand":[],"product_cat":[115,370],"product_tag":[],"class_list":{"0":"post-7768","1":"product","2":"type-product","3":"status-publish","4":"has-post-thumbnail","6":"product_cat-valves","7":"product_cat-ball-valves","9":"first","10":"instock","11":"shipping-taxable","12":"product-type-simple"},"_links":{"self":[{"href":"https:\/\/niagarapumps.ca\/fr\/wp-json\/wp\/v2\/product\/7768","targetHints":{"allow":["GET"]}}],"collection":[{"href":"https:\/\/niagarapumps.ca\/fr\/wp-json\/wp\/v2\/product"}],"about":[{"href":"https:\/\/niagarapumps.ca\/fr\/wp-json\/wp\/v2\/types\/product"}],"wp:featuredmedia":[{"embeddable":true,"href":"https:\/\/niagarapumps.ca\/fr\/wp-json\/wp\/v2\/media\/7769"}],"wp:attachment":[{"href":"https:\/\/niagarapumps.ca\/fr\/wp-json\/wp\/v2\/media?parent=7768"}],"wp:term":[{"taxonomy":"product_brand","embeddable":true,"href":"https:\/\/niagarapumps.ca\/fr\/wp-json\/wp\/v2\/product_brand?post=7768"},{"taxonomy":"product_cat","embeddable":true,"href":"https:\/\/niagarapumps.ca\/fr\/wp-json\/wp\/v2\/product_cat?post=7768"},{"taxonomy":"product_tag","embeddable":true,"href":"https:\/\/niagarapumps.ca\/fr\/wp-json\/wp\/v2\/product_tag?post=7768"}],"curies":[{"name":"wp","href":"https:\/\/api.w.org\/{rel}","templated":true}]}}