{"id":7774,"date":"2025-10-08T12:50:46","date_gmt":"2025-10-08T12:50:46","guid":{"rendered":"https:\/\/niagarapumps.ca\/?post_type=product&#038;p=7774"},"modified":"2025-10-08T12:51:36","modified_gmt":"2025-10-08T12:51:36","slug":"niagara-ball-valve-model-bs10ls","status":"publish","type":"product","link":"https:\/\/niagarapumps.ca\/fr\/product\/niagara-ball-valve-model-bs10ls\/","title":{"rendered":"Robinet \u00e0 tournant sph\u00e9rique NIAGARA - Mod\u00e8le BS10LS"},"content":{"rendered":"<p data-start=\"427\" data-end=\"759\" class=\"translation-block\"><strong data-start=\"427\" data-end=\"473\">Vanne \u00e0 bille NIAGARA - Mod\u00e8le BS10LS<\/strong><br data-start=\"473\" data-end=\"476\">Les vannes \u00e0 bille BS10LS sont con\u00e7ues pour une performance fiable et une durabilit\u00e9 dans les syst\u00e8mes r\u00e9sidentiels et industriels.<br data-start=\"608\" data-end=\"611\">Fabriqu\u00e9s en <strong data-start=\"629\" data-end=\"642\">laiton DZR<\/strong>, ces robinets sont <strong data-start=\"661\" data-end=\"690\">r\u00e9sistants \u00e0 la d\u00e9zincification<\/strong>, assurant une fiabilit\u00e9 \u00e0 long terme et une protection contre la corrosion.<\/p>\n<p data-start=\"761\" data-end=\"1044\" class=\"translation-block\">Leur <strong data-start=\"767\" data-end=\"801\">conception compacte et l\u00e9g\u00e8re<\/strong> rend l'installation et l'utilisation rapides et faciles, tandis que le syst\u00e8me d'\u00e9tanch\u00e9it\u00e9 am\u00e9lior\u00e9 assure <strong data-start=\"893\" data-end=\"922\">une excellente protection contre les fuites<\/strong>.<br data-start=\"923\" data-end=\"926\">Ils se caract\u00e9risent \u00e9galement par une construction solide qui offre <strong data-start=\"980\" data-end=\"1023\">une plus grande r\u00e9sistance aux dommages m\u00e9caniques<\/strong> lors de l'installation.<\/p>\n<p data-start=\"1046\" data-end=\"1077\"><strong data-start=\"1046\" data-end=\"1075\">Sp\u00e9cifications techniques :<\/strong><\/p>\n<ul data-start=\"1078\" data-end=\"1225\">\n<li data-start=\"1078\" data-end=\"1104\">\n<p data-start=\"1080\" data-end=\"1104\"><strong data-start=\"1080\" data-end=\"1089\">Taille :<\/strong> 15mm \u00e0 28mm<\/p>\n<\/li>\n<li data-start=\"1105\" data-end=\"1134\">\n<p data-start=\"1107\" data-end=\"1134\"><strong data-start=\"1107\" data-end=\"1127\">Pression nominale :<\/strong> PN16<\/p>\n<\/li>\n<li data-start=\"1135\" data-end=\"1197\">\n<p data-start=\"1137\" data-end=\"1197\"><strong data-start=\"1137\" data-end=\"1157\">Connexions d'extr\u00e9mit\u00e9 :<\/strong> Extr\u00e9mit\u00e9s \u00e0 compression conformes \u00e0 la norme BS EN 1254-2:1998<\/p>\n<\/li>\n<li data-start=\"1198\" data-end=\"1225\">\n<p data-start=\"1200\" data-end=\"1225\"><strong data-start=\"1200\" data-end=\"1213\">Mat\u00e9riau :<\/strong> DZR Laiton<\/p>\n<\/li>\n<\/ul>","protected":false},"excerpt":{"rendered":"<p data-start=\"204\" data-end=\"388\">Robinet \u00e0 boisseau sph\u00e9rique en laiton DZR de haute qualit\u00e9 offrant une r\u00e9sistance sup\u00e9rieure \u00e0 la corrosion et une protection contre les fuites. L\u00e9ger, compact et facile \u00e0 installer, il est id\u00e9al pour les applications de plomberie et industrielles.<\/p>","protected":false},"featured_media":7775,"template":"","meta":{"content-type":""},"product_brand":[],"product_cat":[115,370],"product_tag":[],"class_list":{"0":"post-7774","1":"product","2":"type-product","3":"status-publish","4":"has-post-thumbnail","6":"product_cat-valves","7":"product_cat-ball-valves","9":"first","10":"instock","11":"shipping-taxable","12":"product-type-simple"},"_links":{"self":[{"href":"https:\/\/niagarapumps.ca\/fr\/wp-json\/wp\/v2\/product\/7774","targetHints":{"allow":["GET"]}}],"collection":[{"href":"https:\/\/niagarapumps.ca\/fr\/wp-json\/wp\/v2\/product"}],"about":[{"href":"https:\/\/niagarapumps.ca\/fr\/wp-json\/wp\/v2\/types\/product"}],"wp:featuredmedia":[{"embeddable":true,"href":"https:\/\/niagarapumps.ca\/fr\/wp-json\/wp\/v2\/media\/7775"}],"wp:attachment":[{"href":"https:\/\/niagarapumps.ca\/fr\/wp-json\/wp\/v2\/media?parent=7774"}],"wp:term":[{"taxonomy":"product_brand","embeddable":true,"href":"https:\/\/niagarapumps.ca\/fr\/wp-json\/wp\/v2\/product_brand?post=7774"},{"taxonomy":"product_cat","embeddable":true,"href":"https:\/\/niagarapumps.ca\/fr\/wp-json\/wp\/v2\/product_cat?post=7774"},{"taxonomy":"product_tag","embeddable":true,"href":"https:\/\/niagarapumps.ca\/fr\/wp-json\/wp\/v2\/product_tag?post=7774"}],"curies":[{"name":"wp","href":"https:\/\/api.w.org\/{rel}","templated":true}]}}