{"id":7776,"date":"2025-10-08T12:56:18","date_gmt":"2025-10-08T12:56:18","guid":{"rendered":"https:\/\/niagarapumps.ca\/?post_type=product&#038;p=7776"},"modified":"2025-10-08T12:56:18","modified_gmt":"2025-10-08T12:56:18","slug":"niagara-ball-valve-model-bb11","status":"publish","type":"product","link":"https:\/\/niagarapumps.ca\/fr\/product\/niagara-ball-valve-model-bb11\/","title":{"rendered":"Robinet \u00e0 tournant sph\u00e9rique NIAGARA - Mod\u00e8le BB11"},"content":{"rendered":"<p data-start=\"442\" data-end=\"760\" class=\"translation-block\"><strong data-start=\"442\" data-end=\"477\">Vanne \u00e0 bille NIAGARA - Mod\u00e8le BB11<\/strong><br data-start=\"477\" data-end=\"480\">Le mod\u00e8le BB11 est une <strong data-start=\"500\" data-end=\"538\">vanne \u00e0 bille en bronze haute performance<\/strong> con\u00e7ue pour g\u00e9rer des pressions de syst\u00e8me exigeantes jusqu'\u00e0 <strong data-start=\"591\" data-end=\"601\">40 bar<\/strong>.<br data-start=\"602\" data-end=\"605\">Sa <strong data-start=\"609\" data-end=\"632\">construction robuste<\/strong> assure une durabilit\u00e9 \u00e0 long terme et un service sans entretien, ce qui le rend id\u00e9al pour les installations r\u00e9sidentielles et industrielles.<\/p>\n<p data-start=\"762\" data-end=\"1022\" class=\"translation-block\">Avec une <strong data-start=\"769\" data-end=\"800\">conception l\u00e9g\u00e8re et compacte<\/strong>, la vanne est <strong data-start=\"815\" data-end=\"846\">facile \u00e0 installer et \u00e0 utiliser<\/strong>, avec une <strong data-start=\"860\" data-end=\"880\">manche \u00e0 levier \u00e0 90\u00b0<\/strong> pour une commande manuelle en douceur.<br data-start=\"907\" data-end=\"910\">La <strong data-start=\"914\" data-end=\"934\">conception \u00e0 passage int\u00e9gral<\/strong> assure un d\u00e9bit optimal avec un minimum de turbulences, garantissant une performance efficace du syst\u00e8me.<\/p>\n<p data-start=\"1024\" data-end=\"1055\"><strong data-start=\"1024\" data-end=\"1053\">Sp\u00e9cifications techniques :<\/strong><\/p>\n<ul data-start=\"1056\" data-end=\"1312\">\n<li data-start=\"1056\" data-end=\"1080\">\n<p data-start=\"1058\" data-end=\"1080\"><strong data-start=\"1058\" data-end=\"1067\">Taille :<\/strong> 1\/2\u2033 \u00e0 2\u2033<\/p>\n<\/li>\n<li data-start=\"1081\" data-end=\"1110\">\n<p data-start=\"1083\" data-end=\"1110\"><strong data-start=\"1083\" data-end=\"1103\">Pression nominale :<\/strong> PN40<\/p>\n<\/li>\n<li data-start=\"1111\" data-end=\"1200\">\n<p data-start=\"1113\" data-end=\"1135\"><strong data-start=\"1113\" data-end=\"1133\">Connexions d'extr\u00e9mit\u00e9 :<\/strong><\/p>\n<ul data-start=\"1138\" data-end=\"1200\">\n<li data-start=\"1138\" data-end=\"1168\">\n<p data-start=\"1140\" data-end=\"1168\">BS EN 10226-2 Filet conique<\/p>\n<\/li>\n<li data-start=\"1171\" data-end=\"1200\">\n<p data-start=\"1173\" data-end=\"1200\">ANSI B1.20.1 Filet conique<\/p>\n<\/li>\n<\/ul>\n<\/li>\n<li data-start=\"1201\" data-end=\"1225\">\n<p data-start=\"1203\" data-end=\"1225\"><strong data-start=\"1203\" data-end=\"1216\">Mat\u00e9riau :<\/strong> Bronze<\/p>\n<\/li>\n<li data-start=\"1226\" data-end=\"1312\">\n<p data-start=\"1228\" data-end=\"1257\"><strong data-start=\"1228\" data-end=\"1255\">Pression \/ Temp\u00e9rature :<\/strong><\/p>\n<ul data-start=\"1260\" data-end=\"1312\">\n<li data-start=\"1260\" data-end=\"1290\">\n<p data-start=\"1262\" data-end=\"1290\">40 bar de -10\u00b0C \u00e0 100\u00b0C<\/p>\n<\/li>\n<li data-start=\"1293\" data-end=\"1312\">\n<p data-start=\"1295\" data-end=\"1312\">18 bar \u00e0 140\u00b0C<\/p>\n<\/li>\n<\/ul>\n<\/li>\n<\/ul>","protected":false},"excerpt":{"rendered":"<p data-start=\"173\" data-end=\"403\">Robinet \u00e0 boisseau sph\u00e9rique en bronze robuste avec une pression nominale de 40 bars, con\u00e7u pour les applications exigeantes. Compact et facile \u00e0 utiliser, il offre un contr\u00f4le fiable du d\u00e9bit et des performances durables dans des conditions de pression et de temp\u00e9rature \u00e9lev\u00e9es.<\/p>","protected":false},"featured_media":7777,"template":"","meta":{"content-type":""},"product_brand":[],"product_cat":[115,370],"product_tag":[],"class_list":{"0":"post-7776","1":"product","2":"type-product","3":"status-publish","4":"has-post-thumbnail","6":"product_cat-valves","7":"product_cat-ball-valves","9":"first","10":"instock","11":"shipping-taxable","12":"product-type-simple"},"_links":{"self":[{"href":"https:\/\/niagarapumps.ca\/fr\/wp-json\/wp\/v2\/product\/7776","targetHints":{"allow":["GET"]}}],"collection":[{"href":"https:\/\/niagarapumps.ca\/fr\/wp-json\/wp\/v2\/product"}],"about":[{"href":"https:\/\/niagarapumps.ca\/fr\/wp-json\/wp\/v2\/types\/product"}],"wp:featuredmedia":[{"embeddable":true,"href":"https:\/\/niagarapumps.ca\/fr\/wp-json\/wp\/v2\/media\/7777"}],"wp:attachment":[{"href":"https:\/\/niagarapumps.ca\/fr\/wp-json\/wp\/v2\/media?parent=7776"}],"wp:term":[{"taxonomy":"product_brand","embeddable":true,"href":"https:\/\/niagarapumps.ca\/fr\/wp-json\/wp\/v2\/product_brand?post=7776"},{"taxonomy":"product_cat","embeddable":true,"href":"https:\/\/niagarapumps.ca\/fr\/wp-json\/wp\/v2\/product_cat?post=7776"},{"taxonomy":"product_tag","embeddable":true,"href":"https:\/\/niagarapumps.ca\/fr\/wp-json\/wp\/v2\/product_tag?post=7776"}],"curies":[{"name":"wp","href":"https:\/\/api.w.org\/{rel}","templated":true}]}}