{"id":7780,"date":"2025-10-08T13:00:02","date_gmt":"2025-10-08T13:00:02","guid":{"rendered":"https:\/\/niagarapumps.ca\/?post_type=product&#038;p=7780"},"modified":"2025-10-08T13:01:08","modified_gmt":"2025-10-08T13:01:08","slug":"robinet-a-boisseau-spherique-niagara-modele-bb12ext","status":"publish","type":"product","link":"https:\/\/niagarapumps.ca\/fr\/product\/niagara-ball-valve-model-bb12ext\/","title":{"rendered":"Robinet \u00e0 tournant sph\u00e9rique NIAGARA - Mod\u00e8le BB12EXT"},"content":{"rendered":"<p data-start=\"392\" data-end=\"770\" class=\"translation-block\"><strong data-start=\"392\" data-end=\"437\">Vanne \u00e0 bille NIAGARA - Mod\u00e8le BB12EXT<\/strong><br data-start=\"437\" data-end=\"440\">Les mod\u00e8les BB12EXT sont des <strong data-start=\"472\" data-end=\"515\">vannes \u00e0 bille en bronze fiables et durables<\/strong> con\u00e7ues pour des performances constantes dans les syst\u00e8mes d'eau, d'air et les syst\u00e8mes industriels g\u00e9n\u00e9raux.<br data-start=\"600\" data-end=\"603\">Leur <strong data-start=\"609\" data-end=\"626\">conception robuste<\/strong> assure une longue dur\u00e9e de vie sans probl\u00e8me, tandis que la <strong data-start=\"680\" data-end=\"717\">structure l\u00e9g\u00e8re et compacte<\/strong> permet une installation facile, m\u00eame dans les espaces restreints.<\/p>\n<p data-start=\"772\" data-end=\"977\" class=\"translation-block\">\u00c9quip\u00e9 d'une <strong data-start=\"788\" data-end=\"808\">manche \u00e0 levier \u00e0 90\u00b0<\/strong>, le robinet offre un fonctionnement simple et en douceur.<br data-start=\"857\" data-end=\"860\">Sa <strong data-start=\"864\" data-end=\"891\">configuration \u00e0 passage int\u00e9gral<\/strong> permet un d\u00e9bit optimal avec un minimum de turbulences, garantissant ainsi une performance efficace du syst\u00e8me.<\/p>\n<p data-start=\"979\" data-end=\"1010\"><strong data-start=\"979\" data-end=\"1008\">Sp\u00e9cifications techniques :<\/strong><\/p>\n<ul data-start=\"1011\" data-end=\"1180\">\n<li data-start=\"1011\" data-end=\"1035\">\n<p data-start=\"1013\" data-end=\"1035\"><strong data-start=\"1013\" data-end=\"1022\">Taille :<\/strong> 1\/2\u2033 \u00e0 2\u2033<\/p>\n<\/li>\n<li data-start=\"1036\" data-end=\"1065\">\n<p data-start=\"1038\" data-end=\"1065\"><strong data-start=\"1038\" data-end=\"1058\">Pression nominale :<\/strong> PN25<\/p>\n<\/li>\n<li data-start=\"1066\" data-end=\"1155\">\n<p data-start=\"1068\" data-end=\"1090\"><strong data-start=\"1068\" data-end=\"1088\">Connexions d'extr\u00e9mit\u00e9 :<\/strong><\/p>\n<ul data-start=\"1093\" data-end=\"1155\">\n<li data-start=\"1093\" data-end=\"1123\">\n<p data-start=\"1095\" data-end=\"1123\">BS EN 10226-2 Filet conique<\/p>\n<\/li>\n<li data-start=\"1126\" data-end=\"1155\">\n<p data-start=\"1128\" data-end=\"1155\">ANSI B1.20.1 Filet conique<\/p>\n<\/li>\n<\/ul>\n<\/li>\n<li data-start=\"1156\" data-end=\"1180\">\n<p data-start=\"1158\" data-end=\"1180\"><strong data-start=\"1158\" data-end=\"1171\">Mat\u00e9riau :<\/strong> Bronze<\/p>\n<\/li>\n<\/ul>","protected":false},"excerpt":{"rendered":"<p data-start=\"186\" data-end=\"353\">Robinet \u00e0 boisseau sph\u00e9rique en bronze durable \u00e0 passage int\u00e9gral pour une efficacit\u00e9 maximale du d\u00e9bit. Compact, facile \u00e0 installer et con\u00e7u pour une longue dur\u00e9e de vie, il fonctionne en douceur avec un levier \u00e0 90\u00b0.<\/p>","protected":false},"featured_media":7779,"template":"","meta":{"content-type":""},"product_brand":[],"product_cat":[115,370],"product_tag":[],"class_list":{"0":"post-7780","1":"product","2":"type-product","3":"status-publish","4":"has-post-thumbnail","6":"product_cat-valves","7":"product_cat-ball-valves","9":"first","10":"instock","11":"shipping-taxable","12":"product-type-simple"},"_links":{"self":[{"href":"https:\/\/niagarapumps.ca\/fr\/wp-json\/wp\/v2\/product\/7780","targetHints":{"allow":["GET"]}}],"collection":[{"href":"https:\/\/niagarapumps.ca\/fr\/wp-json\/wp\/v2\/product"}],"about":[{"href":"https:\/\/niagarapumps.ca\/fr\/wp-json\/wp\/v2\/types\/product"}],"wp:featuredmedia":[{"embeddable":true,"href":"https:\/\/niagarapumps.ca\/fr\/wp-json\/wp\/v2\/media\/7779"}],"wp:attachment":[{"href":"https:\/\/niagarapumps.ca\/fr\/wp-json\/wp\/v2\/media?parent=7780"}],"wp:term":[{"taxonomy":"product_brand","embeddable":true,"href":"https:\/\/niagarapumps.ca\/fr\/wp-json\/wp\/v2\/product_brand?post=7780"},{"taxonomy":"product_cat","embeddable":true,"href":"https:\/\/niagarapumps.ca\/fr\/wp-json\/wp\/v2\/product_cat?post=7780"},{"taxonomy":"product_tag","embeddable":true,"href":"https:\/\/niagarapumps.ca\/fr\/wp-json\/wp\/v2\/product_tag?post=7780"}],"curies":[{"name":"wp","href":"https:\/\/api.w.org\/{rel}","templated":true}]}}