{"id":7785,"date":"2025-10-08T13:51:41","date_gmt":"2025-10-08T13:51:41","guid":{"rendered":"https:\/\/niagarapumps.ca\/?post_type=product&#038;p=7785"},"modified":"2025-10-08T13:56:43","modified_gmt":"2025-10-08T13:56:43","slug":"niagara-check-valve-model-cb4325","status":"publish","type":"product","link":"https:\/\/niagarapumps.ca\/fr\/product\/niagara-check-valve-model-cb4325\/","title":{"rendered":"Clapet anti-retour NIAGARA - Mod\u00e8le CB4325"},"content":{"rendered":"<p data-start=\"421\" data-end=\"770\" class=\"translation-block\"><strong data-start=\"421\" data-end=\"459\">NIAGARA Clapet anti-retour - Mod\u00e8le CB4325<\/strong><br data-start=\"459\" data-end=\"462\">Le mod\u00e8le CB4325 est un <strong data-start=\"484\" data-end=\"536\">clapet anti-retour \u00e0 battant en bronze robuste et de haute qualit\u00e9<\/strong> con\u00e7u pour un contr\u00f4le fiable du d\u00e9bit unidirectionnel dans les syst\u00e8mes de plomberie et les syst\u00e8mes industriels.<br data-start=\"615\" data-end=\"618\">Il pr\u00e9sente un <strong data-start=\"632\" data-end=\"660\">mod\u00e8le d'oscillation horizontale<\/strong> pour un fonctionnement en douceur et une r\u00e9duction des turbulences, garantissant des performances efficaces dans diff\u00e9rents syst\u00e8mes de fluides.<\/p>\n<p data-start=\"772\" data-end=\"1123\" class=\"translation-block\">Construite en <strong data-start=\"789\" data-end=\"807\">bronze de premi\u00e8re qualit\u00e9<\/strong>, cette vanne offre une excellente r\u00e9sistance \u00e0 la corrosion et une longue dur\u00e9e de vie.<br data-start=\"882\" data-end=\"885\">Elle offre \u00e9galement <strong data-start=\"900\" data-end=\"933\">diff\u00e9rentes options de mat\u00e9riaux de disque<\/strong>, permettant une personnalisation bas\u00e9e sur les exigences sp\u00e9cifiques du m\u00e9dia ou du syst\u00e8me.<br data-start=\"1005\" data-end=\"1008\">Les <strong data-start=\"1012\" data-end=\"1035\">embouts filet\u00e9s coniques<\/strong> sont conformes \u00e0 <strong data-start=\"1048\" data-end=\"1079\">BS EN 10226 ISO 7-1 (BS 21)<\/strong>, garantissant des connexions s\u00fbres et sans fuite.<\/p>\n<p data-start=\"1125\" data-end=\"1156\"><strong data-start=\"1125\" data-end=\"1154\">Sp\u00e9cifications techniques :<\/strong><\/p>\n<ul data-start=\"1157\" data-end=\"1493\">\n<li data-start=\"1157\" data-end=\"1181\">\n<p data-start=\"1159\" data-end=\"1181\"><strong data-start=\"1159\" data-end=\"1168\">Taille :<\/strong> 1\/2\u2033 \u00e0 2\u2033<\/p>\n<\/li>\n<li data-start=\"1182\" data-end=\"1211\">\n<p data-start=\"1184\" data-end=\"1211\"><strong data-start=\"1184\" data-end=\"1204\">Pression nominale :<\/strong> PN25<\/p>\n<\/li>\n<li data-start=\"1212\" data-end=\"1282\">\n<p data-start=\"1214\" data-end=\"1282\"><strong data-start=\"1214\" data-end=\"1234\">Connexions d'extr\u00e9mit\u00e9 :<\/strong> Filetage conique selon BS EN 10226 ISO 7-1 (BS 21)<\/p>\n<\/li>\n<li data-start=\"1283\" data-end=\"1369\">\n<p data-start=\"1285\" data-end=\"1305\"><strong data-start=\"1285\" data-end=\"1303\">Pression d'essai :<\/strong><\/p>\n<ul data-start=\"1308\" data-end=\"1369\">\n<li data-start=\"1308\" data-end=\"1336\">\n<p data-start=\"1310\" data-end=\"1336\">Coquille : 6 bar - Pneumatique<\/p>\n<\/li>\n<li data-start=\"1339\" data-end=\"1369\">\n<p data-start=\"1341\" data-end=\"1369\">Si\u00e8ge : 27,5 bar - hydraulique<\/p>\n<\/li>\n<\/ul>\n<\/li>\n<li data-start=\"1370\" data-end=\"1394\">\n<p data-start=\"1372\" data-end=\"1394\"><strong data-start=\"1372\" data-end=\"1385\">Mat\u00e9riau :<\/strong> Bronze<\/p>\n<\/li>\n<li data-start=\"1395\" data-end=\"1493\">\n<p data-start=\"1397\" data-end=\"1426\"><strong data-start=\"1397\" data-end=\"1424\">Pression \/ Temp\u00e9rature :<\/strong><\/p>\n<ul data-start=\"1429\" data-end=\"1493\">\n<li data-start=\"1429\" data-end=\"1450\">\n<p data-start=\"1431\" data-end=\"1450\">BS 5154:1991 PN25<\/p>\n<\/li>\n<li data-start=\"1453\" data-end=\"1493\">\n<p data-start=\"1455\" data-end=\"1493\">25 bar de -10\u00b0C \u00e0 90\u00b0C restreint<\/p>\n<\/li>\n<\/ul>\n<\/li>\n<\/ul>","protected":false},"excerpt":{"rendered":"<p data-start=\"167\" data-end=\"380\">Clapet anti-retour \u00e0 battant en bronze durable avec un motif horizontal, con\u00e7u pour emp\u00eacher les retours d'eau et assurer un d\u00e9bit unidirectionnel. Fabriqu\u00e9 avec des mat\u00e9riaux de haute qualit\u00e9, il est disponible avec diff\u00e9rentes options de disques pour diff\u00e9rentes applications.<\/p>","protected":false},"featured_media":7784,"template":"","meta":{"content-type":""},"product_brand":[],"product_cat":[115,371],"product_tag":[],"class_list":{"0":"post-7785","1":"product","2":"type-product","3":"status-publish","4":"has-post-thumbnail","6":"product_cat-valves","7":"product_cat-check-valves","9":"first","10":"instock","11":"shipping-taxable","12":"product-type-simple"},"_links":{"self":[{"href":"https:\/\/niagarapumps.ca\/fr\/wp-json\/wp\/v2\/product\/7785","targetHints":{"allow":["GET"]}}],"collection":[{"href":"https:\/\/niagarapumps.ca\/fr\/wp-json\/wp\/v2\/product"}],"about":[{"href":"https:\/\/niagarapumps.ca\/fr\/wp-json\/wp\/v2\/types\/product"}],"wp:featuredmedia":[{"embeddable":true,"href":"https:\/\/niagarapumps.ca\/fr\/wp-json\/wp\/v2\/media\/7784"}],"wp:attachment":[{"href":"https:\/\/niagarapumps.ca\/fr\/wp-json\/wp\/v2\/media?parent=7785"}],"wp:term":[{"taxonomy":"product_brand","embeddable":true,"href":"https:\/\/niagarapumps.ca\/fr\/wp-json\/wp\/v2\/product_brand?post=7785"},{"taxonomy":"product_cat","embeddable":true,"href":"https:\/\/niagarapumps.ca\/fr\/wp-json\/wp\/v2\/product_cat?post=7785"},{"taxonomy":"product_tag","embeddable":true,"href":"https:\/\/niagarapumps.ca\/fr\/wp-json\/wp\/v2\/product_tag?post=7785"}],"curies":[{"name":"wp","href":"https:\/\/api.w.org\/{rel}","templated":true}]}}