{"id":7788,"date":"2025-10-08T13:58:14","date_gmt":"2025-10-08T13:58:14","guid":{"rendered":"https:\/\/niagarapumps.ca\/?post_type=product&#038;p=7788"},"modified":"2025-10-08T14:00:57","modified_gmt":"2025-10-08T14:00:57","slug":"niagara-check-valve-model-cb4325w","status":"publish","type":"product","link":"https:\/\/niagarapumps.ca\/fr\/product\/niagara-check-valve-model-cb4325w\/","title":{"rendered":"Clapet anti-retour NIAGARA - Mod\u00e8le CB4325W"},"content":{"rendered":"<p data-start=\"416\" data-end=\"769\" class=\"translation-block\"><strong data-start=\"416\" data-end=\"455\">NIAGARA Clapet anti-retour - Mod\u00e8le CB4325W<\/strong><br data-start=\"455\" data-end=\"458\">Le mod\u00e8le CB4325W est un <strong data-start=\"481\" data-end=\"522\">clapet anti-retour \u00e0 battant en bronze de haute qualit\u00e9<\/strong> con\u00e7u pour permettre l'\u00e9coulement des fluides dans une direction tout en emp\u00eachant automatiquement les retours d'eau.<br data-start=\"609\" data-end=\"612\">Il pr\u00e9sente un <strong data-start=\"626\" data-end=\"654\">mod\u00e8le d'oscillation horizontale<\/strong> pour un fonctionnement en douceur et <strong data-start=\"680\" data-end=\"713\">diff\u00e9rentes options de mat\u00e9riau de disque<\/strong> pour s'adapter \u00e0 diff\u00e9rents types de fluides et conditions de syst\u00e8me.<\/p>\n<p data-start=\"771\" data-end=\"1081\" class=\"translation-block\">Construit en <strong data-start=\"788\" data-end=\"805\">bronze robuste<\/strong>, il assure une r\u00e9sistance exceptionnelle \u00e0 la corrosion, une robustesse et une fiabilit\u00e9 \u00e0 long terme, m\u00eame sous des pressions et des temp\u00e9ratures exigeantes.<br data-start=\"936\" data-end=\"939\">Les <strong data-start=\"943\" data-end=\"973\">raccords filet\u00e9s coniques<\/strong> sont fabriqu\u00e9s selon les normes <strong data-start=\"994\" data-end=\"1025\">BS EN 10226 ISO 7-1 (BS 21)<\/strong>, garantissant une installation s\u00fbre et sans fuite.<\/p>\n<p data-start=\"1083\" data-end=\"1114\"><strong data-start=\"1083\" data-end=\"1112\">Sp\u00e9cifications techniques :<\/strong><\/p>\n<ul data-start=\"1115\" data-end=\"1451\">\n<li data-start=\"1115\" data-end=\"1139\">\n<p data-start=\"1117\" data-end=\"1139\"><strong data-start=\"1117\" data-end=\"1126\">Taille :<\/strong> 3\/4\u2033 \u00e0 2\u2033<\/p>\n<\/li>\n<li data-start=\"1140\" data-end=\"1169\">\n<p data-start=\"1142\" data-end=\"1169\"><strong data-start=\"1142\" data-end=\"1162\">Pression nominale :<\/strong> PN25<\/p>\n<\/li>\n<li data-start=\"1170\" data-end=\"1240\">\n<p data-start=\"1172\" data-end=\"1240\"><strong data-start=\"1172\" data-end=\"1192\">Connexions d'extr\u00e9mit\u00e9 :<\/strong> Filetage conique selon BS EN 10226 ISO 7-1 (BS 21)<\/p>\n<\/li>\n<li data-start=\"1241\" data-end=\"1265\">\n<p data-start=\"1243\" data-end=\"1265\"><strong data-start=\"1243\" data-end=\"1256\">Mat\u00e9riau :<\/strong> Bronze<\/p>\n<\/li>\n<li data-start=\"1266\" data-end=\"1364\">\n<p data-start=\"1268\" data-end=\"1297\"><strong data-start=\"1268\" data-end=\"1295\">Pression \/ Temp\u00e9rature :<\/strong><\/p>\n<ul data-start=\"1300\" data-end=\"1364\">\n<li data-start=\"1300\" data-end=\"1321\">\n<p data-start=\"1302\" data-end=\"1321\">BS 5154:1991 PN25<\/p>\n<\/li>\n<li data-start=\"1324\" data-end=\"1364\">\n<p data-start=\"1326\" data-end=\"1364\">25 bar de -10\u00b0C \u00e0 90\u00b0C restreint<\/p>\n<\/li>\n<\/ul>\n<\/li>\n<li data-start=\"1365\" data-end=\"1451\">\n<p data-start=\"1367\" data-end=\"1387\"><strong data-start=\"1367\" data-end=\"1385\">Pression d'essai :<\/strong><\/p>\n<ul data-start=\"1390\" data-end=\"1451\">\n<li data-start=\"1390\" data-end=\"1418\">\n<p data-start=\"1392\" data-end=\"1418\">Coquille : 6 bar - Pneumatique<\/p>\n<\/li>\n<li data-start=\"1421\" data-end=\"1451\">\n<p data-start=\"1423\" data-end=\"1451\">Si\u00e8ge : 27,5 bar - hydraulique<\/p>\n<\/li>\n<\/ul>\n<\/li>\n<\/ul>","protected":false},"excerpt":{"rendered":"<p data-start=\"172\" data-end=\"375\">Clapet anti-retour \u00e0 battant en bronze durable, \u00e0 configuration horizontale, con\u00e7u pour un \u00e9coulement unidirectionnel et une fermeture automatique en cas d'\u00e9coulement inverse. Disponible en plusieurs mat\u00e9riaux de disque pour r\u00e9pondre aux diff\u00e9rentes exigences des syst\u00e8mes.<\/p>","protected":false},"featured_media":7786,"template":"","meta":{"content-type":""},"product_brand":[],"product_cat":[115,371],"product_tag":[],"class_list":{"0":"post-7788","1":"product","2":"type-product","3":"status-publish","4":"has-post-thumbnail","6":"product_cat-valves","7":"product_cat-check-valves","9":"first","10":"instock","11":"shipping-taxable","12":"product-type-simple"},"_links":{"self":[{"href":"https:\/\/niagarapumps.ca\/fr\/wp-json\/wp\/v2\/product\/7788","targetHints":{"allow":["GET"]}}],"collection":[{"href":"https:\/\/niagarapumps.ca\/fr\/wp-json\/wp\/v2\/product"}],"about":[{"href":"https:\/\/niagarapumps.ca\/fr\/wp-json\/wp\/v2\/types\/product"}],"wp:featuredmedia":[{"embeddable":true,"href":"https:\/\/niagarapumps.ca\/fr\/wp-json\/wp\/v2\/media\/7786"}],"wp:attachment":[{"href":"https:\/\/niagarapumps.ca\/fr\/wp-json\/wp\/v2\/media?parent=7788"}],"wp:term":[{"taxonomy":"product_brand","embeddable":true,"href":"https:\/\/niagarapumps.ca\/fr\/wp-json\/wp\/v2\/product_brand?post=7788"},{"taxonomy":"product_cat","embeddable":true,"href":"https:\/\/niagarapumps.ca\/fr\/wp-json\/wp\/v2\/product_cat?post=7788"},{"taxonomy":"product_tag","embeddable":true,"href":"https:\/\/niagarapumps.ca\/fr\/wp-json\/wp\/v2\/product_tag?post=7788"}],"curies":[{"name":"wp","href":"https:\/\/api.w.org\/{rel}","templated":true}]}}