{"id":7793,"date":"2025-10-08T15:59:56","date_gmt":"2025-10-08T15:59:56","guid":{"rendered":"https:\/\/niagarapumps.ca\/?post_type=product&#038;p=7793"},"modified":"2025-10-08T16:02:09","modified_gmt":"2025-10-08T16:02:09","slug":"niagara-check-valve-model-cs2w","status":"publish","type":"product","link":"https:\/\/niagarapumps.ca\/fr\/product\/niagara-check-valve-model-cs2w\/","title":{"rendered":"Clapet anti-retour NIAGARA - Mod\u00e8le CS2W"},"content":{"rendered":"<p data-start=\"459\" data-end=\"810\" class=\"translation-block\"><strong data-start=\"459\" data-end=\"495\">NIAGARA Clapet anti-retour - Mod\u00e8le CS2W<\/strong><br data-start=\"495\" data-end=\"498\">Le mod\u00e8le CS2W est un <strong data-start=\"518\" data-end=\"564\">clapet anti-retour \u00e0 ressort double, Le mod\u00e8le CS2W est un &lt;strong data-start=&quot;518&quot; data-end=&quot;564&quot;&quot;clapet anti-retour \u00e0 ressort double<\/strong> compos\u00e9 de <strong data-start=\"579\" data-end=\"625\">deux clapets anti-retour simples approuv\u00e9s par le WRAS<\/strong> boulonn\u00e9s ensemble pour une s\u00e9curit\u00e9 et des performances accrues.<br data-start=\"678\" data-end=\"681\">Il est con\u00e7u pour \u00eatre utilis\u00e9 dans des syst\u00e8mes d'eau potable jusqu'\u00e0 85\u00b0C et fournit <strong data-start=\"753\" data-end=\"783\">une fermeture positive sans claquement<\/strong> pour emp\u00eacher les coups de b\u00e9lier.<\/p>\n<p data-start=\"812\" data-end=\"1140\" class=\"translation-block\">\u00c9quip\u00e9 d'un <strong data-start=\"829\" data-end=\"866\">disque \u00e0 ressort \u00e0 guidage axial<\/strong>, il assure un fonctionnement souple et fiable dans des conditions de d\u00e9bit variables.<br data-start=\"939\" data-end=\"942\">Le <strong data-start=\"946\" data-end=\"964\">si\u00e8ge r\u00e9silient<\/strong> offre une excellente \u00e9tanch\u00e9it\u00e9, tandis que le <strong data-start=\"1001\" data-end=\"1054\">rev\u00eatement \u00e9poxy interne et externe li\u00e9 par fusion<\/strong> assure une protection sup\u00e9rieure contre la corrosion, prolongeant ainsi la dur\u00e9e de vie de la vanne.<\/p>\n<p data-start=\"1142\" data-end=\"1173\"><strong data-start=\"1142\" data-end=\"1171\">Sp\u00e9cifications techniques :<\/strong><\/p>\n<ul data-start=\"1174\" data-end=\"1359\">\n<li data-start=\"1174\" data-end=\"1201\">\n<p data-start=\"1176\" data-end=\"1201\"><strong data-start=\"1176\" data-end=\"1185\">Taille :<\/strong> DN50 \u00e0 DN300<\/p>\n<\/li>\n<li data-start=\"1202\" data-end=\"1231\">\n<p data-start=\"1204\" data-end=\"1231\"><strong data-start=\"1204\" data-end=\"1224\">Pression nominale :<\/strong> PN16<\/p>\n<\/li>\n<li data-start=\"1232\" data-end=\"1285\">\n<p data-start=\"1234\" data-end=\"1285\"><strong data-start=\"1234\" data-end=\"1254\">Connexions d'extr\u00e9mit\u00e9 :<\/strong> Bride selon BS EN 1092-2 PN16<\/p>\n<\/li>\n<li data-start=\"1286\" data-end=\"1316\">\n<p data-start=\"1288\" data-end=\"1316\"><strong data-start=\"1288\" data-end=\"1301\">Mat\u00e9riau :<\/strong> Fonte ductile<\/p>\n<\/li>\n<li data-start=\"1317\" data-end=\"1359\">\n<p data-start=\"1319\" data-end=\"1359\"><strong data-start=\"1319\" data-end=\"1342\">Temp\u00e9rature nominale :<\/strong> De -10\u00b0C \u00e0 100\u00b0C<\/p>\n<\/li>\n<\/ul>","protected":false},"excerpt":{"rendered":"<p data-start=\"221\" data-end=\"418\">Clapet anti-retour \u00e0 double ressort, sans clapet, con\u00e7u pour les syst\u00e8mes d'eau \u00e0 haute fiabilit\u00e9. Approuv\u00e9 par le WRAS, il est dot\u00e9 d'un si\u00e8ge r\u00e9silient et d'un rev\u00eatement \u00e9poxy li\u00e9 par fusion pour une excellente r\u00e9sistance \u00e0 la corrosion.<\/p>","protected":false},"featured_media":7794,"template":"","meta":{"content-type":""},"product_brand":[],"product_cat":[115,371],"product_tag":[],"class_list":{"0":"post-7793","1":"product","2":"type-product","3":"status-publish","4":"has-post-thumbnail","6":"product_cat-valves","7":"product_cat-check-valves","9":"first","10":"instock","11":"shipping-taxable","12":"product-type-simple"},"_links":{"self":[{"href":"https:\/\/niagarapumps.ca\/fr\/wp-json\/wp\/v2\/product\/7793","targetHints":{"allow":["GET"]}}],"collection":[{"href":"https:\/\/niagarapumps.ca\/fr\/wp-json\/wp\/v2\/product"}],"about":[{"href":"https:\/\/niagarapumps.ca\/fr\/wp-json\/wp\/v2\/types\/product"}],"wp:featuredmedia":[{"embeddable":true,"href":"https:\/\/niagarapumps.ca\/fr\/wp-json\/wp\/v2\/media\/7794"}],"wp:attachment":[{"href":"https:\/\/niagarapumps.ca\/fr\/wp-json\/wp\/v2\/media?parent=7793"}],"wp:term":[{"taxonomy":"product_brand","embeddable":true,"href":"https:\/\/niagarapumps.ca\/fr\/wp-json\/wp\/v2\/product_brand?post=7793"},{"taxonomy":"product_cat","embeddable":true,"href":"https:\/\/niagarapumps.ca\/fr\/wp-json\/wp\/v2\/product_cat?post=7793"},{"taxonomy":"product_tag","embeddable":true,"href":"https:\/\/niagarapumps.ca\/fr\/wp-json\/wp\/v2\/product_tag?post=7793"}],"curies":[{"name":"wp","href":"https:\/\/api.w.org\/{rel}","templated":true}]}}