{"id":7795,"date":"2025-10-08T16:03:09","date_gmt":"2025-10-08T16:03:09","guid":{"rendered":"https:\/\/niagarapumps.ca\/?post_type=product&#038;p=7795"},"modified":"2025-10-08T16:06:29","modified_gmt":"2025-10-08T16:06:29","slug":"niagara-check-valve-model-cs3","status":"publish","type":"product","link":"https:\/\/niagarapumps.ca\/fr\/product\/niagara-check-valve-model-cs3\/","title":{"rendered":"Clapet anti-retour NIAGARA - Mod\u00e8le CS3"},"content":{"rendered":"<p data-start=\"463\" data-end=\"752\" class=\"translation-block\"><strong data-start=\"463\" data-end=\"498\">NIAGARA Clapet anti-retour - Mod\u00e8le CS3<\/strong><br data-start=\"498\" data-end=\"501\">Le mod\u00e8le CS3 est un <strong data-start=\"520\" data-end=\"548\">clapet anti-retour robuste \u00e0 battant<\/strong> con\u00e7u pour une utilisation polyvalente dans les syst\u00e8mes de distribution d'eau et de liquides en g\u00e9n\u00e9ral.<br data-start=\"614\" data-end=\"617\">Il est con\u00e7u pour g\u00e9rer des vitesses d'\u00e9coulement allant jusqu'\u00e0 <strong data-start=\"667\" data-end=\"690\">3 m\u00e8tres par seconde<\/strong>, garantissant des performances efficaces avec une perte de pression minimale.<\/p>\n<p data-start=\"754\" data-end=\"1092\" class=\"translation-block\">Dot\u00e9e d'un <strong data-start=\"766\" data-end=\"782\">couvercle boulonn\u00e9<\/strong>, la vanne est facile \u00e0 entretenir et peut \u00eatre mont\u00e9e sur des <strong data-start=\"841\" data-end=\"878\">tuyauteries horizontales et verticales<\/strong>.<br data-start=\"879\" data-end=\"882\">Fabriqu\u00e9e en <strong data-start=\"900\" data-end=\"921\">fonte durable<\/strong>, elle offre une r\u00e9sistance exceptionnelle et une longue dur\u00e9e de vie sous haute pression.<br data-start=\"1008\" data-end=\"1011\">Cette vanne est id\u00e9ale pour une large gamme d'applications dans les domaines de l'eau, du chauffage, de la ventilation et de la climatisation, ainsi que dans l'industrie.<\/p>\n<p data-start=\"1094\" data-end=\"1125\"><strong data-start=\"1094\" data-end=\"1123\">Sp\u00e9cifications techniques :<\/strong><\/p>\n<ul data-start=\"1126\" data-end=\"1443\">\n<li data-start=\"1126\" data-end=\"1153\">\n<p data-start=\"1128\" data-end=\"1153\"><strong data-start=\"1128\" data-end=\"1137\">Taille :<\/strong> 50mm \u00e0 300mm<\/p>\n<\/li>\n<li data-start=\"1154\" data-end=\"1183\">\n<p data-start=\"1156\" data-end=\"1183\"><strong data-start=\"1156\" data-end=\"1176\">Pression nominale :<\/strong> PN25<\/p>\n<\/li>\n<li data-start=\"1184\" data-end=\"1237\">\n<p data-start=\"1186\" data-end=\"1237\"><strong data-start=\"1186\" data-end=\"1206\">Connexions d'extr\u00e9mit\u00e9 :<\/strong> Bride selon BS EN 1092-2 PN25<\/p>\n<\/li>\n<li data-start=\"1238\" data-end=\"1303\">\n<p data-start=\"1240\" data-end=\"1260\"><strong data-start=\"1240\" data-end=\"1258\">Pression d'essai :<\/strong><\/p>\n<ul data-start=\"1263\" data-end=\"1303\">\n<li data-start=\"1263\" data-end=\"1282\">\n<p data-start=\"1265\" data-end=\"1282\">Coquille : 37,5 bars<\/p>\n<\/li>\n<li data-start=\"1285\" data-end=\"1303\">\n<p data-start=\"1287\" data-end=\"1303\">Si\u00e8ge : 27,5 bars<\/p>\n<\/li>\n<\/ul>\n<\/li>\n<li data-start=\"1304\" data-end=\"1331\">\n<p data-start=\"1306\" data-end=\"1331\"><strong data-start=\"1306\" data-end=\"1319\">Mat\u00e9riau :<\/strong> Fonte<\/p>\n<\/li>\n<li data-start=\"1332\" data-end=\"1443\">\n<p data-start=\"1334\" data-end=\"1363\"><strong data-start=\"1334\" data-end=\"1361\">Pression \/ Temp\u00e9rature :<\/strong><\/p>\n<ul data-start=\"1366\" data-end=\"1443\">\n<li data-start=\"1366\" data-end=\"1386\">\n<p data-start=\"1368\" data-end=\"1386\">BS EN 12334 PN25<\/p>\n<\/li>\n<li data-start=\"1389\" data-end=\"1419\">\n<p data-start=\"1391\" data-end=\"1419\">25 bar de -10\u00b0C \u00e0 120\u00b0C<\/p>\n<\/li>\n<li data-start=\"1422\" data-end=\"1443\">\n<p data-start=\"1424\" data-end=\"1443\">21,5 bar \u00e0 220\u00b0C<\/p>\n<\/li>\n<\/ul>\n<\/li>\n<\/ul>","protected":false},"excerpt":{"rendered":"<p data-start=\"209\" data-end=\"422\">Clapet anti-retour \u00e0 battant en fonte tr\u00e8s r\u00e9sistant, adapt\u00e9 \u00e0 une installation horizontale ou verticale. Con\u00e7u pour les syst\u00e8mes d'eau et de liquides, il offre une pr\u00e9vention fiable des retours d'eau dans des conditions de pression et de temp\u00e9rature \u00e9lev\u00e9es.<\/p>","protected":false},"featured_media":7796,"template":"","meta":{"content-type":""},"product_brand":[],"product_cat":[115,371],"product_tag":[],"class_list":{"0":"post-7795","1":"product","2":"type-product","3":"status-publish","4":"has-post-thumbnail","6":"product_cat-valves","7":"product_cat-check-valves","9":"first","10":"instock","11":"shipping-taxable","12":"product-type-simple"},"_links":{"self":[{"href":"https:\/\/niagarapumps.ca\/fr\/wp-json\/wp\/v2\/product\/7795","targetHints":{"allow":["GET"]}}],"collection":[{"href":"https:\/\/niagarapumps.ca\/fr\/wp-json\/wp\/v2\/product"}],"about":[{"href":"https:\/\/niagarapumps.ca\/fr\/wp-json\/wp\/v2\/types\/product"}],"wp:featuredmedia":[{"embeddable":true,"href":"https:\/\/niagarapumps.ca\/fr\/wp-json\/wp\/v2\/media\/7796"}],"wp:attachment":[{"href":"https:\/\/niagarapumps.ca\/fr\/wp-json\/wp\/v2\/media?parent=7795"}],"wp:term":[{"taxonomy":"product_brand","embeddable":true,"href":"https:\/\/niagarapumps.ca\/fr\/wp-json\/wp\/v2\/product_brand?post=7795"},{"taxonomy":"product_cat","embeddable":true,"href":"https:\/\/niagarapumps.ca\/fr\/wp-json\/wp\/v2\/product_cat?post=7795"},{"taxonomy":"product_tag","embeddable":true,"href":"https:\/\/niagarapumps.ca\/fr\/wp-json\/wp\/v2\/product_tag?post=7795"}],"curies":[{"name":"wp","href":"https:\/\/api.w.org\/{rel}","templated":true}]}}