{"id":7801,"date":"2025-10-08T16:25:40","date_gmt":"2025-10-08T16:25:40","guid":{"rendered":"https:\/\/niagarapumps.ca\/?post_type=product&#038;p=7801"},"modified":"2025-10-08T16:25:40","modified_gmt":"2025-10-08T16:25:40","slug":"niagara-gate-valve-model-gb1-gb1ls","status":"publish","type":"product","link":"https:\/\/niagarapumps.ca\/fr\/product\/niagara-gate-valve-model-gb1-gb1ls\/","title":{"rendered":"Robinet-vanne NIAGARA - Mod\u00e8le GB1 &amp; GB1LS"},"content":{"rendered":"<p data-start=\"405\" data-end=\"738\" class=\"translation-block\"><strong data-start=\"405\" data-end=\"447\">Vanne \u00e0 guillotine NIAGARA - Mod\u00e8le GB1 &amp; GB1LS<\/strong><br data-start=\"447\" data-end=\"450\">Les mod\u00e8les GB1 et GB1LS sont des <strong data-start=\"479\" data-end=\"529\">vannes \u00e0 guillotine en bronze robustes et de haute performance<\/strong> con\u00e7ues pour un contr\u00f4le r\u00e9gulier du d\u00e9bit et une fermeture s\u00fbre dans les syst\u00e8mes d'eau.<br data-start=\"600\" data-end=\"603\">Fabriqu\u00e9s avec <strong data-start=\"621\" data-end=\"650\">des surfaces d'appui int\u00e9gr\u00e9es<\/strong> et une <strong data-start=\"657\" data-end=\"676\">tige non montante<\/strong>, ces robinets garantissent un fonctionnement fiable dans les espaces confin\u00e9s.<\/p>\n<p data-start=\"740\" data-end=\"1080\" class=\"translation-block\">Ils sont <strong data-start=\"749\" data-end=\"778\">Kitemarked to BS EN 12288<\/strong> et <strong data-start=\"783\" data-end=\"800\">WRAS approved<\/strong> pour une utilisation avec <strong data-start=\"814\" data-end=\"843\">de l'eau saine (potable)<\/strong> dans des tailles de 1\/2\u2033 \u00e0 2\u2033, ce qui les rend id\u00e9aux pour les syst\u00e8mes de plomberie domestiques et commerciaux.<br data-start=\"933\" data-end=\"936\">La <strong data-start=\"940\" data-end=\"963\">construction en bronze<\/strong> offre une r\u00e9sistance sup\u00e9rieure \u00e0 la corrosion, une longue dur\u00e9e de vie et une adaptation \u00e0 une large gamme de conditions de fonctionnement.<\/p>\n<p data-start=\"1082\" data-end=\"1113\"><strong data-start=\"1082\" data-end=\"1111\">Sp\u00e9cifications techniques :<\/strong><\/p>\n<ul data-start=\"1114\" data-end=\"1534\">\n<li data-start=\"1114\" data-end=\"1138\">\n<p data-start=\"1116\" data-end=\"1138\"><strong data-start=\"1116\" data-end=\"1125\">Taille :<\/strong> 1\/4\u2033 \u00e0 4\u2033<\/p>\n<\/li>\n<li data-start=\"1139\" data-end=\"1168\">\n<p data-start=\"1141\" data-end=\"1168\"><strong data-start=\"1141\" data-end=\"1161\">Pression nominale :<\/strong> PN20<\/p>\n<\/li>\n<li data-start=\"1169\" data-end=\"1237\">\n<p data-start=\"1171\" data-end=\"1237\"><strong data-start=\"1171\" data-end=\"1191\">Connexions d'extr\u00e9mit\u00e9 :<\/strong> Filetage conique BS EN 10226 (anciennement BS 21)<\/p>\n<\/li>\n<li data-start=\"1238\" data-end=\"1262\">\n<p data-start=\"1240\" data-end=\"1262\"><strong data-start=\"1240\" data-end=\"1253\">Mat\u00e9riau :<\/strong> Bronze<\/p>\n<\/li>\n<li data-start=\"1263\" data-end=\"1425\">\n<p data-start=\"1265\" data-end=\"1285\"><strong data-start=\"1265\" data-end=\"1283\">Pression d'essai :<\/strong><\/p>\n<ul data-start=\"1288\" data-end=\"1425\">\n<li data-start=\"1288\" data-end=\"1329\">\n<p data-start=\"1290\" data-end=\"1329\">Corps : 6 bar - Si\u00e8ge : 6 bar (hydraulique)<\/p>\n<\/li>\n<li data-start=\"1332\" data-end=\"1373\">\n<p data-start=\"1334\" data-end=\"1373\">Hydraulique (2 1\/2\u2033 \u00e0 4\u2033) : 21\/2\u2033 \u00e0 4\u2033<\/p>\n<\/li>\n<li data-start=\"1376\" data-end=\"1425\">\n<p data-start=\"1378\" data-end=\"1425\">Pneumatique (1\/4\u2033 \u00e0 2\u2033) : 30 bar - Si\u00e8ge : 22 bar<\/p>\n<\/li>\n<\/ul>\n<\/li>\n<li data-start=\"1426\" data-end=\"1534\">\n<p data-start=\"1428\" data-end=\"1457\"><strong data-start=\"1428\" data-end=\"1455\">Pression \/ Temp\u00e9rature :<\/strong><\/p>\n<ul data-start=\"1460\" data-end=\"1534\">\n<li data-start=\"1460\" data-end=\"1480\">\n<p data-start=\"1462\" data-end=\"1480\">BS EN 12288 PN20<\/p>\n<\/li>\n<li data-start=\"1483\" data-end=\"1501\">\n<p data-start=\"1485\" data-end=\"1501\">9 bar \u00e0 180\u00b0C<\/p>\n<\/li>\n<li data-start=\"1504\" data-end=\"1534\">\n<p data-start=\"1506\" data-end=\"1534\">20 bar de -10\u00b0C \u00e0 100\u00b0C<\/p>\n<\/li>\n<\/ul>\n<\/li>\n<\/ul>","protected":false},"excerpt":{"rendered":"<p data-start=\"175\" data-end=\"364\">Robinet-vanne en bronze de haute qualit\u00e9 \u00e0 tige non montante. Approuv\u00e9 par le WRAS pour les applications d'eau potable et construit selon les normes BS EN 12288 pour une durabilit\u00e9 et une performance d'arr\u00eat fiable.<\/p>","protected":false},"featured_media":7802,"template":"","meta":{"content-type":""},"product_brand":[],"product_cat":[115,372],"product_tag":[],"class_list":{"0":"post-7801","1":"product","2":"type-product","3":"status-publish","4":"has-post-thumbnail","6":"product_cat-valves","7":"product_cat-gate-valves","9":"first","10":"instock","11":"shipping-taxable","12":"product-type-simple"},"_links":{"self":[{"href":"https:\/\/niagarapumps.ca\/fr\/wp-json\/wp\/v2\/product\/7801","targetHints":{"allow":["GET"]}}],"collection":[{"href":"https:\/\/niagarapumps.ca\/fr\/wp-json\/wp\/v2\/product"}],"about":[{"href":"https:\/\/niagarapumps.ca\/fr\/wp-json\/wp\/v2\/types\/product"}],"wp:featuredmedia":[{"embeddable":true,"href":"https:\/\/niagarapumps.ca\/fr\/wp-json\/wp\/v2\/media\/7802"}],"wp:attachment":[{"href":"https:\/\/niagarapumps.ca\/fr\/wp-json\/wp\/v2\/media?parent=7801"}],"wp:term":[{"taxonomy":"product_brand","embeddable":true,"href":"https:\/\/niagarapumps.ca\/fr\/wp-json\/wp\/v2\/product_brand?post=7801"},{"taxonomy":"product_cat","embeddable":true,"href":"https:\/\/niagarapumps.ca\/fr\/wp-json\/wp\/v2\/product_cat?post=7801"},{"taxonomy":"product_tag","embeddable":true,"href":"https:\/\/niagarapumps.ca\/fr\/wp-json\/wp\/v2\/product_tag?post=7801"}],"curies":[{"name":"wp","href":"https:\/\/api.w.org\/{rel}","templated":true}]}}