{"id":7807,"date":"2025-10-08T16:32:12","date_gmt":"2025-10-08T16:32:12","guid":{"rendered":"https:\/\/niagarapumps.ca\/?post_type=product&#038;p=7807"},"modified":"2025-10-08T16:34:06","modified_gmt":"2025-10-08T16:34:06","slug":"niagara-gate-valve-model-gb2c-gb2cls","status":"publish","type":"product","link":"https:\/\/niagarapumps.ca\/fr\/product\/niagara-gate-valve-model-gb2c-gb2cls\/","title":{"rendered":"Vanne NIAGARA - Mod\u00e8le GB2C &amp; GB2CLS"},"content":{"rendered":"<p data-start=\"374\" data-end=\"714\" class=\"translation-block\"><strong data-start=\"374\" data-end=\"418\">Vanne \u00e0 guillotine NIAGARA - Mod\u00e8le GB2C &amp; GB2CLS<\/strong><br data-start=\"418\" data-end=\"421\">Les mod\u00e8les GB2C et GB2CLS sont des <strong data-start=\"452\" data-end=\"487\">vannes \u00e0 guillotine en bronze de haute qualit\u00e9<\/strong> construites pour un fonctionnement fiable dans les syst\u00e8mes d'eau o\u00f9 une perte de charge minimale est essentielle.<br data-start=\"577\" data-end=\"580\">Leur <strong data-start=\"586\" data-end=\"608\">corps robuste en bronze<\/strong> avec <strong data-start=\"614\" data-end=\"643\">surfaces d'assise int\u00e9gr\u00e9es<\/strong> garantit la durabilit\u00e9, la r\u00e9sistance \u00e0 la corrosion et la fiabilit\u00e9 \u00e0 long terme.<\/p>\n<p data-start=\"716\" data-end=\"1093\" class=\"translation-block\">Le <strong data-start=\"720\" data-end=\"767\">mod\u00e8le de vis int\u00e9rieure avec une tige non montante<\/strong> rend ces vannes compactes et faciles \u00e0 installer dans les espaces confin\u00e9s.<br data-start=\"834\" data-end=\"837\">Compl\u00e8tement <strong data-start=\"843\" data-end=\"860\">approuv\u00e9s par le WRAS<\/strong>, ils conviennent aux <strong data-start=\"884\" data-end=\"925\">applications d'eau potable<\/strong>, offrant un contr\u00f4le pr\u00e9cis et r\u00e9gulier du d\u00e9bit.<br data-start=\"970\" data-end=\"973\">Les <strong data-start=\"977\" data-end=\"1008\">connexions \u00e0 compression<\/strong> sont conformes \u00e0 <strong data-start=\"1021\" data-end=\"1045\">BS EN 1057:2006 R250<\/strong>, garantissant une installation s\u00fbre sur les tubes en cuivre.<\/p>\n<p data-start=\"1095\" data-end=\"1126\"><strong data-start=\"1095\" data-end=\"1124\">Sp\u00e9cifications techniques :<\/strong><\/p>\n<ul data-start=\"1127\" data-end=\"1286\">\n<li data-start=\"1127\" data-end=\"1153\">\n<p data-start=\"1129\" data-end=\"1153\"><strong data-start=\"1129\" data-end=\"1138\">Taille :<\/strong> 15mm \u00e0 54mm<\/p>\n<\/li>\n<li data-start=\"1154\" data-end=\"1183\">\n<p data-start=\"1156\" data-end=\"1183\"><strong data-start=\"1156\" data-end=\"1176\">Pression nominale :<\/strong> PN16<\/p>\n<\/li>\n<li data-start=\"1184\" data-end=\"1261\">\n<p data-start=\"1186\" data-end=\"1261\"><strong data-start=\"1186\" data-end=\"1206\">Connexions d'extr\u00e9mit\u00e9 :<\/strong> Extr\u00e9mit\u00e9s \u00e0 compression conformes \u00e0 la norme BS EN 1057:2006 (demi-dur R250)<\/p>\n<\/li>\n<li data-start=\"1262\" data-end=\"1286\">\n<p data-start=\"1264\" data-end=\"1286\"><strong data-start=\"1264\" data-end=\"1277\">Mat\u00e9riau :<\/strong> Bronze<\/p>\n<\/li>\n<\/ul>","protected":false},"excerpt":{"rendered":"<p data-start=\"171\" data-end=\"333\">Robinet-vanne \u00e0 compression en bronze fiable avec tige non montante. Approuv\u00e9 par le WRAS pour l'utilisation d'eau potable et con\u00e7u pour un d\u00e9bit r\u00e9gulier avec une perte de pression minimale.<\/p>","protected":false},"featured_media":7808,"template":"","meta":{"content-type":""},"product_brand":[],"product_cat":[115,372],"product_tag":[],"class_list":{"0":"post-7807","1":"product","2":"type-product","3":"status-publish","4":"has-post-thumbnail","6":"product_cat-valves","7":"product_cat-gate-valves","9":"first","10":"instock","11":"shipping-taxable","12":"product-type-simple"},"_links":{"self":[{"href":"https:\/\/niagarapumps.ca\/fr\/wp-json\/wp\/v2\/product\/7807","targetHints":{"allow":["GET"]}}],"collection":[{"href":"https:\/\/niagarapumps.ca\/fr\/wp-json\/wp\/v2\/product"}],"about":[{"href":"https:\/\/niagarapumps.ca\/fr\/wp-json\/wp\/v2\/types\/product"}],"wp:featuredmedia":[{"embeddable":true,"href":"https:\/\/niagarapumps.ca\/fr\/wp-json\/wp\/v2\/media\/7808"}],"wp:attachment":[{"href":"https:\/\/niagarapumps.ca\/fr\/wp-json\/wp\/v2\/media?parent=7807"}],"wp:term":[{"taxonomy":"product_brand","embeddable":true,"href":"https:\/\/niagarapumps.ca\/fr\/wp-json\/wp\/v2\/product_brand?post=7807"},{"taxonomy":"product_cat","embeddable":true,"href":"https:\/\/niagarapumps.ca\/fr\/wp-json\/wp\/v2\/product_cat?post=7807"},{"taxonomy":"product_tag","embeddable":true,"href":"https:\/\/niagarapumps.ca\/fr\/wp-json\/wp\/v2\/product_tag?post=7807"}],"curies":[{"name":"wp","href":"https:\/\/api.w.org\/{rel}","templated":true}]}}