{"id":7811,"date":"2025-10-08T18:19:42","date_gmt":"2025-10-08T18:19:42","guid":{"rendered":"https:\/\/niagarapumps.ca\/?post_type=product&#038;p=7811"},"modified":"2025-10-08T18:23:46","modified_gmt":"2025-10-08T18:23:46","slug":"niagara-gate-valve-model-gb4","status":"publish","type":"product","link":"https:\/\/niagarapumps.ca\/fr\/product\/niagara-gate-valve-model-gb4\/","title":{"rendered":"Robinet-vanne NIAGARA - Mod\u00e8le GB4"},"content":{"rendered":"<p data-start=\"378\" data-end=\"761\" class=\"translation-block\"><strong data-start=\"378\" data-end=\"412\">Vanne \u00e0 guillotine NIAGARA - Mod\u00e8le GB4<\/strong><br data-start=\"412\" data-end=\"415\">Le mod\u00e8le GB4 est une <strong data-start=\"434\" data-end=\"476\">vanne \u00e0 guillotine en bronze robuste et de haute qualit\u00e9<\/strong> con\u00e7ue pour les syst\u00e8mes \u00e0 haute pression o\u00f9 un contr\u00f4le fiable du d\u00e9bit est essentiel.<br data-start=\"553\" data-end=\"556\">Il pr\u00e9sente <strong data-start=\"568\" data-end=\"597\">des surfaces d'appui int\u00e9gr\u00e9es<\/strong> pour une \u00e9tanch\u00e9it\u00e9 durable et un <strong data-start=\"642\" data-end=\"685\">mod\u00e8le de vis int\u00e9rieure avec tige montante<\/strong>, permettant une indication visuelle claire de la position ouverte ou ferm\u00e9e du robinet.<\/p>\n<p data-start=\"763\" data-end=\"1048\" class=\"translation-block\">Fabriqu\u00e9e en <strong data-start=\"781\" data-end=\"799\">bronze de premi\u00e8re qualit\u00e9<\/strong>, cette vanne offre une excellente r\u00e9sistance \u00e0 la corrosion et \u00e0 l'usure, garantissant un service fiable dans des conditions de fonctionnement exigeantes.<br data-start=\"928\" data-end=\"931\">Il convient pour <strong data-start=\"950\" data-end=\"976\">des pressions jusqu'\u00e0 32 bar<\/strong> et r\u00e9pond \u00e0 la norme <strong data-start=\"991\" data-end=\"1011\">BS EN 12288 PN32<\/strong> en mati\u00e8re de performance et de s\u00e9curit\u00e9.<\/p>\n<p data-start=\"1050\" data-end=\"1081\"><strong data-start=\"1050\" data-end=\"1079\">Sp\u00e9cifications techniques :<\/strong><\/p>\n<ul data-start=\"1082\" data-end=\"1413\">\n<li data-start=\"1082\" data-end=\"1106\">\n<p data-start=\"1084\" data-end=\"1106\"><strong data-start=\"1084\" data-end=\"1093\">Taille :<\/strong> 1\/4\u2033 \u00e0 2\u2033<\/p>\n<\/li>\n<li data-start=\"1107\" data-end=\"1136\">\n<p data-start=\"1109\" data-end=\"1136\"><strong data-start=\"1109\" data-end=\"1129\">Pression nominale :<\/strong> PN32<\/p>\n<\/li>\n<li data-start=\"1137\" data-end=\"1214\">\n<p data-start=\"1139\" data-end=\"1214\"><strong data-start=\"1139\" data-end=\"1159\">Connexions d'extr\u00e9mit\u00e9 :<\/strong> Filetage conique BS EN 10226 (ISO 7-1, anciennement BS 21)<\/p>\n<\/li>\n<li data-start=\"1215\" data-end=\"1239\">\n<p data-start=\"1217\" data-end=\"1239\"><strong data-start=\"1217\" data-end=\"1230\">Mat\u00e9riau :<\/strong> Bronze<\/p>\n<\/li>\n<li data-start=\"1240\" data-end=\"1303\">\n<p data-start=\"1242\" data-end=\"1262\"><strong data-start=\"1242\" data-end=\"1260\">Pression d'essai :<\/strong><\/p>\n<ul data-start=\"1265\" data-end=\"1303\">\n<li data-start=\"1265\" data-end=\"1282\">\n<p data-start=\"1267\" data-end=\"1282\">Coquille : 48 bar<\/p>\n<\/li>\n<li data-start=\"1285\" data-end=\"1303\">\n<p data-start=\"1287\" data-end=\"1303\">Si\u00e8ge : 35,2 bars<\/p>\n<\/li>\n<\/ul>\n<\/li>\n<li data-start=\"1304\" data-end=\"1413\">\n<p data-start=\"1306\" data-end=\"1335\"><strong data-start=\"1306\" data-end=\"1333\">Pression \/ Temp\u00e9rature :<\/strong><\/p>\n<ul data-start=\"1338\" data-end=\"1413\">\n<li data-start=\"1338\" data-end=\"1358\">\n<p data-start=\"1340\" data-end=\"1358\">BS EN 12288 PN32<\/p>\n<\/li>\n<li data-start=\"1361\" data-end=\"1380\">\n<p data-start=\"1363\" data-end=\"1380\">14 bar \u00e0 260\u00b0C<\/p>\n<\/li>\n<li data-start=\"1383\" data-end=\"1413\">\n<p data-start=\"1385\" data-end=\"1413\">32 bar de -10\u00b0C \u00e0 120\u00b0C<\/p>\n<\/li>\n<\/ul>\n<\/li>\n<\/ul>","protected":false},"excerpt":{"rendered":"<p data-start=\"171\" data-end=\"343\">Robinet-vanne en bronze \u00e0 usage intensif avec tige non montante et surfaces d'appui usin\u00e9es avec pr\u00e9cision. Kitemark\u00e9 selon BS EN 12288 et con\u00e7u pour des applications haute pression jusqu'\u00e0 PN32.<\/p>","protected":false},"featured_media":7812,"template":"","meta":{"content-type":""},"product_brand":[],"product_cat":[115,372],"product_tag":[],"class_list":{"0":"post-7811","1":"product","2":"type-product","3":"status-publish","4":"has-post-thumbnail","6":"product_cat-valves","7":"product_cat-gate-valves","9":"first","10":"instock","11":"shipping-taxable","12":"product-type-simple"},"_links":{"self":[{"href":"https:\/\/niagarapumps.ca\/fr\/wp-json\/wp\/v2\/product\/7811","targetHints":{"allow":["GET"]}}],"collection":[{"href":"https:\/\/niagarapumps.ca\/fr\/wp-json\/wp\/v2\/product"}],"about":[{"href":"https:\/\/niagarapumps.ca\/fr\/wp-json\/wp\/v2\/types\/product"}],"wp:featuredmedia":[{"embeddable":true,"href":"https:\/\/niagarapumps.ca\/fr\/wp-json\/wp\/v2\/media\/7812"}],"wp:attachment":[{"href":"https:\/\/niagarapumps.ca\/fr\/wp-json\/wp\/v2\/media?parent=7811"}],"wp:term":[{"taxonomy":"product_brand","embeddable":true,"href":"https:\/\/niagarapumps.ca\/fr\/wp-json\/wp\/v2\/product_brand?post=7811"},{"taxonomy":"product_cat","embeddable":true,"href":"https:\/\/niagarapumps.ca\/fr\/wp-json\/wp\/v2\/product_cat?post=7811"},{"taxonomy":"product_tag","embeddable":true,"href":"https:\/\/niagarapumps.ca\/fr\/wp-json\/wp\/v2\/product_tag?post=7811"}],"curies":[{"name":"wp","href":"https:\/\/api.w.org\/{rel}","templated":true}]}}