{"id":7813,"date":"2025-10-08T18:24:49","date_gmt":"2025-10-08T18:24:49","guid":{"rendered":"https:\/\/niagarapumps.ca\/?post_type=product&#038;p=7813"},"modified":"2025-10-08T18:27:02","modified_gmt":"2025-10-08T18:27:02","slug":"niagara-gate-valve-model-gb41","status":"publish","type":"product","link":"https:\/\/niagarapumps.ca\/fr\/product\/niagara-gate-valve-model-gb41\/","title":{"rendered":"Robinet-vanne NIAGARA - Mod\u00e8le GB41"},"content":{"rendered":"<p data-start=\"397\" data-end=\"762\" class=\"translation-block\"><strong data-start=\"397\" data-end=\"432\">Vanne \u00e0 guillotine NIAGARA - Mod\u00e8le GB41<\/strong><br data-start=\"432\" data-end=\"435\">Le mod\u00e8le GB41 est une <strong data-start=\"455\" data-end=\"492\">vanne \u00e0 guillotine en bronze de qualit\u00e9 sup\u00e9rieure<\/strong> con\u00e7ue pour les syst\u00e8mes \u00e0 haute pression n\u00e9cessitant une fermeture fiable et une longue dur\u00e9e de vie.<br data-start=\"580\" data-end=\"583\">Il pr\u00e9sente <strong data-start=\"595\" data-end=\"624\">des surfaces d'appui int\u00e9gr\u00e9es<\/strong> pour une \u00e9tanch\u00e9it\u00e9 sup\u00e9rieure et un <strong data-start=\"665\" data-end=\"708\">mod\u00e8le de vis int\u00e9rieure avec tige montante<\/strong>, permettant une indication visuelle ais\u00e9e de la position du robinet.<\/p>\n<p data-start=\"764\" data-end=\"1060\" class=\"translation-block\">Fabriqu\u00e9e en <strong data-start=\"782\" data-end=\"799\">bronze robuste<\/strong>, cette vanne offre une r\u00e9sistance exceptionnelle \u00e0 la corrosion et \u00e0 l'usure m\u00e9canique.<br data-start=\"875\" data-end=\"878\">Con\u00e7ue pour supporter des <strong data-start=\"899\" data-end=\"925\">pressions jusqu'\u00e0 32 bar<\/strong>, elle offre des performances stables et efficaces dans les syst\u00e8mes d'eau, d'air et de liquides non corrosifs, m\u00eame dans des conditions de haute temp\u00e9rature.<\/p>\n<p data-start=\"1062\" data-end=\"1093\"><strong data-start=\"1062\" data-end=\"1091\">Sp\u00e9cifications techniques :<\/strong><\/p>\n<ul data-start=\"1094\" data-end=\"1400\">\n<li data-start=\"1094\" data-end=\"1118\">\n<p data-start=\"1096\" data-end=\"1118\"><strong data-start=\"1096\" data-end=\"1105\">Taille :<\/strong> 1\/2\u2033 \u00e0 2\u2033<\/p>\n<\/li>\n<li data-start=\"1119\" data-end=\"1148\">\n<p data-start=\"1121\" data-end=\"1148\"><strong data-start=\"1121\" data-end=\"1141\">Pression nominale :<\/strong> PN32<\/p>\n<\/li>\n<li data-start=\"1149\" data-end=\"1226\">\n<p data-start=\"1151\" data-end=\"1226\"><strong data-start=\"1151\" data-end=\"1171\">Connexions d'extr\u00e9mit\u00e9 :<\/strong> Filetage conique BS EN 10226 (ISO 7-1, anciennement BS 21)<\/p>\n<\/li>\n<li data-start=\"1227\" data-end=\"1251\">\n<p data-start=\"1229\" data-end=\"1251\"><strong data-start=\"1229\" data-end=\"1242\">Mat\u00e9riau :<\/strong> Bronze<\/p>\n<\/li>\n<li data-start=\"1252\" data-end=\"1313\">\n<p data-start=\"1254\" data-end=\"1274\"><strong data-start=\"1254\" data-end=\"1272\">Pression d'essai :<\/strong><\/p>\n<ul data-start=\"1277\" data-end=\"1313\">\n<li data-start=\"1277\" data-end=\"1293\">\n<p data-start=\"1279\" data-end=\"1293\">Si\u00e8ge : 22 bars<\/p>\n<\/li>\n<li data-start=\"1296\" data-end=\"1313\">\n<p data-start=\"1298\" data-end=\"1313\">Coquille : 30 bar<\/p>\n<\/li>\n<\/ul>\n<\/li>\n<li data-start=\"1314\" data-end=\"1400\">\n<p data-start=\"1316\" data-end=\"1345\"><strong data-start=\"1316\" data-end=\"1343\">Pression \/ Temp\u00e9rature :<\/strong><\/p>\n<ul data-start=\"1348\" data-end=\"1400\">\n<li data-start=\"1348\" data-end=\"1367\">\n<p data-start=\"1350\" data-end=\"1367\">14 bar \u00e0 198\u00b0C<\/p>\n<\/li>\n<li data-start=\"1370\" data-end=\"1400\">\n<p data-start=\"1372\" data-end=\"1400\">32 bar de -10\u00b0C \u00e0 100\u00b0C<\/p>\n<\/li>\n<\/ul>\n<\/li>\n<\/ul>","protected":false},"excerpt":{"rendered":"<p data-start=\"171\" data-end=\"356\">Robinet-vanne en bronze robuste avec tige montante pour un contr\u00f4le pr\u00e9cis et une fermeture fiable. Con\u00e7u pour des applications \u00e0 haute pression jusqu'\u00e0 32 bars, avec des surfaces d'appui int\u00e9grales et durables.<\/p>","protected":false},"featured_media":7814,"template":"","meta":{"content-type":""},"product_brand":[],"product_cat":[115,372],"product_tag":[],"class_list":{"0":"post-7813","1":"product","2":"type-product","3":"status-publish","4":"has-post-thumbnail","6":"product_cat-valves","7":"product_cat-gate-valves","9":"first","10":"instock","11":"shipping-taxable","12":"product-type-simple"},"_links":{"self":[{"href":"https:\/\/niagarapumps.ca\/fr\/wp-json\/wp\/v2\/product\/7813","targetHints":{"allow":["GET"]}}],"collection":[{"href":"https:\/\/niagarapumps.ca\/fr\/wp-json\/wp\/v2\/product"}],"about":[{"href":"https:\/\/niagarapumps.ca\/fr\/wp-json\/wp\/v2\/types\/product"}],"wp:featuredmedia":[{"embeddable":true,"href":"https:\/\/niagarapumps.ca\/fr\/wp-json\/wp\/v2\/media\/7814"}],"wp:attachment":[{"href":"https:\/\/niagarapumps.ca\/fr\/wp-json\/wp\/v2\/media?parent=7813"}],"wp:term":[{"taxonomy":"product_brand","embeddable":true,"href":"https:\/\/niagarapumps.ca\/fr\/wp-json\/wp\/v2\/product_brand?post=7813"},{"taxonomy":"product_cat","embeddable":true,"href":"https:\/\/niagarapumps.ca\/fr\/wp-json\/wp\/v2\/product_cat?post=7813"},{"taxonomy":"product_tag","embeddable":true,"href":"https:\/\/niagarapumps.ca\/fr\/wp-json\/wp\/v2\/product_tag?post=7813"}],"curies":[{"name":"wp","href":"https:\/\/api.w.org\/{rel}","templated":true}]}}