{"id":7821,"date":"2025-10-08T18:41:48","date_gmt":"2025-10-08T18:41:48","guid":{"rendered":"https:\/\/niagarapumps.ca\/?post_type=product&#038;p=7821"},"modified":"2025-10-08T18:46:20","modified_gmt":"2025-10-08T18:46:20","slug":"niagara-gate-valve-model-gs10","status":"publish","type":"product","link":"https:\/\/niagarapumps.ca\/fr\/product\/niagara-gate-valve-model-gs10\/","title":{"rendered":"Robinet-vanne NIAGARA - Mod\u00e8le GS10"},"content":{"rendered":"<p data-start=\"381\" data-end=\"698\" class=\"translation-block\"><strong data-start=\"381\" data-end=\"416\">Vanne \u00e0 guillotine NIAGARA - Mod\u00e8le GS10<\/strong><br data-start=\"416\" data-end=\"419\">Le mod\u00e8le GS10 est un <strong data-start=\"439\" data-end=\"471\">vanne \u00e0 brides en fonte<\/strong> con\u00e7u pour un contr\u00f4le fiable du d\u00e9bit dans les syst\u00e8mes de fluides propres et non corrosifs.<br data-start=\"548\" data-end=\"551\">Il pr\u00e9sente un <strong data-start=\"566\" data-end=\"613\">mod\u00e8le \u00e0 vis int\u00e9rieure avec une tige non montante<\/strong>, assurant une conception compacte adapt\u00e9e aux installations avec un espace vertical limit\u00e9.<\/p>\n<p data-start=\"700\" data-end=\"1039\" class=\"translation-block\">Les <strong data-start=\"704\" data-end=\"724\">brides int\u00e9gr\u00e9es<\/strong> simplifient l'installation et am\u00e9liorent les performances d'\u00e9tanch\u00e9it\u00e9.<br data-start=\"779\" data-end=\"782\"><strong data-start=\"782\" data-end=\"796\">Les bagues de si\u00e8ge<\/strong> sont filet\u00e9es et solidement fix\u00e9es dans le corps du robinet pour une durabilit\u00e9 \u00e0 long terme et une r\u00e9sistance aux fuites.<br data-start=\"897\" data-end=\"900\">Chaque vanne est <strong data-start=\"914\" data-end=\"940\">test\u00e9e hydrostatiquement<\/strong> conform\u00e9ment \u00e0 <strong data-start=\"960\" data-end=\"975\">BS EN 12266<\/strong>, ce qui garantit une conformit\u00e9 totale avec les normes de qualit\u00e9 internationales.<\/p>\n<p data-start=\"1041\" data-end=\"1072\"><strong data-start=\"1041\" data-end=\"1070\">Sp\u00e9cifications techniques :<\/strong><\/p>\n<ul data-start=\"1073\" data-end=\"1384\">\n<li data-start=\"1073\" data-end=\"1100\">\n<p data-start=\"1075\" data-end=\"1100\"><strong data-start=\"1075\" data-end=\"1084\">Taille :<\/strong> 50mm \u00e0 150mm<\/p>\n<\/li>\n<li data-start=\"1101\" data-end=\"1130\">\n<p data-start=\"1103\" data-end=\"1130\"><strong data-start=\"1103\" data-end=\"1123\">Pression nominale :<\/strong> PN10<\/p>\n<\/li>\n<li data-start=\"1131\" data-end=\"1184\">\n<p data-start=\"1133\" data-end=\"1184\"><strong data-start=\"1133\" data-end=\"1153\">Connexions d'extr\u00e9mit\u00e9 :<\/strong> Brides selon BS EN 1092-2 PN10<\/p>\n<\/li>\n<li data-start=\"1185\" data-end=\"1212\">\n<p data-start=\"1187\" data-end=\"1212\"><strong data-start=\"1187\" data-end=\"1200\">Mat\u00e9riau :<\/strong> Fonte<\/p>\n<\/li>\n<li data-start=\"1213\" data-end=\"1274\">\n<p data-start=\"1215\" data-end=\"1235\"><strong data-start=\"1215\" data-end=\"1233\">Pression d'essai :<\/strong><\/p>\n<ul data-start=\"1238\" data-end=\"1274\">\n<li data-start=\"1238\" data-end=\"1254\">\n<p data-start=\"1240\" data-end=\"1254\">Si\u00e8ge : 11 bars<\/p>\n<\/li>\n<li data-start=\"1257\" data-end=\"1274\">\n<p data-start=\"1259\" data-end=\"1274\">Coquille : 15 bar<\/p>\n<\/li>\n<\/ul>\n<\/li>\n<li data-start=\"1275\" data-end=\"1384\">\n<p data-start=\"1277\" data-end=\"1306\"><strong data-start=\"1277\" data-end=\"1304\">Pression \/ Temp\u00e9rature :<\/strong><\/p>\n<ul data-start=\"1309\" data-end=\"1384\">\n<li data-start=\"1309\" data-end=\"1339\">\n<p data-start=\"1311\" data-end=\"1339\">10 bar de -10\u00b0C \u00e0 120\u00b0C<\/p>\n<\/li>\n<li data-start=\"1342\" data-end=\"1362\">\n<p data-start=\"1344\" data-end=\"1362\">7,4 bar \u00e0 230\u00b0C<\/p>\n<\/li>\n<li data-start=\"1365\" data-end=\"1384\">\n<p data-start=\"1367\" data-end=\"1384\">BS EN 1171 PN10<\/p>\n<\/li>\n<\/ul>\n<\/li>\n<\/ul>","protected":false},"excerpt":{"rendered":"<p data-start=\"171\" data-end=\"340\">Robinet-vanne \u00e0 brides en fonte \u00e0 tige non montante, id\u00e9al pour les services propres et non corrosifs. Construit pour un fonctionnement fiable et test\u00e9 selon les normes BS EN 12266.<\/p>","protected":false},"featured_media":7822,"template":"","meta":{"content-type":""},"product_brand":[],"product_cat":[115,372],"product_tag":[],"class_list":{"0":"post-7821","1":"product","2":"type-product","3":"status-publish","4":"has-post-thumbnail","6":"product_cat-valves","7":"product_cat-gate-valves","9":"first","10":"instock","11":"shipping-taxable","12":"product-type-simple"},"_links":{"self":[{"href":"https:\/\/niagarapumps.ca\/fr\/wp-json\/wp\/v2\/product\/7821","targetHints":{"allow":["GET"]}}],"collection":[{"href":"https:\/\/niagarapumps.ca\/fr\/wp-json\/wp\/v2\/product"}],"about":[{"href":"https:\/\/niagarapumps.ca\/fr\/wp-json\/wp\/v2\/types\/product"}],"wp:featuredmedia":[{"embeddable":true,"href":"https:\/\/niagarapumps.ca\/fr\/wp-json\/wp\/v2\/media\/7822"}],"wp:attachment":[{"href":"https:\/\/niagarapumps.ca\/fr\/wp-json\/wp\/v2\/media?parent=7821"}],"wp:term":[{"taxonomy":"product_brand","embeddable":true,"href":"https:\/\/niagarapumps.ca\/fr\/wp-json\/wp\/v2\/product_brand?post=7821"},{"taxonomy":"product_cat","embeddable":true,"href":"https:\/\/niagarapumps.ca\/fr\/wp-json\/wp\/v2\/product_cat?post=7821"},{"taxonomy":"product_tag","embeddable":true,"href":"https:\/\/niagarapumps.ca\/fr\/wp-json\/wp\/v2\/product_tag?post=7821"}],"curies":[{"name":"wp","href":"https:\/\/api.w.org\/{rel}","templated":true}]}}