{"id":7823,"date":"2025-10-08T18:46:43","date_gmt":"2025-10-08T18:46:43","guid":{"rendered":"https:\/\/niagarapumps.ca\/?post_type=product&#038;p=7823"},"modified":"2025-10-08T18:50:03","modified_gmt":"2025-10-08T18:50:03","slug":"niagara-gate-valve-model-gs16","status":"publish","type":"product","link":"https:\/\/niagarapumps.ca\/fr\/product\/niagara-gate-valve-model-gs16\/","title":{"rendered":"Robinet-vanne NIAGARA - Mod\u00e8le GS16"},"content":{"rendered":"<p data-start=\"396\" data-end=\"766\" class=\"translation-block\"><strong data-start=\"396\" data-end=\"431\">Vanne \u00e0 guillotine NIAGARA - Mod\u00e8le GS16<\/strong><br data-start=\"431\" data-end=\"434\">Le mod\u00e8le GS16 est un <strong data-start=\"454\" data-end=\"498\">vanne \u00e0 guillotine en fonte ductile \u00e0 haute performance<\/strong> con\u00e7u pour un contr\u00f4le fiable du d\u00e9bit dans les applications industrielles et de distribution d'eau.<br data-start=\"586\" data-end=\"589\">Construit en <strong data-start=\"606\" data-end=\"622\">fonte ductile<\/strong> avec <strong data-start=\"628\" data-end=\"648\">brides int\u00e9gr\u00e9es<\/strong>, il offre une robustesse sup\u00e9rieure, une r\u00e9sistance \u00e0 la corrosion et une facilit\u00e9 d'installation sans n\u00e9cessiter de filetage de la tuyauterie.<\/p>\n<p data-start=\"768\" data-end=\"1072\" class=\"translation-block\">Son <strong data-start=\"772\" data-end=\"819\">mod\u00e8le de vis int\u00e9rieure avec tige non montante<\/strong> permet une installation compacte, ce qui le rend adapt\u00e9 aux zones \u00e0 d\u00e9gagement vertical limit\u00e9.<br data-start=\"914\" data-end=\"917\">Fabriqu\u00e9 et test\u00e9 conform\u00e9ment \u00e0 <strong data-start=\"954\" data-end=\"975\">BS EN 1092-2 PN16<\/strong>, le GS16 offre une fiabilit\u00e9 et une r\u00e9tention de pression exceptionnelles sur une large plage de temp\u00e9ratures.<\/p>\n<p data-start=\"1074\" data-end=\"1105\"><strong data-start=\"1074\" data-end=\"1103\">Sp\u00e9cifications techniques :<\/strong><\/p>\n<ul data-start=\"1106\" data-end=\"1401\">\n<li data-start=\"1106\" data-end=\"1133\">\n<p data-start=\"1108\" data-end=\"1133\"><strong data-start=\"1108\" data-end=\"1117\">Taille :<\/strong> 50mm \u00e0 300mm<\/p>\n<\/li>\n<li data-start=\"1134\" data-end=\"1163\">\n<p data-start=\"1136\" data-end=\"1163\"><strong data-start=\"1136\" data-end=\"1156\">Pression nominale :<\/strong> PN16<\/p>\n<\/li>\n<li data-start=\"1164\" data-end=\"1217\">\n<p data-start=\"1166\" data-end=\"1217\"><strong data-start=\"1166\" data-end=\"1186\">Connexions d'extr\u00e9mit\u00e9 :<\/strong> Bride selon BS EN 1092-2 PN16<\/p>\n<\/li>\n<li data-start=\"1218\" data-end=\"1248\">\n<p data-start=\"1220\" data-end=\"1248\"><strong data-start=\"1220\" data-end=\"1233\">Mat\u00e9riau :<\/strong> Fonte ductile<\/p>\n<\/li>\n<li data-start=\"1249\" data-end=\"1312\">\n<p data-start=\"1251\" data-end=\"1271\"><strong data-start=\"1251\" data-end=\"1269\">Pression d'essai :<\/strong><\/p>\n<ul data-start=\"1274\" data-end=\"1312\">\n<li data-start=\"1274\" data-end=\"1291\">\n<p data-start=\"1276\" data-end=\"1291\">Coquille : 24 bar<\/p>\n<\/li>\n<li data-start=\"1294\" data-end=\"1312\">\n<p data-start=\"1296\" data-end=\"1312\">Si\u00e8ge : 17,6 bars<\/p>\n<\/li>\n<\/ul>\n<\/li>\n<li data-start=\"1313\" data-end=\"1401\">\n<p data-start=\"1315\" data-end=\"1344\"><strong data-start=\"1315\" data-end=\"1342\">Pression \/ Temp\u00e9rature :<\/strong><\/p>\n<ul data-start=\"1347\" data-end=\"1401\">\n<li data-start=\"1347\" data-end=\"1377\">\n<p data-start=\"1349\" data-end=\"1377\">16 bar de -10\u00b0C \u00e0 120\u00b0C<\/p>\n<\/li>\n<li data-start=\"1380\" data-end=\"1401\">\n<p data-start=\"1382\" data-end=\"1401\">12,8 bar \u00e0 200\u00b0C<\/p>\n<\/li>\n<\/ul>\n<\/li>\n<\/ul>","protected":false},"excerpt":{"rendered":"<p data-start=\"171\" data-end=\"355\">Robinet-vanne \u00e0 brides en fonte ductile durable avec tige non montante. Id\u00e9al pour les syst\u00e8mes d'eau et de fluides n\u00e9cessitant une grande robustesse, une r\u00e9sistance \u00e0 la corrosion et des performances d'arr\u00eat fiables.<\/p>","protected":false},"featured_media":7824,"template":"","meta":{"content-type":""},"product_brand":[],"product_cat":[115,372],"product_tag":[],"class_list":{"0":"post-7823","1":"product","2":"type-product","3":"status-publish","4":"has-post-thumbnail","6":"product_cat-valves","7":"product_cat-gate-valves","9":"first","10":"instock","11":"shipping-taxable","12":"product-type-simple"},"_links":{"self":[{"href":"https:\/\/niagarapumps.ca\/fr\/wp-json\/wp\/v2\/product\/7823","targetHints":{"allow":["GET"]}}],"collection":[{"href":"https:\/\/niagarapumps.ca\/fr\/wp-json\/wp\/v2\/product"}],"about":[{"href":"https:\/\/niagarapumps.ca\/fr\/wp-json\/wp\/v2\/types\/product"}],"wp:featuredmedia":[{"embeddable":true,"href":"https:\/\/niagarapumps.ca\/fr\/wp-json\/wp\/v2\/media\/7824"}],"wp:attachment":[{"href":"https:\/\/niagarapumps.ca\/fr\/wp-json\/wp\/v2\/media?parent=7823"}],"wp:term":[{"taxonomy":"product_brand","embeddable":true,"href":"https:\/\/niagarapumps.ca\/fr\/wp-json\/wp\/v2\/product_brand?post=7823"},{"taxonomy":"product_cat","embeddable":true,"href":"https:\/\/niagarapumps.ca\/fr\/wp-json\/wp\/v2\/product_cat?post=7823"},{"taxonomy":"product_tag","embeddable":true,"href":"https:\/\/niagarapumps.ca\/fr\/wp-json\/wp\/v2\/product_tag?post=7823"}],"curies":[{"name":"wp","href":"https:\/\/api.w.org\/{rel}","templated":true}]}}