{"id":7825,"date":"2025-10-08T18:50:26","date_gmt":"2025-10-08T18:50:26","guid":{"rendered":"https:\/\/niagarapumps.ca\/?post_type=product&#038;p=7825"},"modified":"2025-10-08T18:54:22","modified_gmt":"2025-10-08T18:54:22","slug":"niagara-gate-valve-model-gsd16","status":"publish","type":"product","link":"https:\/\/niagarapumps.ca\/fr\/product\/niagara-gate-valve-model-gsd16\/","title":{"rendered":"Robinet-vanne NIAGARA - Mod\u00e8le GSD16"},"content":{"rendered":"<p data-start=\"474\" data-end=\"828\" class=\"translation-block\"><strong data-start=\"474\" data-end=\"510\">Vanne \u00e0 guillotine NIAGARA - Mod\u00e8le GSD16<\/strong><br data-start=\"510\" data-end=\"513\">Le GSD16 est un <strong data-start=\"528\" data-end=\"563\">vanne \u00e0 brides en fonte ductile<\/strong> con\u00e7u pour de hautes performances et une grande fiabilit\u00e9 dans des environnements de contr\u00f4le de flux exigeants.<br data-start=\"649\" data-end=\"652\">Il est dot\u00e9 d'une <strong data-start=\"667\" data-end=\"714\">vis ext\u00e9rieure et tige montante (OS&amp;Y)<\/strong>, fournissant une indication visuelle de la position du robinet et minimisant les effets des fluides sur les filets de la tige.<\/p>\n<p data-start=\"830\" data-end=\"1177\" class=\"translation-block\">Construite en <strong data-start=\"847\" data-end=\"863\">fonte ductile<\/strong> avec <strong data-start=\"869\" data-end=\"889\">brides int\u00e9gr\u00e9es<\/strong>, la vanne offre une durabilit\u00e9 et une r\u00e9sistance \u00e0 la corrosion exceptionnelles.<br data-start=\"956\" data-end=\"959\">Les <strong data-start=\"963\" data-end=\"979\">embouts \u00e0 brides<\/strong> \u00e9liminent le besoin de filetage, ce qui facilite l'installation et la maintenance.<br data-start=\"1057\" data-end=\"1060\">Chaque vanne subit <strong data-start=\"1081\" data-end=\"1119\">un test hydrostatique selon BS EN 12266<\/strong> pour garantir des performances sans fuite et une longue dur\u00e9e de vie.<\/p>\n<p data-start=\"1179\" data-end=\"1210\"><strong data-start=\"1179\" data-end=\"1208\">Sp\u00e9cifications techniques :<\/strong><\/p>\n<ul data-start=\"1211\" data-end=\"1528\">\n<li data-start=\"1211\" data-end=\"1238\">\n<p data-start=\"1213\" data-end=\"1238\"><strong data-start=\"1213\" data-end=\"1222\">Taille :<\/strong> 65mm \u00e0 300mm<\/p>\n<\/li>\n<li data-start=\"1239\" data-end=\"1268\">\n<p data-start=\"1241\" data-end=\"1268\"><strong data-start=\"1241\" data-end=\"1261\">Pression nominale :<\/strong> PN16<\/p>\n<\/li>\n<li data-start=\"1269\" data-end=\"1322\">\n<p data-start=\"1271\" data-end=\"1322\"><strong data-start=\"1271\" data-end=\"1291\">Connexions d'extr\u00e9mit\u00e9 :<\/strong> Bride selon BS EN 1092-2 PN16<\/p>\n<\/li>\n<li data-start=\"1323\" data-end=\"1353\">\n<p data-start=\"1325\" data-end=\"1353\"><strong data-start=\"1325\" data-end=\"1338\">Mat\u00e9riau :<\/strong> Fonte ductile<\/p>\n<\/li>\n<li data-start=\"1354\" data-end=\"1417\">\n<p data-start=\"1356\" data-end=\"1376\"><strong data-start=\"1356\" data-end=\"1374\">Pression d'essai :<\/strong><\/p>\n<ul data-start=\"1379\" data-end=\"1417\">\n<li data-start=\"1379\" data-end=\"1396\">\n<p data-start=\"1381\" data-end=\"1396\">Coquille : 24 bar<\/p>\n<\/li>\n<li data-start=\"1399\" data-end=\"1417\">\n<p data-start=\"1401\" data-end=\"1417\">Si\u00e8ge : 17,6 bars<\/p>\n<\/li>\n<\/ul>\n<\/li>\n<li data-start=\"1418\" data-end=\"1528\">\n<p data-start=\"1420\" data-end=\"1449\"><strong data-start=\"1420\" data-end=\"1447\">Pression \/ Temp\u00e9rature :<\/strong><\/p>\n<ul data-start=\"1452\" data-end=\"1528\">\n<li data-start=\"1452\" data-end=\"1482\">\n<p data-start=\"1454\" data-end=\"1482\">16 bar de -10\u00b0C \u00e0 120\u00b0C<\/p>\n<\/li>\n<li data-start=\"1485\" data-end=\"1506\">\n<p data-start=\"1487\" data-end=\"1506\">11,8 bar \u00e0 230\u00b0C<\/p>\n<\/li>\n<li data-start=\"1509\" data-end=\"1528\">\n<p data-start=\"1511\" data-end=\"1528\">BS EN 1171 PN16<\/p>\n<\/li>\n<\/ul>\n<\/li>\n<\/ul>","protected":false},"excerpt":{"rendered":"<p data-start=\"221\" data-end=\"433\">Robinet-vanne \u00e0 tige montante en fonte ductile avec brides int\u00e9gr\u00e9es, con\u00e7u pour une isolation fiable dans les syst\u00e8mes de fluides actifs. Id\u00e9al pour les applications industrielles et hydrauliques n\u00e9cessitant une r\u00e9sistance \u00e0 la corrosion et un fonctionnement souple.<\/p>","protected":false},"featured_media":7826,"template":"","meta":{"content-type":""},"product_brand":[],"product_cat":[115,372],"product_tag":[],"class_list":{"0":"post-7825","1":"product","2":"type-product","3":"status-publish","4":"has-post-thumbnail","6":"product_cat-valves","7":"product_cat-gate-valves","9":"first","10":"instock","11":"shipping-taxable","12":"product-type-simple"},"_links":{"self":[{"href":"https:\/\/niagarapumps.ca\/fr\/wp-json\/wp\/v2\/product\/7825","targetHints":{"allow":["GET"]}}],"collection":[{"href":"https:\/\/niagarapumps.ca\/fr\/wp-json\/wp\/v2\/product"}],"about":[{"href":"https:\/\/niagarapumps.ca\/fr\/wp-json\/wp\/v2\/types\/product"}],"wp:featuredmedia":[{"embeddable":true,"href":"https:\/\/niagarapumps.ca\/fr\/wp-json\/wp\/v2\/media\/7826"}],"wp:attachment":[{"href":"https:\/\/niagarapumps.ca\/fr\/wp-json\/wp\/v2\/media?parent=7825"}],"wp:term":[{"taxonomy":"product_brand","embeddable":true,"href":"https:\/\/niagarapumps.ca\/fr\/wp-json\/wp\/v2\/product_brand?post=7825"},{"taxonomy":"product_cat","embeddable":true,"href":"https:\/\/niagarapumps.ca\/fr\/wp-json\/wp\/v2\/product_cat?post=7825"},{"taxonomy":"product_tag","embeddable":true,"href":"https:\/\/niagarapumps.ca\/fr\/wp-json\/wp\/v2\/product_tag?post=7825"}],"curies":[{"name":"wp","href":"https:\/\/api.w.org\/{rel}","templated":true}]}}