{"id":7827,"date":"2025-10-08T18:55:42","date_gmt":"2025-10-08T18:55:42","guid":{"rendered":"https:\/\/niagarapumps.ca\/?post_type=product&#038;p=7827"},"modified":"2025-10-08T18:58:05","modified_gmt":"2025-10-08T18:58:05","slug":"niagara-gate-valve-model-gsd25","status":"publish","type":"product","link":"https:\/\/niagarapumps.ca\/fr\/product\/niagara-gate-valve-model-gsd25\/","title":{"rendered":"Robinet-vanne NIAGARA - Mod\u00e8le GSD25"},"content":{"rendered":"<p data-start=\"439\" data-end=\"743\" class=\"translation-block\"><strong data-start=\"439\" data-end=\"475\">Vanne \u00e0 guillotine NIAGARA - Mod\u00e8le GSD25<\/strong><br data-start=\"475\" data-end=\"478\">Le mod\u00e8le GSD25 est un <strong data-start=\"499\" data-end=\"534\">vanne \u00e0 brides en fonte ductile<\/strong> con\u00e7u pour offrir des performances fiables dans les applications \u00e0 haute pression.<br data-start=\"603\" data-end=\"606\">Son <strong data-start=\"610\" data-end=\"657\">mod\u00e8le \u00e0 vis int\u00e9rieure avec tige non montante<\/strong> offre une conception compacte, id\u00e9ale pour les installations avec un d\u00e9gagement en hauteur limit\u00e9.<\/p>\n<p data-start=\"745\" data-end=\"1150\" class=\"translation-block\">Fabriqu\u00e9e en <strong data-start=\"763\" data-end=\"779\">fonte ductile<\/strong> avec <strong data-start=\"785\" data-end=\"805\">brides int\u00e9gr\u00e9es<\/strong>, la vanne garantit robustesse, r\u00e9sistance \u00e0 la corrosion et facilit\u00e9 d'entretien.<br data-start=\"878\" data-end=\"881\">Les <strong data-start=\"885\" data-end=\"908\">anneaux de si\u00e8ge filet\u00e9s<\/strong> sont solidement fix\u00e9s dans le corps, assurant une excellente \u00e9tanch\u00e9it\u00e9 et une durabilit\u00e9 \u00e0 long terme, m\u00eame dans des conditions exigeantes.<br data-start=\"1029\" data-end=\"1032\">Chaque unit\u00e9 est <strong data-start=\"1045\" data-end=\"1071\">test\u00e9e hydrostatiquement<\/strong> pour v\u00e9rifier l'int\u00e9grit\u00e9 de la pression conform\u00e9ment aux <strong data-start=\"1120\" data-end=\"1139\">normes BS EN 1171 PN25<\/strong>.<\/p>\n<p data-start=\"1152\" data-end=\"1183\"><strong data-start=\"1152\" data-end=\"1181\">Sp\u00e9cifications techniques :<\/strong><\/p>\n<ul data-start=\"1184\" data-end=\"1503\">\n<li data-start=\"1184\" data-end=\"1211\">\n<p data-start=\"1186\" data-end=\"1211\"><strong data-start=\"1186\" data-end=\"1195\">Taille :<\/strong> 50mm \u00e0 150mm<\/p>\n<\/li>\n<li data-start=\"1212\" data-end=\"1241\">\n<p data-start=\"1214\" data-end=\"1241\"><strong data-start=\"1214\" data-end=\"1234\">Pression nominale :<\/strong> PN25<\/p>\n<\/li>\n<li data-start=\"1242\" data-end=\"1295\">\n<p data-start=\"1244\" data-end=\"1295\"><strong data-start=\"1244\" data-end=\"1264\">Connexions d'extr\u00e9mit\u00e9 :<\/strong> Bride selon BS EN 1092-2 PN25<\/p>\n<\/li>\n<li data-start=\"1296\" data-end=\"1326\">\n<p data-start=\"1298\" data-end=\"1326\"><strong data-start=\"1298\" data-end=\"1311\">Mat\u00e9riau :<\/strong> Fonte ductile<\/p>\n<\/li>\n<li data-start=\"1327\" data-end=\"1392\">\n<p data-start=\"1329\" data-end=\"1349\"><strong data-start=\"1329\" data-end=\"1347\">Pression d'essai :<\/strong><\/p>\n<ul data-start=\"1352\" data-end=\"1392\">\n<li data-start=\"1352\" data-end=\"1371\">\n<p data-start=\"1354\" data-end=\"1371\">Coquille : 37,5 bars<\/p>\n<\/li>\n<li data-start=\"1374\" data-end=\"1392\">\n<p data-start=\"1376\" data-end=\"1392\">Si\u00e8ge : 27,5 bars<\/p>\n<\/li>\n<\/ul>\n<\/li>\n<li data-start=\"1393\" data-end=\"1503\">\n<p data-start=\"1395\" data-end=\"1424\"><strong data-start=\"1395\" data-end=\"1422\">Pression \/ Temp\u00e9rature :<\/strong><\/p>\n<ul data-start=\"1427\" data-end=\"1503\">\n<li data-start=\"1427\" data-end=\"1457\">\n<p data-start=\"1429\" data-end=\"1457\">25 bar de -10\u00b0C \u00e0 120\u00b0C<\/p>\n<\/li>\n<li data-start=\"1460\" data-end=\"1481\">\n<p data-start=\"1462\" data-end=\"1481\">21,5 bar \u00e0 220\u00b0C<\/p>\n<\/li>\n<li data-start=\"1484\" data-end=\"1503\">\n<p data-start=\"1486\" data-end=\"1503\">BS EN 1171 PN25<\/p>\n<\/li>\n<\/ul>\n<\/li>\n<\/ul>","protected":false},"excerpt":{"rendered":"<p data-start=\"232\" data-end=\"398\">Robinet-vanne robuste en fonte ductile avec tige non montante, con\u00e7u pour les fluides propres et non corrosifs. Offre une r\u00e9sistance \u00e0 la pression \u00e9lev\u00e9e jusqu'\u00e0 PN25 et une longue dur\u00e9e de vie.<\/p>","protected":false},"featured_media":7828,"template":"","meta":{"content-type":""},"product_brand":[],"product_cat":[115,372],"product_tag":[],"class_list":{"0":"post-7827","1":"product","2":"type-product","3":"status-publish","4":"has-post-thumbnail","6":"product_cat-valves","7":"product_cat-gate-valves","9":"first","10":"instock","11":"shipping-taxable","12":"product-type-simple"},"_links":{"self":[{"href":"https:\/\/niagarapumps.ca\/fr\/wp-json\/wp\/v2\/product\/7827","targetHints":{"allow":["GET"]}}],"collection":[{"href":"https:\/\/niagarapumps.ca\/fr\/wp-json\/wp\/v2\/product"}],"about":[{"href":"https:\/\/niagarapumps.ca\/fr\/wp-json\/wp\/v2\/types\/product"}],"wp:featuredmedia":[{"embeddable":true,"href":"https:\/\/niagarapumps.ca\/fr\/wp-json\/wp\/v2\/media\/7828"}],"wp:attachment":[{"href":"https:\/\/niagarapumps.ca\/fr\/wp-json\/wp\/v2\/media?parent=7827"}],"wp:term":[{"taxonomy":"product_brand","embeddable":true,"href":"https:\/\/niagarapumps.ca\/fr\/wp-json\/wp\/v2\/product_brand?post=7827"},{"taxonomy":"product_cat","embeddable":true,"href":"https:\/\/niagarapumps.ca\/fr\/wp-json\/wp\/v2\/product_cat?post=7827"},{"taxonomy":"product_tag","embeddable":true,"href":"https:\/\/niagarapumps.ca\/fr\/wp-json\/wp\/v2\/product_tag?post=7827"}],"curies":[{"name":"wp","href":"https:\/\/api.w.org\/{rel}","templated":true}]}}