{"id":7830,"date":"2025-10-08T18:59:12","date_gmt":"2025-10-08T18:59:12","guid":{"rendered":"https:\/\/niagarapumps.ca\/?post_type=product&#038;p=7830"},"modified":"2025-10-08T19:02:33","modified_gmt":"2025-10-08T19:02:33","slug":"niagara-gate-valve-model-gs125","status":"publish","type":"product","link":"https:\/\/niagarapumps.ca\/fr\/product\/niagara-gate-valve-model-gs125\/","title":{"rendered":"Robinet-vanne NIAGARA - Mod\u00e8le GS125"},"content":{"rendered":"<p data-start=\"480\" data-end=\"800\" class=\"translation-block\"><strong data-start=\"480\" data-end=\"516\">Vanne \u00e0 guillotine NIAGARA - Mod\u00e8le GS125<\/strong><br data-start=\"516\" data-end=\"519\">Le mod\u00e8le GS125 est un <strong data-start=\"540\" data-end=\"572\">vanne \u00e0 brides en fonte<\/strong> con\u00e7u pour une isolation et un contr\u00f4le fiables dans les canalisations transportant des fluides propres et non corrosifs.<br data-start=\"669\" data-end=\"672\">Il pr\u00e9sente un <strong data-start=\"687\" data-end=\"734\">mod\u00e8le de vis int\u00e9rieure avec une tige non montante<\/strong>, permettant une installation compacte lorsque l'espace vertical est limit\u00e9.<\/p>\n<p data-start=\"802\" data-end=\"1126\" class=\"translation-block\">Les <strong data-start=\"806\" data-end=\"826\">brides int\u00e9gr\u00e9es<\/strong> simplifient le raccordement aux syst\u00e8mes de tuyauterie, tandis que les <strong data-start=\"872\" data-end=\"895\">bagues de si\u00e8ge filet\u00e9es<\/strong> assurent une \u00e9tanch\u00e9it\u00e9 pr\u00e9cise et une maintenance ais\u00e9e.<br data-start=\"940\" data-end=\"943\">Fabriqu\u00e9 selon <strong data-start=\"959\" data-end=\"983\">ANSI B16.1 Class 125<\/strong> et <strong data-start=\"988\" data-end=\"1003\">BS 1560 3.2<\/strong>, le GS125 offre des performances durables et un fonctionnement fiable m\u00eame dans des plages de temp\u00e9rature et de pression mod\u00e9r\u00e9es.<\/p>\n<p data-start=\"1128\" data-end=\"1159\"><strong data-start=\"1128\" data-end=\"1157\">Sp\u00e9cifications techniques :<\/strong><\/p>\n<ul data-start=\"1160\" data-end=\"1472\">\n<li data-start=\"1160\" data-end=\"1183\">\n<p data-start=\"1162\" data-end=\"1183\"><strong data-start=\"1162\" data-end=\"1171\">Taille :<\/strong> 2\u201d \u00e0 12\u201d<\/p>\n<\/li>\n<li data-start=\"1184\" data-end=\"1218\">\n<p data-start=\"1186\" data-end=\"1218\"><strong data-start=\"1186\" data-end=\"1206\">Pression nominale :<\/strong> Classe 125<\/p>\n<\/li>\n<li data-start=\"1219\" data-end=\"1291\">\n<p data-start=\"1221\" data-end=\"1291\"><strong data-start=\"1221\" data-end=\"1241\">Connexions d'extr\u00e9mit\u00e9 :<\/strong> Brides conformes aux normes ANSI B16.1 Classe 125 et BS 1560 3.2<\/p>\n<\/li>\n<li data-start=\"1292\" data-end=\"1319\">\n<p data-start=\"1294\" data-end=\"1319\"><strong data-start=\"1294\" data-end=\"1307\">Mat\u00e9riau :<\/strong> Fonte<\/p>\n<\/li>\n<li data-start=\"1320\" data-end=\"1385\">\n<p data-start=\"1322\" data-end=\"1342\"><strong data-start=\"1322\" data-end=\"1340\">Pression d'essai :<\/strong><\/p>\n<ul data-start=\"1345\" data-end=\"1385\">\n<li data-start=\"1345\" data-end=\"1364\">\n<p data-start=\"1347\" data-end=\"1364\">Coquille : 24,1 bar<\/p>\n<\/li>\n<li data-start=\"1367\" data-end=\"1385\">\n<p data-start=\"1369\" data-end=\"1385\">Si\u00e8ge : 15,2 bars<\/p>\n<\/li>\n<\/ul>\n<\/li>\n<li data-start=\"1386\" data-end=\"1472\">\n<p data-start=\"1388\" data-end=\"1417\"><strong data-start=\"1388\" data-end=\"1415\">Pression \/ Temp\u00e9rature :<\/strong><\/p>\n<ul data-start=\"1420\" data-end=\"1472\">\n<li data-start=\"1420\" data-end=\"1449\">\n<p data-start=\"1422\" data-end=\"1449\">13,8 bar \u00e0 -10\u00b0C \u00e0 65\u00b0C<\/p>\n<\/li>\n<li data-start=\"1452\" data-end=\"1472\">\n<p data-start=\"1454\" data-end=\"1472\">8,6 bar \u00e0 232\u00b0C<\/p>\n<\/li>\n<\/ul>\n<\/li>\n<\/ul>","protected":false},"excerpt":{"rendered":"<p data-start=\"234\" data-end=\"439\">Robinet-vanne \u00e0 brides en fonte avec tige non montante, id\u00e9al pour les applications g\u00e9n\u00e9rales d'eau et de fluides propres. Construit pour durer et offrir des performances d'arr\u00eat constantes dans des conditions de pression de classe 125.<\/p>","protected":false},"featured_media":7832,"template":"","meta":{"content-type":""},"product_brand":[],"product_cat":[115,372],"product_tag":[],"class_list":{"0":"post-7830","1":"product","2":"type-product","3":"status-publish","4":"has-post-thumbnail","6":"product_cat-valves","7":"product_cat-gate-valves","9":"first","10":"instock","11":"shipping-taxable","12":"product-type-simple"},"_links":{"self":[{"href":"https:\/\/niagarapumps.ca\/fr\/wp-json\/wp\/v2\/product\/7830","targetHints":{"allow":["GET"]}}],"collection":[{"href":"https:\/\/niagarapumps.ca\/fr\/wp-json\/wp\/v2\/product"}],"about":[{"href":"https:\/\/niagarapumps.ca\/fr\/wp-json\/wp\/v2\/types\/product"}],"wp:featuredmedia":[{"embeddable":true,"href":"https:\/\/niagarapumps.ca\/fr\/wp-json\/wp\/v2\/media\/7832"}],"wp:attachment":[{"href":"https:\/\/niagarapumps.ca\/fr\/wp-json\/wp\/v2\/media?parent=7830"}],"wp:term":[{"taxonomy":"product_brand","embeddable":true,"href":"https:\/\/niagarapumps.ca\/fr\/wp-json\/wp\/v2\/product_brand?post=7830"},{"taxonomy":"product_cat","embeddable":true,"href":"https:\/\/niagarapumps.ca\/fr\/wp-json\/wp\/v2\/product_cat?post=7830"},{"taxonomy":"product_tag","embeddable":true,"href":"https:\/\/niagarapumps.ca\/fr\/wp-json\/wp\/v2\/product_tag?post=7830"}],"curies":[{"name":"wp","href":"https:\/\/api.w.org\/{rel}","templated":true}]}}