{"id":7834,"date":"2025-10-08T19:25:25","date_gmt":"2025-10-08T19:25:25","guid":{"rendered":"https:\/\/niagarapumps.ca\/?post_type=product&#038;p=7834"},"modified":"2025-10-08T19:30:47","modified_gmt":"2025-10-08T19:30:47","slug":"niagara-globe-valve-model-glb16","status":"publish","type":"product","link":"https:\/\/niagarapumps.ca\/fr\/product\/niagara-globe-valve-model-glb16\/","title":{"rendered":"Robinet \u00e0 soupape NIAGARA - Mod\u00e8le GLB16"},"content":{"rendered":"<p data-start=\"391\" data-end=\"742\" class=\"translation-block\"><strong data-start=\"391\" data-end=\"428\">Vanne \u00e0 soupape NIAGARA - Mod\u00e8le GLB16<\/strong><br data-start=\"428\" data-end=\"431\">La GLB16 est une <strong data-start=\"446\" data-end=\"480\">vanne \u00e0 soupape \u00e0 tige montante en bronze<\/strong> con\u00e7ue pour un contr\u00f4le de pr\u00e9cision et un fonctionnement fiable dans les syst\u00e8mes d'eau, d'air et de services g\u00e9n\u00e9raux.<br data-start=\"579\" data-end=\"582\">Son <strong data-start=\"586\" data-end=\"611\">corps sph\u00e9rique robuste<\/strong> et <strong data-start=\"616\" data-end=\"641\">chapeau viss\u00e9<\/strong> assurent la stabilit\u00e9 m\u00e9canique, tandis que la <strong data-start=\"681\" data-end=\"696\">tige montante<\/strong> permet une r\u00e9gulation souple et pr\u00e9cise du d\u00e9bit.<\/p>\n<p data-start=\"744\" data-end=\"1019\" class=\"translation-block\">Fabriqu\u00e9e et test\u00e9e conform\u00e9ment aux normes <strong data-start=\"787\" data-end=\"808\">BS 5154<\/strong>, chaque vanne est <strong data-start=\"824\" data-end=\"850\">test\u00e9e hydrostatiquement<\/strong> pour une garantie de performance et de durabilit\u00e9.<br data-start=\"893\" data-end=\"896\">Elle convient aux applications haute pression jusqu'\u00e0 <strong data-start=\"948\" data-end=\"958\">16 bar<\/strong> et r\u00e9siste aux variations de temp\u00e9rature de -10\u00b0C \u00e0 170\u00b0C.<\/p>\n<p data-start=\"1021\" data-end=\"1052\"><strong data-start=\"1021\" data-end=\"1050\">Sp\u00e9cifications techniques :<\/strong><\/p>\n<ul data-start=\"1053\" data-end=\"1333\">\n<li data-start=\"1053\" data-end=\"1075\">\n<p data-start=\"1055\" data-end=\"1075\"><strong data-start=\"1055\" data-end=\"1064\">Taille :<\/strong> \u00bd\u201d \u00e0 2\u201d<\/p>\n<\/li>\n<li data-start=\"1076\" data-end=\"1105\">\n<p data-start=\"1078\" data-end=\"1105\"><strong data-start=\"1078\" data-end=\"1098\">Pression nominale :<\/strong> PN16<\/p>\n<\/li>\n<li data-start=\"1106\" data-end=\"1158\">\n<p data-start=\"1108\" data-end=\"1158\"><strong data-start=\"1108\" data-end=\"1128\">Connexions d'extr\u00e9mit\u00e9 :<\/strong> Filetage conique selon BS EN 10226<\/p>\n<\/li>\n<li data-start=\"1159\" data-end=\"1183\">\n<p data-start=\"1161\" data-end=\"1183\"><strong data-start=\"1161\" data-end=\"1174\">Mat\u00e9riau :<\/strong> Bronze<\/p>\n<\/li>\n<li data-start=\"1184\" data-end=\"1247\">\n<p data-start=\"1186\" data-end=\"1206\"><strong data-start=\"1186\" data-end=\"1204\">Pression d'essai :<\/strong><\/p>\n<ul data-start=\"1209\" data-end=\"1247\">\n<li data-start=\"1209\" data-end=\"1226\">\n<p data-start=\"1211\" data-end=\"1226\">Coquille : 24 bar<\/p>\n<\/li>\n<li data-start=\"1229\" data-end=\"1247\">\n<p data-start=\"1231\" data-end=\"1247\">Si\u00e8ge : 17,6 bars<\/p>\n<\/li>\n<\/ul>\n<\/li>\n<li data-start=\"1248\" data-end=\"1333\">\n<p data-start=\"1250\" data-end=\"1279\"><strong data-start=\"1250\" data-end=\"1277\">Pression \/ Temp\u00e9rature :<\/strong><\/p>\n<ul data-start=\"1282\" data-end=\"1333\">\n<li data-start=\"1282\" data-end=\"1312\">\n<p data-start=\"1284\" data-end=\"1312\">16 bar de -10\u00b0C \u00e0 100\u00b0C<\/p>\n<\/li>\n<li data-start=\"1315\" data-end=\"1333\">\n<p data-start=\"1317\" data-end=\"1333\">7 bar \u00e0 170\u00b0C<\/p>\n<\/li>\n<\/ul>\n<\/li>\n<\/ul>\n<p data-start=\"1335\" data-end=\"1456\"><strong data-start=\"1335\" data-end=\"1352\">Applications :<\/strong><br data-start=\"1352\" data-end=\"1355\" \/>Id\u00e9al pour <strong data-start=\"1365\" data-end=\"1387\">distribution de l'eau<\/strong>, <strong data-start=\"1389\" data-end=\"1405\">Syst\u00e8mes CVC<\/strong>, et <strong data-start=\"1411\" data-end=\"1442\">contr\u00f4le des fluides non corrosifs<\/strong> des applications.<\/p>","protected":false},"excerpt":{"rendered":"<p data-start=\"207\" data-end=\"350\">Robinet \u00e0 soupape en bronze durable avec un corps sph\u00e9rique robuste, con\u00e7u pour une r\u00e9gulation pr\u00e9cise du d\u00e9bit et une fermeture fiable sous une pression nominale de PN16.<\/p>","protected":false},"featured_media":7835,"template":"","meta":{"content-type":""},"product_brand":[],"product_cat":[115,373],"product_tag":[],"class_list":{"0":"post-7834","1":"product","2":"type-product","3":"status-publish","4":"has-post-thumbnail","6":"product_cat-valves","7":"product_cat-globe-valves","9":"first","10":"instock","11":"shipping-taxable","12":"product-type-simple"},"_links":{"self":[{"href":"https:\/\/niagarapumps.ca\/fr\/wp-json\/wp\/v2\/product\/7834","targetHints":{"allow":["GET"]}}],"collection":[{"href":"https:\/\/niagarapumps.ca\/fr\/wp-json\/wp\/v2\/product"}],"about":[{"href":"https:\/\/niagarapumps.ca\/fr\/wp-json\/wp\/v2\/types\/product"}],"wp:featuredmedia":[{"embeddable":true,"href":"https:\/\/niagarapumps.ca\/fr\/wp-json\/wp\/v2\/media\/7835"}],"wp:attachment":[{"href":"https:\/\/niagarapumps.ca\/fr\/wp-json\/wp\/v2\/media?parent=7834"}],"wp:term":[{"taxonomy":"product_brand","embeddable":true,"href":"https:\/\/niagarapumps.ca\/fr\/wp-json\/wp\/v2\/product_brand?post=7834"},{"taxonomy":"product_cat","embeddable":true,"href":"https:\/\/niagarapumps.ca\/fr\/wp-json\/wp\/v2\/product_cat?post=7834"},{"taxonomy":"product_tag","embeddable":true,"href":"https:\/\/niagarapumps.ca\/fr\/wp-json\/wp\/v2\/product_tag?post=7834"}],"curies":[{"name":"wp","href":"https:\/\/api.w.org\/{rel}","templated":true}]}}