{"id":7836,"date":"2025-10-08T19:25:48","date_gmt":"2025-10-08T19:25:48","guid":{"rendered":"https:\/\/niagarapumps.ca\/?post_type=product&#038;p=7836"},"modified":"2025-10-08T19:29:58","modified_gmt":"2025-10-08T19:29:58","slug":"vanne-a-soupape-niagara-modele-glb32","status":"publish","type":"product","link":"https:\/\/niagarapumps.ca\/fr\/product\/niagara-globe-valve-model-glb32\/","title":{"rendered":"Robinet \u00e0 soupape NIAGARA - Mod\u00e8le GLB32"},"content":{"rendered":"<p data-start=\"413\" data-end=\"768\" class=\"translation-block\"><strong data-start=\"413\" data-end=\"450\">Vanne \u00e0 soupape NIAGARA - Mod\u00e8le GLB32<\/strong><br data-start=\"450\" data-end=\"453\">Le mod\u00e8le GLB32 est une <strong data-start=\"474\" data-end=\"515\">robuste vanne \u00e0 soupape \u00e0 tige montante en bronze<\/strong> con\u00e7ue pour les syst\u00e8mes \u00e0 haute pression n\u00e9cessitant un contr\u00f4le pr\u00e9cis du d\u00e9bit et une longue dur\u00e9e de vie.<br data-start=\"607\" data-end=\"610\">Il est dot\u00e9 d'un <strong data-start=\"624\" data-end=\"649\">corps sph\u00e9rique robuste<\/strong> et d'un <strong data-start=\"654\" data-end=\"672\">chapeau viss\u00e9<\/strong>, offrant une durabilit\u00e9 m\u00e9canique et une \u00e9tanch\u00e9it\u00e9 constante dans des conditions d'exploitation exigeantes.<\/p>\n<p data-start=\"770\" data-end=\"1083\" class=\"translation-block\">Chaque vanne est <strong data-start=\"784\" data-end=\"811\">fabriqu\u00e9e et test\u00e9e<\/strong> selon les <strong data-start=\"815\" data-end=\"831\">normes BS 5154 PN32<\/strong>, garantissant une fiabilit\u00e9 et des performances exceptionnelles.<br data-start=\"892\" data-end=\"895\">La conception de la vanne garantit un fonctionnement souple et une maintenance ais\u00e9e, ce qui la rend id\u00e9ale pour les installations industrielles et domestiques impliquant <strong data-start=\"1037\" data-end=\"1082\">de l'eau, de l'air ou d'autres fluides non corrosifs<\/strong>.<\/p>\n<p data-start=\"1085\" data-end=\"1116\"><strong data-start=\"1085\" data-end=\"1114\">Sp\u00e9cifications techniques :<\/strong><\/p>\n<ul data-start=\"1117\" data-end=\"1465\">\n<li data-start=\"1117\" data-end=\"1139\">\n<p data-start=\"1119\" data-end=\"1139\"><strong data-start=\"1119\" data-end=\"1128\">Taille :<\/strong> \u00bd\u201d \u00e0 2\u201d<\/p>\n<\/li>\n<li data-start=\"1140\" data-end=\"1169\">\n<p data-start=\"1142\" data-end=\"1169\"><strong data-start=\"1142\" data-end=\"1162\">Pression nominale :<\/strong> PN32<\/p>\n<\/li>\n<li data-start=\"1170\" data-end=\"1250\">\n<p data-start=\"1172\" data-end=\"1250\"><strong data-start=\"1172\" data-end=\"1192\">Connexions d'extr\u00e9mit\u00e9 :<\/strong> Filetage conique selon BS EN 10226 (ISO 7-1), anciennement BS 21<\/p>\n<\/li>\n<li data-start=\"1251\" data-end=\"1275\">\n<p data-start=\"1253\" data-end=\"1275\"><strong data-start=\"1253\" data-end=\"1266\">Mat\u00e9riau :<\/strong> Bronze<\/p>\n<\/li>\n<li data-start=\"1276\" data-end=\"1359\">\n<p data-start=\"1278\" data-end=\"1298\"><strong data-start=\"1278\" data-end=\"1296\">Pression d'essai :<\/strong><\/p>\n<ul data-start=\"1301\" data-end=\"1359\">\n<li data-start=\"1301\" data-end=\"1329\">\n<p data-start=\"1303\" data-end=\"1329\">Coquille : 6 bar (pneumatique)<\/p>\n<\/li>\n<li data-start=\"1332\" data-end=\"1359\">\n<p data-start=\"1334\" data-end=\"1359\">Si\u00e8ge : 6 bar (pneumatique)<\/p>\n<\/li>\n<\/ul>\n<\/li>\n<li data-start=\"1360\" data-end=\"1465\">\n<p data-start=\"1362\" data-end=\"1391\"><strong data-start=\"1362\" data-end=\"1389\">Pression \/ Temp\u00e9rature :<\/strong><\/p>\n<ul data-start=\"1394\" data-end=\"1465\">\n<li data-start=\"1394\" data-end=\"1424\">\n<p data-start=\"1396\" data-end=\"1424\">32 bar de -10\u00b0C \u00e0 100\u00b0C<\/p>\n<\/li>\n<li data-start=\"1427\" data-end=\"1446\">\n<p data-start=\"1429\" data-end=\"1446\">14 bar \u00e0 198\u00b0C<\/p>\n<\/li>\n<li data-start=\"1449\" data-end=\"1465\">\n<p data-start=\"1451\" data-end=\"1465\">BS 5154 PN32<\/p>\n<\/li>\n<\/ul>\n<\/li>\n<\/ul>\n<p data-start=\"1467\" data-end=\"1589\"><strong data-start=\"1467\" data-end=\"1484\">Applications :<\/strong><br data-start=\"1484\" data-end=\"1487\" \/>Id\u00e9al pour <strong data-start=\"1497\" data-end=\"1528\">syst\u00e8mes d'eau \u00e0 haute pression<\/strong>, <strong data-start=\"1530\" data-end=\"1552\">Installations CVC<\/strong>, et <strong data-start=\"1558\" data-end=\"1588\">r\u00e9gulation des flux industriels<\/strong>.<\/p>","protected":false},"excerpt":{"rendered":"<p data-start=\"207\" data-end=\"372\">Robinet \u00e0 soupape haute pression en bronze con\u00e7u pour une r\u00e9gulation et un contr\u00f4le pr\u00e9cis du d\u00e9bit. Dot\u00e9 d'une tige montante et d'un chapeau viss\u00e9, il convient aux applications jusqu'\u00e0 32 bars.<\/p>","protected":false},"featured_media":7837,"template":"","meta":{"content-type":""},"product_brand":[],"product_cat":[115,373],"product_tag":[],"class_list":{"0":"post-7836","1":"product","2":"type-product","3":"status-publish","4":"has-post-thumbnail","6":"product_cat-valves","7":"product_cat-globe-valves","9":"first","10":"instock","11":"shipping-taxable","12":"product-type-simple"},"_links":{"self":[{"href":"https:\/\/niagarapumps.ca\/fr\/wp-json\/wp\/v2\/product\/7836","targetHints":{"allow":["GET"]}}],"collection":[{"href":"https:\/\/niagarapumps.ca\/fr\/wp-json\/wp\/v2\/product"}],"about":[{"href":"https:\/\/niagarapumps.ca\/fr\/wp-json\/wp\/v2\/types\/product"}],"wp:featuredmedia":[{"embeddable":true,"href":"https:\/\/niagarapumps.ca\/fr\/wp-json\/wp\/v2\/media\/7837"}],"wp:attachment":[{"href":"https:\/\/niagarapumps.ca\/fr\/wp-json\/wp\/v2\/media?parent=7836"}],"wp:term":[{"taxonomy":"product_brand","embeddable":true,"href":"https:\/\/niagarapumps.ca\/fr\/wp-json\/wp\/v2\/product_brand?post=7836"},{"taxonomy":"product_cat","embeddable":true,"href":"https:\/\/niagarapumps.ca\/fr\/wp-json\/wp\/v2\/product_cat?post=7836"},{"taxonomy":"product_tag","embeddable":true,"href":"https:\/\/niagarapumps.ca\/fr\/wp-json\/wp\/v2\/product_tag?post=7836"}],"curies":[{"name":"wp","href":"https:\/\/api.w.org\/{rel}","templated":true}]}}