{"id":7838,"date":"2025-10-08T19:30:53","date_gmt":"2025-10-08T19:30:53","guid":{"rendered":"https:\/\/niagarapumps.ca\/?post_type=product&#038;p=7838"},"modified":"2025-10-08T19:34:13","modified_gmt":"2025-10-08T19:34:13","slug":"niagara-globe-valve-model-glb32n-glb32nls","status":"publish","type":"product","link":"https:\/\/niagarapumps.ca\/fr\/product\/niagara-globe-valve-model-glb32n-glb32nls\/","title":{"rendered":"Robinet \u00e0 soupape NIAGARA - Mod\u00e8le GLB32N &amp; GLB32NLS"},"content":{"rendered":"<p data-start=\"424\" data-end=\"790\" class=\"translation-block\"><strong data-start=\"424\" data-end=\"473\">Vanne \u00e0 soupape NIAGARA - Mod\u00e8le GLB32N &amp; GLB32NLS<\/strong><br data-start=\"473\" data-end=\"476\">Les mod\u00e8les GLB32N et GLB32NLS sont des <strong data-start=\"511\" data-end=\"546\">vannes \u00e0 soupape \u00e0 tige montante en bronze<\/strong> con\u00e7ues pour les syst\u00e8mes \u00e0 haute pression exigeant pr\u00e9cision et fiabilit\u00e9.<br data-start=\"620\" data-end=\"623\">Leur <strong data-start=\"629\" data-end=\"654\">corps sph\u00e9rique robuste<\/strong> assure robustesse et longue dur\u00e9e de vie, tandis que le <strong data-start=\"705\" data-end=\"746\">chapeau viss\u00e9 et la conception \u00e0 tige montante<\/strong> assurent un contr\u00f4le souple et pr\u00e9cis de l'\u00e9coulement.<\/p>\n<p data-start=\"792\" data-end=\"1101\" class=\"translation-block\">Fabriqu\u00e9es en conformit\u00e9 avec <strong data-start=\"824\" data-end=\"840\">BS 5154 PN32<\/strong>, chaque vanne subit <strong data-start=\"863\" data-end=\"886\">un test hydrostatique<\/strong> pour v\u00e9rifier l'int\u00e9grit\u00e9 de l'\u00e9tanch\u00e9it\u00e9 et la s\u00e9curit\u00e9 de fonctionnement.<br data-start=\"938\" data-end=\"941\">De conception compacte et disponibles en petites tailles de \u00bc\u201d \u00e0 1\u201d, ces vannes sont id\u00e9ales pour les installations o\u00f9 l'espace est limit\u00e9 mais o\u00f9 des performances \u00e9lev\u00e9es sont essentielles.<\/p>\n<p data-start=\"1103\" data-end=\"1134\"><strong data-start=\"1103\" data-end=\"1132\">Sp\u00e9cifications techniques :<\/strong><\/p>\n<ul data-start=\"1135\" data-end=\"1468\">\n<li data-start=\"1135\" data-end=\"1157\">\n<p data-start=\"1137\" data-end=\"1157\"><strong data-start=\"1137\" data-end=\"1146\">Taille :<\/strong> \u00bc\u201d \u00e0 1\u201d<\/p>\n<\/li>\n<li data-start=\"1158\" data-end=\"1187\">\n<p data-start=\"1160\" data-end=\"1187\"><strong data-start=\"1160\" data-end=\"1180\">Pression nominale :<\/strong> PN32<\/p>\n<\/li>\n<li data-start=\"1188\" data-end=\"1268\">\n<p data-start=\"1190\" data-end=\"1268\"><strong data-start=\"1190\" data-end=\"1210\">Connexions d'extr\u00e9mit\u00e9 :<\/strong> Filetage conique selon BS EN 10226 (ISO 7-1), anciennement BS 21<\/p>\n<\/li>\n<li data-start=\"1269\" data-end=\"1293\">\n<p data-start=\"1271\" data-end=\"1293\"><strong data-start=\"1271\" data-end=\"1284\">Mat\u00e9riau :<\/strong> Bronze<\/p>\n<\/li>\n<li data-start=\"1294\" data-end=\"1357\">\n<p data-start=\"1296\" data-end=\"1316\"><strong data-start=\"1296\" data-end=\"1314\">Pression d'essai :<\/strong><\/p>\n<ul data-start=\"1319\" data-end=\"1357\">\n<li data-start=\"1319\" data-end=\"1336\">\n<p data-start=\"1321\" data-end=\"1336\">Coquille : 48 bar<\/p>\n<\/li>\n<li data-start=\"1339\" data-end=\"1357\">\n<p data-start=\"1341\" data-end=\"1357\">Si\u00e8ge : 35,2 bars<\/p>\n<\/li>\n<\/ul>\n<\/li>\n<li data-start=\"1358\" data-end=\"1468\">\n<p data-start=\"1360\" data-end=\"1389\"><strong data-start=\"1360\" data-end=\"1387\">Pression \/ Temp\u00e9rature :<\/strong><\/p>\n<ul data-start=\"1392\" data-end=\"1468\">\n<li data-start=\"1392\" data-end=\"1422\">\n<p data-start=\"1394\" data-end=\"1422\">32 bar de -10\u00b0C \u00e0 100\u00b0C<\/p>\n<\/li>\n<li data-start=\"1425\" data-end=\"1444\">\n<p data-start=\"1427\" data-end=\"1444\">14 bar \u00e0 198\u00b0C<\/p>\n<\/li>\n<li data-start=\"1447\" data-end=\"1468\">\n<p data-start=\"1449\" data-end=\"1468\">BS 5154:1991 PN32<\/p>\n<\/li>\n<\/ul>\n<\/li>\n<\/ul>\n<p data-start=\"1470\" data-end=\"1618\"><strong data-start=\"1470\" data-end=\"1487\">Applications :<\/strong><br data-start=\"1487\" data-end=\"1490\" \/>Id\u00e9al pour <strong data-start=\"1500\" data-end=\"1528\">syst\u00e8mes d'eau industrielle<\/strong>, <strong data-start=\"1530\" data-end=\"1548\">air comprim\u00e9<\/strong>, et <strong data-start=\"1554\" data-end=\"1588\">r\u00e9gulation des fluides non corrosifs<\/strong> dans les r\u00e9seaux de pipelines compacts.<\/p>","protected":false},"excerpt":{"rendered":"<p data-start=\"214\" data-end=\"383\">Robinet \u00e0 soupape compact haute pression en bronze avec tige montante et chapeau viss\u00e9. Con\u00e7u pour une r\u00e9gulation pr\u00e9cise du d\u00e9bit et une durabilit\u00e9 dans des conditions de fonctionnement PN32.<\/p>","protected":false},"featured_media":7839,"template":"","meta":{"content-type":""},"product_brand":[],"product_cat":[115,373],"product_tag":[],"class_list":{"0":"post-7838","1":"product","2":"type-product","3":"status-publish","4":"has-post-thumbnail","6":"product_cat-valves","7":"product_cat-globe-valves","9":"first","10":"instock","11":"shipping-taxable","12":"product-type-simple"},"_links":{"self":[{"href":"https:\/\/niagarapumps.ca\/fr\/wp-json\/wp\/v2\/product\/7838","targetHints":{"allow":["GET"]}}],"collection":[{"href":"https:\/\/niagarapumps.ca\/fr\/wp-json\/wp\/v2\/product"}],"about":[{"href":"https:\/\/niagarapumps.ca\/fr\/wp-json\/wp\/v2\/types\/product"}],"wp:featuredmedia":[{"embeddable":true,"href":"https:\/\/niagarapumps.ca\/fr\/wp-json\/wp\/v2\/media\/7839"}],"wp:attachment":[{"href":"https:\/\/niagarapumps.ca\/fr\/wp-json\/wp\/v2\/media?parent=7838"}],"wp:term":[{"taxonomy":"product_brand","embeddable":true,"href":"https:\/\/niagarapumps.ca\/fr\/wp-json\/wp\/v2\/product_brand?post=7838"},{"taxonomy":"product_cat","embeddable":true,"href":"https:\/\/niagarapumps.ca\/fr\/wp-json\/wp\/v2\/product_cat?post=7838"},{"taxonomy":"product_tag","embeddable":true,"href":"https:\/\/niagarapumps.ca\/fr\/wp-json\/wp\/v2\/product_tag?post=7838"}],"curies":[{"name":"wp","href":"https:\/\/api.w.org\/{rel}","templated":true}]}}