{"id":7840,"date":"2025-10-08T19:35:30","date_gmt":"2025-10-08T19:35:30","guid":{"rendered":"https:\/\/niagarapumps.ca\/?post_type=product&#038;p=7840"},"modified":"2025-10-08T19:37:43","modified_gmt":"2025-10-08T19:37:43","slug":"niagara-globe-valve-model-glb40","status":"publish","type":"product","link":"https:\/\/niagarapumps.ca\/fr\/product\/niagara-globe-valve-model-glb40\/","title":{"rendered":"Robinet \u00e0 soupape NIAGARA - Mod\u00e8le GLB40"},"content":{"rendered":"<p data-start=\"422\" data-end=\"797\" class=\"translation-block\"><strong data-start=\"422\" data-end=\"459\">Vanne \u00e0 soupape NIAGARA - Mod\u00e8le GLB40<\/strong><br data-start=\"459\" data-end=\"462\">Le mod\u00e8le GLB40 est une <strong data-start=\"483\" data-end=\"525\">vanne \u00e0 soupape \u00e0 tige montante en bronze de qualit\u00e9 sup\u00e9rieure<\/strong> con\u00e7ue pour les applications \u00e0 haute pression n\u00e9cessitant un contr\u00f4le pr\u00e9cis du d\u00e9bit et des performances robustes.<br data-start=\"620\" data-end=\"623\">Sa <strong data-start=\"627\" data-end=\"656\">construction \u00e0 chapeau d'union<\/strong> permet un d\u00e9montage facile pour l'inspection ou la maintenance, tandis que la <strong data-start=\"724\" data-end=\"746\">conception \u00e0 tige montante<\/strong> assure un fonctionnement sans \u00e0-coups et un \u00e9tranglement pr\u00e9cis.<\/p>\n<p data-start=\"799\" data-end=\"1073\" class=\"translation-block\">Fabriqu\u00e9e en <strong data-start=\"809\" data-end=\"832\">bronze de haute qualit\u00e9<\/strong>, la vanne offre une r\u00e9sistance sup\u00e9rieure \u00e0 la corrosion et une longue dur\u00e9e de vie.<br data-start=\"905\" data-end=\"908\">Chaque vanne est <strong data-start=\"922\" data-end=\"967\">test\u00e9e selon BS EN 10226 (ISO 7-1)<\/strong> et <strong data-start=\"972\" data-end=\"990\">normes PN40<\/strong>, garantissant une \u00e9tanch\u00e9it\u00e9 et une fiabilit\u00e9 constantes dans des conditions d'utilisation exigeantes.<\/p>\n<p data-start=\"1075\" data-end=\"1106\"><strong data-start=\"1075\" data-end=\"1104\">Sp\u00e9cifications techniques :<\/strong><\/p>\n<ul data-start=\"1107\" data-end=\"1416\">\n<li data-start=\"1107\" data-end=\"1129\">\n<p data-start=\"1109\" data-end=\"1129\"><strong data-start=\"1109\" data-end=\"1118\">Taille :<\/strong> \u00bc\u201d \u00e0 2\u201d<\/p>\n<\/li>\n<li data-start=\"1130\" data-end=\"1159\">\n<p data-start=\"1132\" data-end=\"1159\"><strong data-start=\"1132\" data-end=\"1152\">Pression nominale :<\/strong> PN40<\/p>\n<\/li>\n<li data-start=\"1160\" data-end=\"1240\">\n<p data-start=\"1162\" data-end=\"1240\"><strong data-start=\"1162\" data-end=\"1182\">Connexions d'extr\u00e9mit\u00e9 :<\/strong> Filetage conique selon BS EN 10226 (ISO 7-1), anciennement BS 21<\/p>\n<\/li>\n<li data-start=\"1241\" data-end=\"1265\">\n<p data-start=\"1243\" data-end=\"1265\"><strong data-start=\"1243\" data-end=\"1256\">Mat\u00e9riau :<\/strong> Bronze<\/p>\n<\/li>\n<li data-start=\"1266\" data-end=\"1327\">\n<p data-start=\"1268\" data-end=\"1288\"><strong data-start=\"1268\" data-end=\"1286\">Pression d'essai :<\/strong><\/p>\n<ul data-start=\"1291\" data-end=\"1327\">\n<li data-start=\"1291\" data-end=\"1308\">\n<p data-start=\"1293\" data-end=\"1308\">Coquille : 60 bar<\/p>\n<\/li>\n<li data-start=\"1311\" data-end=\"1327\">\n<p data-start=\"1313\" data-end=\"1327\">Si\u00e8ge : 44 bar<\/p>\n<\/li>\n<\/ul>\n<\/li>\n<li data-start=\"1328\" data-end=\"1416\">\n<p data-start=\"1330\" data-end=\"1359\"><strong data-start=\"1330\" data-end=\"1357\">Pression \/ Temp\u00e9rature :<\/strong><\/p>\n<ul data-start=\"1362\" data-end=\"1416\">\n<li data-start=\"1362\" data-end=\"1392\">\n<p data-start=\"1364\" data-end=\"1392\">40 bar de -10\u00b0C \u00e0 120\u00b0C<\/p>\n<\/li>\n<li data-start=\"1395\" data-end=\"1416\">\n<p data-start=\"1397\" data-end=\"1416\">17,5 bar \u00e0 260\u00b0C<\/p>\n<\/li>\n<\/ul>\n<\/li>\n<\/ul>\n<p data-start=\"1418\" data-end=\"1577\"><strong data-start=\"1418\" data-end=\"1435\">Applications :<\/strong><br data-start=\"1435\" data-end=\"1438\" \/>Id\u00e9al pour <strong data-start=\"1448\" data-end=\"1465\">syst\u00e8mes \u00e0 vapeur<\/strong>, <strong data-start=\"1467\" data-end=\"1496\">les conduites d'eau \u00e0 haute pression<\/strong>, et <strong data-start=\"1502\" data-end=\"1532\">contr\u00f4le des processus industriels<\/strong> o\u00f9 la pr\u00e9cision et la durabilit\u00e9 sont essentielles.<\/p>","protected":false},"excerpt":{"rendered":"<p data-start=\"221\" data-end=\"381\">Robinet \u00e0 soupape haute pression en bronze \u00e0 tige montante et chapeau union, con\u00e7u pour une r\u00e9gulation pr\u00e9cise du d\u00e9bit et une durabilit\u00e9 \u00e0 long terme jusqu'\u00e0 40 bars.<\/p>","protected":false},"featured_media":7841,"template":"","meta":{"content-type":""},"product_brand":[],"product_cat":[115,373],"product_tag":[],"class_list":{"0":"post-7840","1":"product","2":"type-product","3":"status-publish","4":"has-post-thumbnail","6":"product_cat-valves","7":"product_cat-globe-valves","9":"first","10":"instock","11":"shipping-taxable","12":"product-type-simple"},"_links":{"self":[{"href":"https:\/\/niagarapumps.ca\/fr\/wp-json\/wp\/v2\/product\/7840","targetHints":{"allow":["GET"]}}],"collection":[{"href":"https:\/\/niagarapumps.ca\/fr\/wp-json\/wp\/v2\/product"}],"about":[{"href":"https:\/\/niagarapumps.ca\/fr\/wp-json\/wp\/v2\/types\/product"}],"wp:featuredmedia":[{"embeddable":true,"href":"https:\/\/niagarapumps.ca\/fr\/wp-json\/wp\/v2\/media\/7841"}],"wp:attachment":[{"href":"https:\/\/niagarapumps.ca\/fr\/wp-json\/wp\/v2\/media?parent=7840"}],"wp:term":[{"taxonomy":"product_brand","embeddable":true,"href":"https:\/\/niagarapumps.ca\/fr\/wp-json\/wp\/v2\/product_brand?post=7840"},{"taxonomy":"product_cat","embeddable":true,"href":"https:\/\/niagarapumps.ca\/fr\/wp-json\/wp\/v2\/product_cat?post=7840"},{"taxonomy":"product_tag","embeddable":true,"href":"https:\/\/niagarapumps.ca\/fr\/wp-json\/wp\/v2\/product_tag?post=7840"}],"curies":[{"name":"wp","href":"https:\/\/api.w.org\/{rel}","templated":true}]}}