{"id":7843,"date":"2025-10-08T19:37:58","date_gmt":"2025-10-08T19:37:58","guid":{"rendered":"https:\/\/niagarapumps.ca\/?post_type=product&#038;p=7843"},"modified":"2025-10-08T19:41:13","modified_gmt":"2025-10-08T19:41:13","slug":"niagara-globe-valve-model-glbb16","status":"publish","type":"product","link":"https:\/\/niagarapumps.ca\/fr\/product\/niagara-globe-valve-model-glbb16\/","title":{"rendered":"Robinet \u00e0 soupape NIAGARA - Mod\u00e8le GLBB16"},"content":{"rendered":"<p data-start=\"385\" data-end=\"706\" class=\"translation-block\"><strong data-start=\"385\" data-end=\"423\">Vanne \u00e0 soupape NIAGARA - Mod\u00e8le GLBB16<\/strong><br data-start=\"423\" data-end=\"426\">Le mod\u00e8le GLBB16 est une <strong data-start=\"448\" data-end=\"478\">vanne \u00e0 soupape en bronze \u00e0 brides<\/strong> con\u00e7ue pour un contr\u00f4le fiable du d\u00e9bit dans les applications industrielles et domestiques.&lt;Avec une <strong data-start=\"573\" data-end=\"588\">tige montante<\/strong> et un <strong data-start=\"593\" data-end=\"611\">chapeau viss\u00e9<\/strong>, il assure un \u00e9tranglement pr\u00e9cis et un fonctionnement en douceur, m\u00eame dans des conditions de pression variables.<\/p>\n<p data-start=\"708\" data-end=\"972\" class=\"translation-block\">La <strong data-start=\"712\" data-end=\"739\">conception \u00e0 bride int\u00e9gr\u00e9e<\/strong> \u00e9limine le besoin de filetage des tuyaux, ce qui permet une installation s\u00fbre et sans fuite.<br data-start=\"826\" data-end=\"829\">Chaque vanne est fabriqu\u00e9e conform\u00e9ment aux <strong data-start=\"859\" data-end=\"884\">normes BS 5154 PN16 Series B<\/strong> et test\u00e9e hydrostatiquement pour une durabilit\u00e9 et des performances d'\u00e9tanch\u00e9it\u00e9 garanties.<\/p>\n<p data-start=\"974\" data-end=\"1005\"><strong data-start=\"974\" data-end=\"1003\">Sp\u00e9cifications techniques :<\/strong><\/p>\n<ul data-start=\"1006\" data-end=\"1319\">\n<li data-start=\"1006\" data-end=\"1032\">\n<p data-start=\"1008\" data-end=\"1032\"><strong data-start=\"1008\" data-end=\"1017\">Taille :<\/strong> 15mm \u00e0 50mm<\/p>\n<\/li>\n<li data-start=\"1033\" data-end=\"1062\">\n<p data-start=\"1035\" data-end=\"1062\"><strong data-start=\"1035\" data-end=\"1055\">Pression nominale :<\/strong> PN16<\/p>\n<\/li>\n<li data-start=\"1063\" data-end=\"1111\">\n<p data-start=\"1065\" data-end=\"1111\"><strong data-start=\"1065\" data-end=\"1085\">Connexions d'extr\u00e9mit\u00e9 :<\/strong> Brides conformes \u00e0 la norme BS EN 1092-3<\/p>\n<\/li>\n<li data-start=\"1112\" data-end=\"1136\">\n<p data-start=\"1114\" data-end=\"1136\"><strong data-start=\"1114\" data-end=\"1127\">Mat\u00e9riau :<\/strong> Bronze<\/p>\n<\/li>\n<li data-start=\"1137\" data-end=\"1200\">\n<p data-start=\"1139\" data-end=\"1159\"><strong data-start=\"1139\" data-end=\"1157\">Pression d'essai :<\/strong><\/p>\n<ul data-start=\"1162\" data-end=\"1200\">\n<li data-start=\"1162\" data-end=\"1179\">\n<p data-start=\"1164\" data-end=\"1179\">Coquille : 24 bar<\/p>\n<\/li>\n<li data-start=\"1182\" data-end=\"1200\">\n<p data-start=\"1184\" data-end=\"1200\">Si\u00e8ge : 17,6 bars<\/p>\n<\/li>\n<\/ul>\n<\/li>\n<li data-start=\"1201\" data-end=\"1319\">\n<p data-start=\"1203\" data-end=\"1232\"><strong data-start=\"1203\" data-end=\"1230\">Pression \/ Temp\u00e9rature :<\/strong><\/p>\n<ul data-start=\"1235\" data-end=\"1319\">\n<li data-start=\"1235\" data-end=\"1265\">\n<p data-start=\"1237\" data-end=\"1265\">16 bar de -10\u00b0C \u00e0 100\u00b0C<\/p>\n<\/li>\n<li data-start=\"1268\" data-end=\"1286\">\n<p data-start=\"1270\" data-end=\"1286\">7 bar \u00e0 170\u00b0C<\/p>\n<\/li>\n<li data-start=\"1289\" data-end=\"1319\">\n<p data-start=\"1291\" data-end=\"1319\">BS 5154:1991 PN16 S\u00e9rie B<\/p>\n<\/li>\n<\/ul>\n<\/li>\n<\/ul>\n<p data-start=\"1321\" data-end=\"1480\"><strong data-start=\"1321\" data-end=\"1338\">Applications :<\/strong><br data-start=\"1338\" data-end=\"1341\" \/>Id\u00e9al pour <strong data-start=\"1351\" data-end=\"1368\">syst\u00e8mes d'eau<\/strong>, <strong data-start=\"1370\" data-end=\"1390\">circuits de chauffage<\/strong>, et <strong data-start=\"1396\" data-end=\"1426\">r\u00e9gulation des flux industriels<\/strong> n\u00e9cessitant une conception de vanne robuste et r\u00e9sistante \u00e0 la corrosion.<\/p>","protected":false},"excerpt":{"rendered":"<p data-start=\"215\" data-end=\"344\">Robinet \u00e0 soupape en bronze \u00e0 brides de haute qualit\u00e9, con\u00e7u pour une r\u00e9gulation pr\u00e9cise du d\u00e9bit et des performances fiables sous une pression nominale de PN16.<\/p>","protected":false},"featured_media":7844,"template":"","meta":{"content-type":""},"product_brand":[],"product_cat":[115,373],"product_tag":[],"class_list":{"0":"post-7843","1":"product","2":"type-product","3":"status-publish","4":"has-post-thumbnail","6":"product_cat-valves","7":"product_cat-globe-valves","9":"first","10":"instock","11":"shipping-taxable","12":"product-type-simple"},"_links":{"self":[{"href":"https:\/\/niagarapumps.ca\/fr\/wp-json\/wp\/v2\/product\/7843","targetHints":{"allow":["GET"]}}],"collection":[{"href":"https:\/\/niagarapumps.ca\/fr\/wp-json\/wp\/v2\/product"}],"about":[{"href":"https:\/\/niagarapumps.ca\/fr\/wp-json\/wp\/v2\/types\/product"}],"wp:featuredmedia":[{"embeddable":true,"href":"https:\/\/niagarapumps.ca\/fr\/wp-json\/wp\/v2\/media\/7844"}],"wp:attachment":[{"href":"https:\/\/niagarapumps.ca\/fr\/wp-json\/wp\/v2\/media?parent=7843"}],"wp:term":[{"taxonomy":"product_brand","embeddable":true,"href":"https:\/\/niagarapumps.ca\/fr\/wp-json\/wp\/v2\/product_brand?post=7843"},{"taxonomy":"product_cat","embeddable":true,"href":"https:\/\/niagarapumps.ca\/fr\/wp-json\/wp\/v2\/product_cat?post=7843"},{"taxonomy":"product_tag","embeddable":true,"href":"https:\/\/niagarapumps.ca\/fr\/wp-json\/wp\/v2\/product_tag?post=7843"}],"curies":[{"name":"wp","href":"https:\/\/api.w.org\/{rel}","templated":true}]}}