{"id":7861,"date":"2025-10-17T12:18:40","date_gmt":"2025-10-17T12:18:40","guid":{"rendered":"https:\/\/niagarapumps.ca\/?post_type=product&#038;p=7861"},"modified":"2025-10-18T16:08:23","modified_gmt":"2025-10-18T16:08:23","slug":"modeles-de-crepine-niagara-sds525-sds625","status":"publish","type":"product","link":"https:\/\/niagarapumps.ca\/fr\/product\/niagara-strainer-models-sds525-sds625\/","title":{"rendered":"Filtre NIAGARA - Mod\u00e8les SDS525 &amp; SDS625"},"content":{"rendered":"<p data-start=\"423\" data-end=\"807\" class=\"translation-block\"><strong data-start=\"423\" data-end=\"468\">NIAGARA Strainer - Models SDS525 &amp; SDS625<\/strong><br data-start=\"468\" data-end=\"471\">Les SDS525 et SDS625 sont des <strong data-start=\"497\" data-end=\"530\">filtres en Y en fonte ductile<\/strong> con\u00e7us pour offrir une r\u00e9sistance et des performances exceptionnelles dans des conditions de haute pression.<br data-start=\"621\" data-end=\"624\">Leur <strong data-start=\"630\" data-end=\"655\">voie d'\u00e9coulement rationalis\u00e9e<\/strong> r\u00e9duit les turbulences et minimise la perte de pression, tandis que le <strong data-start=\"714\" data-end=\"748\">joint anti-adh\u00e9rent sans amiante<\/strong> assure une \u00e9tanch\u00e9it\u00e9 s\u00fbre et sans fuite et facilite l'entretien.<\/p>\n<p data-start=\"809\" data-end=\"950\">Ces filtres assurent une filtration fiable, prot\u00e9geant les canalisations et les \u00e9quipements contre les d\u00e9bris et les contaminants dans les syst\u00e8mes d'eau, d'huile ou de vapeur.<\/p>\n<p data-start=\"952\" data-end=\"983\"><strong data-start=\"952\" data-end=\"981\">Sp\u00e9cifications techniques :<\/strong><\/p>\n<ul data-start=\"984\" data-end=\"1204\">\n<li data-start=\"984\" data-end=\"1013\">\n<p data-start=\"986\" data-end=\"1013\"><strong data-start=\"986\" data-end=\"1006\">Pression nominale :<\/strong> PN25<\/p>\n<\/li>\n<li data-start=\"1014\" data-end=\"1134\">\n<p data-start=\"1016\" data-end=\"1041\"><strong data-start=\"1016\" data-end=\"1039\">Pression de fonctionnement :<\/strong><\/p>\n<ul data-start=\"1044\" data-end=\"1134\">\n<li data-start=\"1044\" data-end=\"1074\">\n<p data-start=\"1046\" data-end=\"1074\">25 bar de -10\u00b0C \u00e0 120\u00b0C<\/p>\n<\/li>\n<li data-start=\"1077\" data-end=\"1098\">\n<p data-start=\"1079\" data-end=\"1098\">21,5 bar \u00e0 220\u00b0C<\/p>\n<\/li>\n<li data-start=\"1101\" data-end=\"1134\">\n<p data-start=\"1103\" data-end=\"1134\">Note : 911 limit\u00e9 \u00e0 180\u00b0C<\/p>\n<\/li>\n<\/ul>\n<\/li>\n<li data-start=\"1135\" data-end=\"1165\">\n<p data-start=\"1137\" data-end=\"1165\"><strong data-start=\"1137\" data-end=\"1150\">Mat\u00e9riau :<\/strong> Fonte ductile<\/p>\n<\/li>\n<li data-start=\"1166\" data-end=\"1204\">\n<p data-start=\"1168\" data-end=\"1204\"><strong data-start=\"1168\" data-end=\"1186\">Pression d'essai :<\/strong> Coquille : 37,5 bars<\/p>\n<\/li>\n<\/ul>\n<p data-start=\"1206\" data-end=\"1392\" class=\"translation-block\"><strong data-start=\"1206\" data-end=\"1223\">Applications :<\/strong><br data-start=\"1223\" data-end=\"1226\">Id\u00e9al pour les <strong data-start=\"1236\" data-end=\"1264\">syst\u00e8mes d'eau industriels<\/strong>, <strong data-start=\"1266\" data-end=\"1284\">r\u00e9seaux de vapeur<\/strong>, <strong data-start=\"1286\" data-end=\"1302\">syst\u00e8mes CVC<\/strong>, et <strong data-start=\"1308\" data-end=\"1345\">installations de fluides \u00e0 haute pression<\/strong>, o\u00f9 la durabilit\u00e9 et la propret\u00e9 de l'\u00e9coulement sont essentielles.<\/p>\n<p data-start=\"1394\" data-end=\"1472\" class=\"translation-block\"><strong data-start=\"1477\" data-end=\"1486\">Note:<\/strong> Con\u00e7u pour une protection fiable du syst\u00e8me et une dur\u00e9e de vie prolong\u00e9e de l'\u00e9quipement.<\/p>","protected":false},"excerpt":{"rendered":"<p data-start=\"227\" data-end=\"382\">Filtre en Y en fonte ductile robuste con\u00e7u pour les applications \u00e0 haute pression avec une excellente durabilit\u00e9, une r\u00e9sistance \u00e0 la corrosion et une perte de charge minimale.<\/p>","protected":false},"featured_media":7863,"template":"","meta":{"content-type":""},"product_brand":[],"product_cat":[115,503],"product_tag":[],"class_list":{"0":"post-7861","1":"product","2":"type-product","3":"status-publish","4":"has-post-thumbnail","6":"product_cat-valves","7":"product_cat-straines-valves","9":"first","10":"instock","11":"shipping-taxable","12":"product-type-simple"},"_links":{"self":[{"href":"https:\/\/niagarapumps.ca\/fr\/wp-json\/wp\/v2\/product\/7861","targetHints":{"allow":["GET"]}}],"collection":[{"href":"https:\/\/niagarapumps.ca\/fr\/wp-json\/wp\/v2\/product"}],"about":[{"href":"https:\/\/niagarapumps.ca\/fr\/wp-json\/wp\/v2\/types\/product"}],"wp:featuredmedia":[{"embeddable":true,"href":"https:\/\/niagarapumps.ca\/fr\/wp-json\/wp\/v2\/media\/7863"}],"wp:attachment":[{"href":"https:\/\/niagarapumps.ca\/fr\/wp-json\/wp\/v2\/media?parent=7861"}],"wp:term":[{"taxonomy":"product_brand","embeddable":true,"href":"https:\/\/niagarapumps.ca\/fr\/wp-json\/wp\/v2\/product_brand?post=7861"},{"taxonomy":"product_cat","embeddable":true,"href":"https:\/\/niagarapumps.ca\/fr\/wp-json\/wp\/v2\/product_cat?post=7861"},{"taxonomy":"product_tag","embeddable":true,"href":"https:\/\/niagarapumps.ca\/fr\/wp-json\/wp\/v2\/product_tag?post=7861"}],"curies":[{"name":"wp","href":"https:\/\/api.w.org\/{rel}","templated":true}]}}