{"id":7864,"date":"2025-10-17T12:21:55","date_gmt":"2025-10-17T12:21:55","guid":{"rendered":"https:\/\/niagarapumps.ca\/?post_type=product&#038;p=7864"},"modified":"2025-10-18T16:08:23","modified_gmt":"2025-10-18T16:08:23","slug":"niagara-strainer-model-ss7w","status":"publish","type":"product","link":"https:\/\/niagarapumps.ca\/fr\/product\/niagara-strainer-model-ss7w\/","title":{"rendered":"Filtre NIAGARA - Mod\u00e8le SS7W"},"content":{"rendered":"<p data-start=\"415\" data-end=\"900\" class=\"translation-block\"><strong data-start=\"415\" data-end=\"448\">NIAGARA Strainer - Model SS7W<\/strong><br data-start=\"448\" data-end=\"451\">Le mod\u00e8le SS7W est un <strong data-start=\"471\" data-end=\"500\">filtre en Y en fonte<\/strong> sp\u00e9cialement con\u00e7u pour \u00e9liminer les corps \u00e9trangers des syst\u00e8mes de tuyauterie et \u00e9viter d'endommager l'\u00e9quipement en aval.<br data-start=\"615\" data-end=\"618\">Il se caract\u00e9rise par un <strong data-start=\"632\" data-end=\"660\">corps robuste<\/strong>, <strong data-start=\"662\" data-end=\"678\">embouts \u00e0 brides<\/strong> pour une installation facile, et est fabriqu\u00e9 conform\u00e9ment aux normes internationales pour un fonctionnement fiable.<br data-start=\"790\" data-end=\"793\">Ce mod\u00e8le offre une excellente filtration et une grande durabilit\u00e9 pour les applications dans les domaines de l'eau et des proc\u00e9d\u00e9s industriels.<\/p>\n<p data-start=\"902\" data-end=\"933\"><strong data-start=\"902\" data-end=\"931\">Sp\u00e9cifications techniques :<\/strong><\/p>\n<ul data-start=\"934\" data-end=\"1115\">\n<li data-start=\"934\" data-end=\"961\">\n<p data-start=\"936\" data-end=\"961\"><strong data-start=\"936\" data-end=\"945\">Taille :<\/strong> DN65 \u00e0 DN150<\/p>\n<\/li>\n<li data-start=\"962\" data-end=\"1015\">\n<p data-start=\"964\" data-end=\"1015\"><strong data-start=\"964\" data-end=\"984\">Connexions d'extr\u00e9mit\u00e9 :<\/strong> Bride selon BS EN 1092-2 PN16<\/p>\n<\/li>\n<li data-start=\"1016\" data-end=\"1045\">\n<p data-start=\"1018\" data-end=\"1045\"><strong data-start=\"1018\" data-end=\"1038\">Pression nominale :<\/strong> PN16<\/p>\n<\/li>\n<li data-start=\"1046\" data-end=\"1087\">\n<p data-start=\"1048\" data-end=\"1087\"><strong data-start=\"1048\" data-end=\"1071\">Temp\u00e9rature nominale :<\/strong> De -10\u00b0C \u00e0 85\u00b0C<\/p>\n<\/li>\n<li data-start=\"1088\" data-end=\"1115\">\n<p data-start=\"1090\" data-end=\"1115\"><strong data-start=\"1090\" data-end=\"1103\">Mat\u00e9riau :<\/strong> Fonte<\/p>\n<\/li>\n<\/ul>\n<p data-start=\"1117\" data-end=\"1299\" class=\"translation-block\"><strong data-start=\"1117\" data-end=\"1134\">Applications :<\/strong><br data-start=\"1134\" data-end=\"1137\">Id\u00e9al pour <strong data-start=\"1147\" data-end=\"1171\">les syst\u00e8mes d'approvisionnement en eau<\/strong>, <strong data-start=\"1173\" data-end=\"1190\">les r\u00e9seaux CVC<\/strong>, <strong data-start=\"1192\" data-end=\"1213\">usines industrielles<\/strong>, et <strong data-start=\"1219\" data-end=\"1241\">syst\u00e8mes d'irrigation<\/strong>, assurant la protection des syst\u00e8mes contre les d\u00e9bris et les contaminants.<\/p>\n<p data-start=\"1301\" data-end=\"1408\" class=\"translation-block\"><strong data-start=\"1301\" data-end=\"1310\">Note:<\/strong> Con\u00e7u pour maintenir une efficacit\u00e9 optimale du d\u00e9bit et prolonger la dur\u00e9e de vie des composants connect\u00e9s.<\/p>","protected":false},"excerpt":{"rendered":"<p data-start=\"222\" data-end=\"374\">Cr\u00e9pine fiable en fonte de type Y con\u00e7ue pour prot\u00e9ger les syst\u00e8mes de tuyauterie en \u00e9liminant efficacement les particules \u00e9trang\u00e8res, garantissant ainsi un d\u00e9bit r\u00e9gulier et ininterrompu.<\/p>","protected":false},"featured_media":7865,"template":"","meta":{"content-type":""},"product_brand":[],"product_cat":[115,503],"product_tag":[],"class_list":{"0":"post-7864","1":"product","2":"type-product","3":"status-publish","4":"has-post-thumbnail","6":"product_cat-valves","7":"product_cat-straines-valves","9":"first","10":"instock","11":"shipping-taxable","12":"product-type-simple"},"_links":{"self":[{"href":"https:\/\/niagarapumps.ca\/fr\/wp-json\/wp\/v2\/product\/7864","targetHints":{"allow":["GET"]}}],"collection":[{"href":"https:\/\/niagarapumps.ca\/fr\/wp-json\/wp\/v2\/product"}],"about":[{"href":"https:\/\/niagarapumps.ca\/fr\/wp-json\/wp\/v2\/types\/product"}],"wp:featuredmedia":[{"embeddable":true,"href":"https:\/\/niagarapumps.ca\/fr\/wp-json\/wp\/v2\/media\/7865"}],"wp:attachment":[{"href":"https:\/\/niagarapumps.ca\/fr\/wp-json\/wp\/v2\/media?parent=7864"}],"wp:term":[{"taxonomy":"product_brand","embeddable":true,"href":"https:\/\/niagarapumps.ca\/fr\/wp-json\/wp\/v2\/product_brand?post=7864"},{"taxonomy":"product_cat","embeddable":true,"href":"https:\/\/niagarapumps.ca\/fr\/wp-json\/wp\/v2\/product_cat?post=7864"},{"taxonomy":"product_tag","embeddable":true,"href":"https:\/\/niagarapumps.ca\/fr\/wp-json\/wp\/v2\/product_tag?post=7864"}],"curies":[{"name":"wp","href":"https:\/\/api.w.org\/{rel}","templated":true}]}}