{"id":7868,"date":"2025-10-17T15:58:28","date_gmt":"2025-10-17T15:58:28","guid":{"rendered":"https:\/\/niagarapumps.ca\/?post_type=product&#038;p=7868"},"modified":"2026-01-14T10:10:37","modified_gmt":"2026-01-14T10:10:37","slug":"niagara-butterfly-valve-models-fs50-fs50g","status":"publish","type":"product","link":"https:\/\/niagarapumps.ca\/fr\/product\/niagara-butterfly-valve-models-fs50-fs50g\/","title":{"rendered":"Robinet \u00e0 papillon NIAGARA - Mod\u00e8les FS50 &amp; FS50G"},"content":{"rendered":"<p data-start=\"438\" data-end=\"914\" class=\"translation-block\"><strong data-start=\"438\" data-end=\"487\">Vanne papillon NIAGARA - Mod\u00e8les FS50 &amp; FS50G<\/strong><br data-start=\"487\" data-end=\"490\">Les mod\u00e8les FS50 et FS50G sont des <strong data-start=\"520\" data-end=\"565\">vannes papillon en fonte ductile semi-lugg\u00e9e<\/strong> con\u00e7ues pour un contr\u00f4le efficace du d\u00e9bit dans les syst\u00e8mes d'eau, HVAC, et industriels.<br data-start=\"643\" data-end=\"646\">Ces vannes sont dot\u00e9es d'un <strong data-start=\"669\" data-end=\"710\">corps robuste en fonte ductile \u00e0 rev\u00eatement \u00e9poxy<\/strong>, offrant une r\u00e9sistance sup\u00e9rieure \u00e0 la corrosion et \u00e0 l'usure.<br data-start=\"764\" data-end=\"767\">La <strong data-start=\"771\" data-end=\"799\">conception de la tige anti-souffle<\/strong> assure un fonctionnement s\u00fbr, tandis que la <strong data-start=\"834\" data-end=\"860\">plaque \u00e0 encoches int\u00e9gr\u00e9e<\/strong> offre une construction compacte et sans entretien.<\/p>\n<p data-start=\"916\" data-end=\"947\"><strong data-start=\"916\" data-end=\"945\">Sp\u00e9cifications techniques :<\/strong><\/p>\n<p data-start=\"523\" data-end=\"579\"><strong data-start=\"523\" data-end=\"532\">\u00a0 \u00a0 Taille :<\/strong><br data-start=\"532\" data-end=\"535\" \/>\u00a0 \u00a0 FS50 : 50mm \u00e0 200mm<br data-start=\"554\" data-end=\"557\" \/>\u00a0 \u00a0 FS50G : 50mm \u00e0 300mm<\/p>\n<p data-start=\"581\" data-end=\"610\"><strong data-start=\"581\" data-end=\"601\">\u00a0 \u00a0 Pression nominale :<\/strong><br data-start=\"601\" data-end=\"604\" \/>\u00a0 \u00a0 PN16<\/p>\n<p data-start=\"612\" data-end=\"717\"><strong data-start=\"612\" data-end=\"632\">\u00a0 \u00a0 Connexions d'extr\u00e9mit\u00e9 :<\/strong><br data-start=\"632\" data-end=\"635\" \/>\u00a0 \u00a0 Les tailles DN50 \u00e0 DN300 peuvent \u00eatre utilis\u00e9es avec des brides conformes \u00e0 la norme BS EN 1092-2.<\/p>\n<p data-start=\"719\" data-end=\"747\" data-is-last-node=\"\" data-is-only-node=\"\"><strong data-start=\"719\" data-end=\"732\">Mat\u00e9riau :<\/strong><br data-start=\"732\" data-end=\"735\" \/>Fonte ductile<\/p>\n<p data-start=\"1183\" data-end=\"1198\"><strong data-start=\"1183\" data-end=\"1196\">Caract\u00e9ristiques :<\/strong><\/p>\n<ul>\n<li data-start=\"55\" data-end=\"112\">\n<p data-start=\"58\" data-end=\"112\">Corps de vanne robuste en fonte ductile pour une longue dur\u00e9e de vie<\/p>\n<\/li>\n<li data-start=\"113\" data-end=\"180\">\n<p data-start=\"116\" data-end=\"180\">Corps de vanne semi-lugg\u00e9 pour s'adapter aux brides PN10, PN16 ou classe 125<\/p>\n<\/li>\n<li data-start=\"181\" data-end=\"234\">\n<p data-start=\"184\" data-end=\"234\">Plaque \u00e0 encoche int\u00e9gr\u00e9e pour une conception plus compacte<\/p>\n<\/li>\n<li data-start=\"235\" data-end=\"306\">\n<p data-start=\"238\" data-end=\"306\">La conception de la tige anti-\u00e9clatement assure un fonctionnement s\u00fbr et s\u00e9curis\u00e9.<\/p>\n<\/li>\n<li data-start=\"307\" data-end=\"377\">\n<p data-start=\"310\" data-end=\"377\">Syst\u00e8me de peinture \u00e9poxy enti\u00e8rement coll\u00e9 pour une r\u00e9sistance sup\u00e9rieure \u00e0 la corrosion<\/p>\n<\/li>\n<li data-start=\"378\" data-end=\"467\">\n<p data-start=\"381\" data-end=\"467\">Convient aux applications n\u00e9cessitant une protection contre la corrosion de niveau 3 C3 (moyenne)<\/p>\n<\/li>\n<li data-start=\"468\" data-end=\"521\">\n<p data-start=\"471\" data-end=\"521\">Conception de la vanne sans entretien, r\u00e9duisant les temps d'arr\u00eat<\/p>\n<\/li>\n<\/ul>\n<p data-start=\"1613\" data-end=\"1748\" class=\"translation-block\"><strong data-start=\"1613\" data-end=\"1630\">Applications :<\/strong><br data-start=\"1630\" data-end=\"1633\">Utilis\u00e9s dans <strong data-start=\"1641\" data-end=\"1657\">les syst\u00e8mes CVC<\/strong>, <strong data-start=\"1659\" data-end=\"1678\">le traitement de l'eau<\/strong>, <strong data-start=\"1680\" data-end=\"1701\">installations industrielles<\/strong>, et <strong data-start=\"1707\" data-end=\"1747\">syst\u00e8mes de contr\u00f4le du d\u00e9bit \u00e0 usage g\u00e9n\u00e9ral<\/strong>.<\/p>","protected":false},"excerpt":{"rendered":"<p data-start=\"230\" data-end=\"397\">Vanne papillon en fonte ductile semi-coll\u00e9e durable, con\u00e7ue pour une longue dur\u00e9e de vie, une excellente r\u00e9sistance \u00e0 la corrosion et un fonctionnement ais\u00e9 dans diverses applications industrielles.<\/p>","protected":false},"featured_media":7869,"template":"","meta":{"content-type":""},"product_brand":[],"product_cat":[115,504],"product_tag":[],"class_list":{"0":"post-7868","1":"product","2":"type-product","3":"status-publish","4":"has-post-thumbnail","6":"product_cat-valves","7":"product_cat-butterfly-valves","9":"first","10":"instock","11":"shipping-taxable","12":"product-type-simple"},"_links":{"self":[{"href":"https:\/\/niagarapumps.ca\/fr\/wp-json\/wp\/v2\/product\/7868","targetHints":{"allow":["GET"]}}],"collection":[{"href":"https:\/\/niagarapumps.ca\/fr\/wp-json\/wp\/v2\/product"}],"about":[{"href":"https:\/\/niagarapumps.ca\/fr\/wp-json\/wp\/v2\/types\/product"}],"wp:featuredmedia":[{"embeddable":true,"href":"https:\/\/niagarapumps.ca\/fr\/wp-json\/wp\/v2\/media\/7869"}],"wp:attachment":[{"href":"https:\/\/niagarapumps.ca\/fr\/wp-json\/wp\/v2\/media?parent=7868"}],"wp:term":[{"taxonomy":"product_brand","embeddable":true,"href":"https:\/\/niagarapumps.ca\/fr\/wp-json\/wp\/v2\/product_brand?post=7868"},{"taxonomy":"product_cat","embeddable":true,"href":"https:\/\/niagarapumps.ca\/fr\/wp-json\/wp\/v2\/product_cat?post=7868"},{"taxonomy":"product_tag","embeddable":true,"href":"https:\/\/niagarapumps.ca\/fr\/wp-json\/wp\/v2\/product_tag?post=7868"}],"curies":[{"name":"wp","href":"https:\/\/api.w.org\/{rel}","templated":true}]}}