{"id":7873,"date":"2025-10-17T16:04:01","date_gmt":"2025-10-17T16:04:01","guid":{"rendered":"https:\/\/niagarapumps.ca\/?post_type=product&#038;p=7873"},"modified":"2026-01-14T10:17:20","modified_gmt":"2026-01-14T10:17:20","slug":"vanne-papillon-niagara-modeles-ffs80-ffs80g","status":"publish","type":"product","link":"https:\/\/niagarapumps.ca\/fr\/product\/niagara-butterfly-valve-models-ffs80-ffs80g\/","title":{"rendered":"Robinet \u00e0 papillon NIAGARA - Mod\u00e8les FFS80 &amp; FFS80G"},"content":{"rendered":"<p data-start=\"433\" data-end=\"957\" class=\"translation-block\"><strong data-start=\"433\" data-end=\"484\">Vanne papillon NIAGARA - Mod\u00e8les FFS80 &amp; FFS80G<\/strong><br data-start=\"484\" data-end=\"487\">Les mod\u00e8les FFS80 et FFS80G sont des <strong data-start=\"519\" data-end=\"550\">vannes papillon de type wafer<\/strong> fabriqu\u00e9es en <strong data-start=\"561\" data-end=\"577\">fonte ductile<\/strong>, con\u00e7ues pour des performances fiables dans les syst\u00e8mes de distribution d'eau, de chauffage, de ventilation et de climatisation et les syst\u00e8mes industriels.<br data-start=\"654\" data-end=\"657\">Leur <strong data-start=\"663\" data-end=\"709\">conception compacte avec plaque \u00e0 encoche int\u00e9gr\u00e9e<\/strong> permet d'\u00e9conomiser de l'espace d'installation, tandis que la <strong data-start=\"746\" data-end=\"767\">tige anti-souffle<\/strong> assure un fonctionnement s\u00fbr et fiable.<br data-start=\"806\" data-end=\"809\">Un <strong data-start=\"811\" data-end=\"841\">rev\u00eatement \u00e9poxy enti\u00e8rement coll\u00e9<\/strong> offre une r\u00e9sistance exceptionnelle \u00e0 la corrosion, ce qui rend ces vannes id\u00e9ales pour les environnements de niveau moyen (protection C3).<\/p>\n<p data-start=\"959\" data-end=\"990\"><strong data-start=\"959\" data-end=\"988\">Sp\u00e9cifications techniques :<\/strong><\/p>\n<ul data-start=\"991\" data-end=\"1208\">\n<li data-start=\"991\" data-end=\"1066\">\n<p data-start=\"993\" data-end=\"1004\"><strong data-start=\"993\" data-end=\"1002\">Taille :<\/strong><\/p>\n<ul data-start=\"1007\" data-end=\"1066\">\n<li data-start=\"1007\" data-end=\"1035\">\n<p data-start=\"1009\" data-end=\"1035\">FFig. 970 : 50mm \u00e0 200mm<\/p>\n<\/li>\n<li data-start=\"1038\" data-end=\"1066\">\n<p data-start=\"1040\" data-end=\"1066\">Fig. 970G : 50mm \u00e0 600mm<\/p>\n<\/li>\n<\/ul>\n<\/li>\n<li data-start=\"1067\" data-end=\"1096\">\n<p data-start=\"1069\" data-end=\"1096\"><strong data-start=\"1069\" data-end=\"1089\">Pression nominale :<\/strong> PN16<\/p>\n<\/li>\n<li data-start=\"1097\" data-end=\"1177\">\n<p data-start=\"1099\" data-end=\"1177\"><strong data-start=\"1099\" data-end=\"1119\">Connexions d'extr\u00e9mit\u00e9 : <\/strong>Pour les raccords \u00e0 bride BS EN 1092-2 PN16<\/p>\n<\/li>\n<li data-start=\"1178\" data-end=\"1208\">\n<p data-start=\"1180\" data-end=\"1208\"><strong data-start=\"1180\" data-end=\"1193\">Mat\u00e9riau :<\/strong> Fonte ductile<\/p>\n<\/li>\n<\/ul>\n<p data-start=\"1210\" data-end=\"1225\"><strong data-start=\"1210\" data-end=\"1223\">Caract\u00e9ristiques :<\/strong><\/p>\n<ul>\n<li data-start=\"57\" data-end=\"114\">\n<p data-start=\"60\" data-end=\"114\">Corps de vanne robuste en fonte ductile pour une longue dur\u00e9e de vie<\/p>\n<\/li>\n<li data-start=\"115\" data-end=\"168\">\n<p data-start=\"118\" data-end=\"168\">Plaque \u00e0 encoche int\u00e9gr\u00e9e pour une conception plus compacte<\/p>\n<\/li>\n<li data-start=\"169\" data-end=\"240\">\n<p data-start=\"172\" data-end=\"240\">La conception de la tige anti-\u00e9clatement assure un fonctionnement s\u00fbr et s\u00e9curis\u00e9.<\/p>\n<\/li>\n<li data-start=\"241\" data-end=\"311\">\n<p data-start=\"244\" data-end=\"311\">Syst\u00e8me de peinture \u00e9poxy enti\u00e8rement coll\u00e9 pour une r\u00e9sistance sup\u00e9rieure \u00e0 la corrosion<\/p>\n<\/li>\n<li data-start=\"312\" data-end=\"401\">\n<p data-start=\"315\" data-end=\"401\">Convient aux applications n\u00e9cessitant une protection contre la corrosion de niveau 3 C3 (moyenne)<\/p>\n<\/li>\n<li data-start=\"402\" data-end=\"455\">\n<p data-start=\"405\" data-end=\"455\">Conception de la vanne sans entretien, r\u00e9duisant les temps d'arr\u00eat<\/p>\n<\/li>\n<\/ul>\n<p data-start=\"1589\" data-end=\"1740\" class=\"translation-block\"><strong data-start=\"1589\" data-end=\"1606\">Applications :<\/strong><br data-start=\"1606\" data-end=\"1609\">Convient pour <strong data-start=\"1622\" data-end=\"1644\">la distribution d'eau<\/strong>, <strong data-start=\"1646\" data-end=\"1673\">les syst\u00e8mes d'\u00e9coulement industriels<\/strong>, <strong data-start=\"1675\" data-end=\"1697\">installations de CVC<\/strong>, et <strong data-start=\"1703\" data-end=\"1739\">contr\u00f4le des canalisations \u00e0 usage g\u00e9n\u00e9ral<\/strong>.<\/p>","protected":false},"excerpt":{"rendered":"<p data-start=\"224\" data-end=\"392\">Vanne papillon durable en fonte ductile de type wafer, con\u00e7ue pour une longue dur\u00e9e de vie, une installation compacte et une excellente r\u00e9sistance \u00e0 la corrosion dans les applications moyennes.<\/p>","protected":false},"featured_media":7874,"template":"","meta":{"content-type":""},"product_brand":[],"product_cat":[115,504],"product_tag":[],"class_list":{"0":"post-7873","1":"product","2":"type-product","3":"status-publish","4":"has-post-thumbnail","6":"product_cat-valves","7":"product_cat-butterfly-valves","9":"first","10":"instock","11":"shipping-taxable","12":"product-type-simple"},"_links":{"self":[{"href":"https:\/\/niagarapumps.ca\/fr\/wp-json\/wp\/v2\/product\/7873","targetHints":{"allow":["GET"]}}],"collection":[{"href":"https:\/\/niagarapumps.ca\/fr\/wp-json\/wp\/v2\/product"}],"about":[{"href":"https:\/\/niagarapumps.ca\/fr\/wp-json\/wp\/v2\/types\/product"}],"wp:featuredmedia":[{"embeddable":true,"href":"https:\/\/niagarapumps.ca\/fr\/wp-json\/wp\/v2\/media\/7874"}],"wp:attachment":[{"href":"https:\/\/niagarapumps.ca\/fr\/wp-json\/wp\/v2\/media?parent=7873"}],"wp:term":[{"taxonomy":"product_brand","embeddable":true,"href":"https:\/\/niagarapumps.ca\/fr\/wp-json\/wp\/v2\/product_brand?post=7873"},{"taxonomy":"product_cat","embeddable":true,"href":"https:\/\/niagarapumps.ca\/fr\/wp-json\/wp\/v2\/product_cat?post=7873"},{"taxonomy":"product_tag","embeddable":true,"href":"https:\/\/niagarapumps.ca\/fr\/wp-json\/wp\/v2\/product_tag?post=7873"}],"curies":[{"name":"wp","href":"https:\/\/api.w.org\/{rel}","templated":true}]}}