{"id":7881,"date":"2025-10-17T16:14:23","date_gmt":"2025-10-17T16:14:23","guid":{"rendered":"https:\/\/niagarapumps.ca\/?post_type=product&#038;p=7881"},"modified":"2026-01-14T10:24:42","modified_gmt":"2026-01-14T10:24:42","slug":"niagara-butterfly-valve-models-ffsd80-ffsd80g","status":"publish","type":"product","link":"https:\/\/niagarapumps.ca\/fr\/product\/niagara-butterfly-valve-models-ffsd80-ffsd80g\/","title":{"rendered":"Robinet \u00e0 papillon NIAGARA - Mod\u00e8les FFSD80 &amp; FFSD80G"},"content":{"rendered":"<p data-start=\"425\" data-end=\"995\" class=\"translation-block\"><strong data-start=\"425\" data-end=\"478\">Vanne papillon NIAGARA - Mod\u00e8les FFSD80 &amp; FFSD80G<\/strong><br data-start=\"478\" data-end=\"481\">Les vannes papillon FFSD80 et FFSD80G sont <strong data-start=\"525\" data-end=\"560\">des vannes en fonte ductile semi-lugg\u00e9es<\/strong> con\u00e7ues pour la fiabilit\u00e9, l'installation facile et le fonctionnement efficace dans les syst\u00e8mes d'alimentation en eau, HVAC, et les syst\u00e8mes industriels.<br data-start=\"678\" data-end=\"681\">Elles sont <strong data-start=\"690\" data-end=\"707\">approuv\u00e9es par le WRAS<\/strong> pour les applications d'eau potable entre -10\u00b0C et 80\u00b0C, garantissant la conformit\u00e9 avec les normes de sant\u00e9 et de s\u00e9curit\u00e9.<br data-start=\"814\" data-end=\"817\">Les vannes sont dot\u00e9es d'une <strong data-start=\"838\" data-end=\"861\">plaque \u00e0 encoche compacte<\/strong>, d'une <strong data-start=\"863\" data-end=\"891\">tige anti-souffle<\/strong> et d'un <strong data-start=\"897\" data-end=\"927\">rev\u00eatement enti\u00e8rement li\u00e9 \u00e0 l'\u00e9poxy<\/strong> pour offrir une s\u00e9curit\u00e9, une durabilit\u00e9 et une protection contre la corrosion de qualit\u00e9 sup\u00e9rieure.<\/p>\n<p data-start=\"997\" data-end=\"1028\"><strong data-start=\"997\" data-end=\"1026\">Sp\u00e9cifications techniques :<\/strong><\/p>\n<ul data-start=\"1029\" data-end=\"1341\">\n<li data-start=\"1029\" data-end=\"1105\">\n<p data-start=\"1031\" data-end=\"1042\"><strong data-start=\"1031\" data-end=\"1040\">Taille :<\/strong><\/p>\n<ul data-start=\"1045\" data-end=\"1105\">\n<li data-start=\"1045\" data-end=\"1073\">\n<p data-start=\"1047\" data-end=\"1073\">Fig. 950W : 50mm \u00e0 200mm<\/p>\n<\/li>\n<li data-start=\"1076\" data-end=\"1105\">\n<p data-start=\"1078\" data-end=\"1105\">Fig. 950WG : 50mm \u00e0 600mm<\/p>\n<\/li>\n<\/ul>\n<\/li>\n<li data-start=\"1106\" data-end=\"1135\">\n<p data-start=\"1108\" data-end=\"1135\"><strong data-start=\"1108\" data-end=\"1128\">Pression nominale :<\/strong> PN16<\/p>\n<\/li>\n<li data-start=\"1136\" data-end=\"1166\">\n<p data-start=\"1138\" data-end=\"1166\"><strong data-start=\"1138\" data-end=\"1151\">Mat\u00e9riau :<\/strong> Fonte ductile<\/p>\n<\/li>\n<li data-start=\"1136\" data-end=\"1166\"><strong data-start=\"734\" data-end=\"754\">Connexions d'extr\u00e9mit\u00e9 : <\/strong>Pour les raccords \u00e0 bride BS EN 1092-2 PN16<\/li>\n<\/ul>\n<p data-start=\"1343\" data-end=\"1358\"><strong data-start=\"1343\" data-end=\"1356\">Caract\u00e9ristiques :<\/strong><\/p>\n<ul>\n<li data-start=\"59\" data-end=\"116\">\n<p data-start=\"62\" data-end=\"116\">Corps de vanne robuste en fonte ductile pour une longue dur\u00e9e de vie<\/p>\n<\/li>\n<li data-start=\"117\" data-end=\"166\">\n<p data-start=\"120\" data-end=\"166\">Corps de vanne enti\u00e8rement \u00e0 oreilles pour un fonctionnement s\u00fbr<\/p>\n<\/li>\n<li data-start=\"167\" data-end=\"238\">\n<p data-start=\"170\" data-end=\"238\">La conception de la tige anti-\u00e9clatement assure un fonctionnement s\u00fbr et s\u00e9curis\u00e9.<\/p>\n<\/li>\n<li data-start=\"239\" data-end=\"309\">\n<p data-start=\"242\" data-end=\"309\">Syst\u00e8me de peinture \u00e9poxy enti\u00e8rement coll\u00e9 pour une r\u00e9sistance sup\u00e9rieure \u00e0 la corrosion<\/p>\n<\/li>\n<li data-start=\"310\" data-end=\"398\">\n<p data-start=\"313\" data-end=\"398\">Convient aux applications n\u00e9cessitant une protection contre la corrosion de niveau 3 C3 (moyenne)<\/p>\n<\/li>\n<li data-start=\"399\" data-end=\"452\">\n<p data-start=\"402\" data-end=\"452\">Conception de la vanne sans entretien, r\u00e9duisant les temps d'arr\u00eat<\/p>\n<\/li>\n<li data-start=\"453\" data-end=\"530\">\n<p data-start=\"456\" data-end=\"530\">Les vannes peuvent \u00eatre utilis\u00e9es avec des brides conformes \u00e0 la norme BS EN 1092-2 PN16.<\/p>\n<\/li>\n<li data-start=\"531\" data-end=\"553\">\n<p data-start=\"534\" data-end=\"553\">Soupape conforme \u00e0 la norme BS EN593<\/p>\n<\/li>\n<li data-start=\"554\" data-end=\"607\">\n<p data-start=\"557\" data-end=\"607\">Arbres en acier inoxydable 420 pour une r\u00e9sistance sup\u00e9rieure<\/p>\n<\/li>\n<\/ul>\n<p data-start=\"1836\" data-end=\"1979\" class=\"translation-block\"><strong data-start=\"1836\" data-end=\"1853\">Applications :<\/strong><br data-start=\"1853\" data-end=\"1856\">Utilis\u00e9es pour <strong data-start=\"1865\" data-end=\"1890\">les r\u00e9seaux d'eau potable<\/strong>, <strong data-start=\"1892\" data-end=\"1916\">les canalisations industrielles<\/strong>, <strong data-start=\"1918\" data-end=\"1935\">r\u00e9seaux CVC<\/strong>, et <strong data-start=\"1941\" data-end=\"1965\">applications g\u00e9n\u00e9rales de contr\u00f4le du d\u00e9bit<\/strong>.<\/p>","protected":false},"excerpt":{"rendered":"<p data-start=\"235\" data-end=\"384\">Vanne papillon en fonte ductile semi-accommod\u00e9e approuv\u00e9e par le WRAS, con\u00e7ue pour une durabilit\u00e9 \u00e0 long terme, un service d'eau potable et des performances r\u00e9sistantes \u00e0 la corrosion.<\/p>","protected":false},"featured_media":7882,"template":"","meta":{"content-type":""},"product_brand":[],"product_cat":[115,504],"product_tag":[],"class_list":{"0":"post-7881","1":"product","2":"type-product","3":"status-publish","4":"has-post-thumbnail","6":"product_cat-valves","7":"product_cat-butterfly-valves","9":"first","10":"instock","11":"shipping-taxable","12":"product-type-simple"},"_links":{"self":[{"href":"https:\/\/niagarapumps.ca\/fr\/wp-json\/wp\/v2\/product\/7881","targetHints":{"allow":["GET"]}}],"collection":[{"href":"https:\/\/niagarapumps.ca\/fr\/wp-json\/wp\/v2\/product"}],"about":[{"href":"https:\/\/niagarapumps.ca\/fr\/wp-json\/wp\/v2\/types\/product"}],"wp:featuredmedia":[{"embeddable":true,"href":"https:\/\/niagarapumps.ca\/fr\/wp-json\/wp\/v2\/media\/7882"}],"wp:attachment":[{"href":"https:\/\/niagarapumps.ca\/fr\/wp-json\/wp\/v2\/media?parent=7881"}],"wp:term":[{"taxonomy":"product_brand","embeddable":true,"href":"https:\/\/niagarapumps.ca\/fr\/wp-json\/wp\/v2\/product_brand?post=7881"},{"taxonomy":"product_cat","embeddable":true,"href":"https:\/\/niagarapumps.ca\/fr\/wp-json\/wp\/v2\/product_cat?post=7881"},{"taxonomy":"product_tag","embeddable":true,"href":"https:\/\/niagarapumps.ca\/fr\/wp-json\/wp\/v2\/product_tag?post=7881"}],"curies":[{"name":"wp","href":"https:\/\/api.w.org\/{rel}","templated":true}]}}