{"id":7887,"date":"2025-10-17T16:21:24","date_gmt":"2025-10-17T16:21:24","guid":{"rendered":"https:\/\/niagarapumps.ca\/?post_type=product&#038;p=7887"},"modified":"2026-01-14T10:54:04","modified_gmt":"2026-01-14T10:54:04","slug":"niagara-butterfly-valve-model-ffsd150","status":"publish","type":"product","link":"https:\/\/niagarapumps.ca\/fr\/product\/niagara-butterfly-valve-model-ffsd150\/","title":{"rendered":"Robinet \u00e0 papillon NIAGARA - Mod\u00e8le FFSD150"},"content":{"rendered":"<p data-start=\"407\" data-end=\"961\" class=\"translation-block\"><strong data-start=\"407\" data-end=\"450\">Vanne papillon NIAGARA - Mod\u00e8le FFSD150<\/strong><br data-start=\"450\" data-end=\"453\">Le FFSD150 est une <strong data-start=\"470\" data-end=\"515\">vanne papillon en fonte ductile \u00e0 oreilles jointives<\/strong> conforme \u00e0 <strong data-start=\"530\" data-end=\"543\">BS EN 593<\/strong>, con\u00e7u pour la durabilit\u00e9, la pr\u00e9cision et la longue dur\u00e9e de vie dans les applications exigeantes.<br data-start=\"631\" data-end=\"634\">Son <strong data-start=\"638\" data-end=\"667\">classe 150 de pression nominale<\/strong> assure un fonctionnement fiable dans les syst\u00e8mes \u00e0 pression mod\u00e9r\u00e9e \u00e0 \u00e9lev\u00e9e, tandis que le <strong data-start=\"746\" data-end=\"767\">corps en fonte ductile<\/strong> offre robustesse et r\u00e9sistance \u00e0 la corrosion.<br data-start=\"809\" data-end=\"812\">Id\u00e9al pour la distribution d'eau, les syst\u00e8mes CVC et le contr\u00f4le des processus industriels, ce mod\u00e8le offre des performances constantes et une capacit\u00e9 de fermeture \u00e9tanche.<\/p>\n<p data-start=\"963\" data-end=\"994\"><strong data-start=\"963\" data-end=\"992\">Sp\u00e9cifications techniques :<\/strong><\/p>\n<ul data-start=\"995\" data-end=\"1254\">\n<li data-start=\"995\" data-end=\"1029\">\n<p data-start=\"997\" data-end=\"1029\"><strong data-start=\"997\" data-end=\"1017\">Pression nominale :<\/strong> Classe 150<\/p>\n<\/li>\n<li data-start=\"1030\" data-end=\"1119\">\n<p data-start=\"1032\" data-end=\"1057\"><strong data-start=\"1032\" data-end=\"1055\">Pression de fonctionnement :<\/strong><\/p>\n<ul data-start=\"1060\" data-end=\"1119\">\n<li data-start=\"1060\" data-end=\"1094\">\n<p data-start=\"1062\" data-end=\"1094\">19,65 bar de -10\u00b0C \u00e0 37,8\u00b0C<\/p>\n<\/li>\n<li data-start=\"1097\" data-end=\"1119\">\n<p data-start=\"1099\" data-end=\"1119\">16,93 bar \u00e0 120\u00b0C<\/p>\n<\/li>\n<\/ul>\n<\/li>\n<li data-start=\"1120\" data-end=\"1150\">\n<p data-start=\"1122\" data-end=\"1150\"><strong data-start=\"1122\" data-end=\"1135\">Mat\u00e9riau :<\/strong> Fonte ductile<\/p>\n<\/li>\n<li data-start=\"1151\" data-end=\"1215\">\n<p data-start=\"1153\" data-end=\"1173\"><strong data-start=\"1153\" data-end=\"1171\">Pression d'essai :<\/strong><\/p>\n<ul data-start=\"1176\" data-end=\"1215\">\n<li data-start=\"1176\" data-end=\"1194\">\n<p data-start=\"1178\" data-end=\"1194\">Corps : 29,5 bars<\/p>\n<\/li>\n<li data-start=\"1197\" data-end=\"1215\">\n<p data-start=\"1199\" data-end=\"1215\">Si\u00e8ge : 21,6 bars<\/p>\n<\/li>\n<\/ul>\n<\/li>\n<\/ul>\n<p data-start=\"1256\" data-end=\"1271\"><strong data-start=\"1256\" data-end=\"1269\">Caract\u00e9ristiques :<\/strong><\/p>\n<ul>\n<li data-start=\"50\" data-end=\"106\">\n<p data-start=\"53\" data-end=\"106\">Vanne papillon \u00e0 oreilles en fonte ductile classe 150<\/p>\n<\/li>\n<li data-start=\"107\" data-end=\"143\">\n<p data-start=\"110\" data-end=\"143\">G\u00e9n\u00e9ralement conforme \u00e0 la norme BS EN 593<\/p>\n<\/li>\n<\/ul>\n<p data-start=\"1622\" data-end=\"1794\" class=\"translation-block\"><strong data-start=\"1622\" data-end=\"1639\">Applications :<\/strong><br data-start=\"1639\" data-end=\"1642\">Parfait pour les <strong data-start=\"1654\" data-end=\"1670\">syst\u00e8mes CVC<\/strong>, <strong data-start=\"1672\" data-end=\"1694\">conduites d'alimentation en eau<\/strong>, <strong data-start=\"1696\" data-end=\"1721\">traitement industriel<\/strong>, et <strong data-start=\"1727\" data-end=\"1746\">syst\u00e8mes de pompage<\/strong> o\u00f9 la r\u00e9sistance et l'\u00e9tanch\u00e9it\u00e9 sont essentielles.<\/p>","protected":false},"excerpt":{"rendered":"<p data-start=\"232\" data-end=\"366\">Vanne papillon haute performance en fonte ductile enti\u00e8rement bagu\u00e9e, con\u00e7ue pour r\u00e9pondre aux normes de la classe 150 pour un contr\u00f4le robuste et fiable du d\u00e9bit.<\/p>","protected":false},"featured_media":7888,"template":"","meta":{"content-type":""},"product_brand":[],"product_cat":[115,504],"product_tag":[],"class_list":{"0":"post-7887","1":"product","2":"type-product","3":"status-publish","4":"has-post-thumbnail","6":"product_cat-valves","7":"product_cat-butterfly-valves","9":"first","10":"instock","11":"shipping-taxable","12":"product-type-simple"},"_links":{"self":[{"href":"https:\/\/niagarapumps.ca\/fr\/wp-json\/wp\/v2\/product\/7887","targetHints":{"allow":["GET"]}}],"collection":[{"href":"https:\/\/niagarapumps.ca\/fr\/wp-json\/wp\/v2\/product"}],"about":[{"href":"https:\/\/niagarapumps.ca\/fr\/wp-json\/wp\/v2\/types\/product"}],"wp:featuredmedia":[{"embeddable":true,"href":"https:\/\/niagarapumps.ca\/fr\/wp-json\/wp\/v2\/media\/7888"}],"wp:attachment":[{"href":"https:\/\/niagarapumps.ca\/fr\/wp-json\/wp\/v2\/media?parent=7887"}],"wp:term":[{"taxonomy":"product_brand","embeddable":true,"href":"https:\/\/niagarapumps.ca\/fr\/wp-json\/wp\/v2\/product_brand?post=7887"},{"taxonomy":"product_cat","embeddable":true,"href":"https:\/\/niagarapumps.ca\/fr\/wp-json\/wp\/v2\/product_cat?post=7887"},{"taxonomy":"product_tag","embeddable":true,"href":"https:\/\/niagarapumps.ca\/fr\/wp-json\/wp\/v2\/product_tag?post=7887"}],"curies":[{"name":"wp","href":"https:\/\/api.w.org\/{rel}","templated":true}]}}